{"id":3316,"date":"2021-06-01T17:56:34","date_gmt":"2021-06-01T15:56:34","guid":{"rendered":"https:\/\/itmfilters.com\/politique-en-matiere-de-cookies\/"},"modified":"2021-06-01T17:56:34","modified_gmt":"2021-06-01T15:56:34","slug":"politique-en-matiere-de-cookies","status":"publish","type":"page","link":"https:\/\/itmfilters.com\/fr\/politique-en-matiere-de-cookies\/","title":{"rendered":"Politique en mati\u00e8re de cookies"},"content":{"rendered":"<p><script id=\"CookieDeclaration\" src=\"https:\/\/consent.cookiebot.com\/7ff37ff1-a7ea-4250-9994-2df258da35be\/cd.js\" type=\"text\/javascript\" async><\/script><\/p>\n<h2>TYPES DE COOKIES<\/h2>\n<p>Les cookies peuvent \u00eatre class\u00e9s comme suit :<\/p>\n<h3>Les cookies selon l&rsquo;entit\u00e9 qui les g\u00e8re :<\/h3>\n<p>1.- <strong>Cookies de premi\u00e8re partie :<\/strong> Ce sont ceux qui sont envoy\u00e9s \u00e0 l&rsquo;\u00e9quipement terminal de l&rsquo;utilisateur depuis un ordinateur ou un domaine g\u00e9r\u00e9 par l&rsquo;\u00e9diteur lui-m\u00eame et \u00e0 partir duquel le service demand\u00e9 par l&rsquo;utilisateur est fourni.<\/p>\n<p>2.- <strong>Cookies de tiers : <\/strong>Ce sont ceux qui sont envoy\u00e9s \u00e0 l&rsquo;\u00e9quipement terminal de l&rsquo;utilisateur depuis un ordinateur ou un domaine qui n&rsquo;est pas g\u00e9r\u00e9 par l&rsquo;\u00e9diteur, mais par une autre entit\u00e9 qui traite les donn\u00e9es obtenues \u00e0 travers les cookies.<\/p>\n<p><strong>Cookies en fonction du but recherch\u00e9 :<\/strong><\/p>\n<p>1.- <strong>Cookies n\u00e9cessaires ou techniques :<\/strong> sont ceux qui permettent \u00e0 l&rsquo;utilisateur de naviguer sur un site web, une plateforme ou une application et l&rsquo;utilisation des diff\u00e9rentes options ou services qui y existent, y compris ceux que l&rsquo;\u00e9diteur utilise pour permettre la gestion et le fonctionnement du site web et permettre ses fonctions et services.<\/p>\n<p>2.- <strong>Cookies de pr\u00e9f\u00e9rence ou de personnalisation :<\/strong> il s&rsquo;agit de cookies qui permettent de m\u00e9moriser des informations afin que l&rsquo;utilisateur puisse acc\u00e9der au service avec certaines caract\u00e9ristiques qui peuvent diff\u00e9rencier son exp\u00e9rience de celle des autres utilisateurs.<\/p>\n<p>3.- <strong>Cookies statistiques, d&rsquo;analyse ou de mesure :<\/strong> ces cookies permettent \u00e0 la partie qui en est responsable de suivre et d&rsquo;analyser le comportement des utilisateurs des sites web auxquels ils sont li\u00e9s.<\/p>\n<p>4.- <strong>Cookies de marketing ou de publicit\u00e9 comportementale :<\/strong> il s&rsquo;agit de cookies qui stockent des informations sur le comportement des utilisateurs obtenues par l&rsquo;observation continue de leurs habitudes de navigation, ce qui permet de d\u00e9velopper un profil sp\u00e9cifique afin d&rsquo;afficher des publicit\u00e9s bas\u00e9es sur ce dernier.<\/p>\n<p><strong>Les cookies en fonction de leur dur\u00e9e d&rsquo;activation :<\/strong><\/p>\n<p>1.- <strong>Les cookies de session: <\/strong>ce sont ceux qui sont con\u00e7us pour collecter et stocker des donn\u00e9es pendant que l&rsquo;utilisateur acc\u00e8de \u00e0 une page web.<\/p>\n<p>2.- <strong>Cookies persistants: <\/strong>il s&rsquo;agit de cookies dans lesquels les donn\u00e9es restent stock\u00e9es dans le terminal et peuvent \u00eatre consult\u00e9es et trait\u00e9es pendant une p\u00e9riode d\u00e9finie par la partie responsable du cookie, qui peut aller de quelques minutes \u00e0 plusieurs ann\u00e9es.<\/p>\n<h3>R\u00c9VOCATION ET SUPPRESSION DES COOKIES<\/h3>\n<p>Lorsque vous acc\u00e9dez \u00e0 notre site web pour la premi\u00e8re fois, vous pouvez accepter ou refuser l&rsquo;utilisation de tous nos cookies ou, si vous pr\u00e9f\u00e9rez, vous pouvez acc\u00e9der \u00e0 la configuration et accepter les cookies en fonction de leur type, \u00e0 l&rsquo;exception des cookies techniques, qui ne n\u00e9cessitent pas le consentement de l&rsquo;utilisateur. Vous pouvez modifier vos pr\u00e9f\u00e9rences \u00e0 tout moment en acc\u00e9dant \u00e0 notre panneau de configuration.<\/p>\n<p>En outre, vous pouvez acc\u00e9der aux param\u00e8tres de votre navigateur pour restreindre, bloquer ou supprimer les cookies en suivant l&rsquo;une des proc\u00e9dures suivantes, en fonction du navigateur que vous utilisez :<\/p>\n<p><strong>Google Chrome<\/strong><\/p>\n<p><a href=\"https:\/\/support.google.com\/chrome\/answer\/95647?hl=es\">https:\/\/support.google.com\/chrome\/answer\/95647?hl=es <\/a><\/p>\n<p><strong>Microsoft Internet Explorer<\/strong><\/p>\n<p><a href=\"https:\/\/support.microsoft.com\/es-es\/help\/17442\/windows-internet-explorer-delete-manage-cookies#ie=ie-9\">http:\/\/windows.microsoft.com\/es-es\/internet-explorer\/delete-manage-cookies#ie=ie-9 <\/a><\/p>\n<p><strong>Firefox<\/strong><br \/>\n<a href=\"http:\/\/support.mozilla.org\/es\/kb\/habilitar-y-deshabilitar-cookies-que-los-sitios-we\">http:\/\/support.mozilla.org\/es\/kb\/habilitar-y-deshabilitar-cookies-que-los-sitios-we <\/a><\/p>\n<p><strong>Safari , iPad e iPhone<\/strong><br \/>\n<a href=\"https:\/\/support.apple.com\/es-es\/HT201265\">https:\/\/support.apple.com\/es-es\/HT201265<\/a><\/p>\n<p><strong>Opera<\/strong><br \/>\n<a href=\"http:\/\/help.opera.com\/Linux\/10.60\/es-ES\/cookies.html\">http:\/\/help.opera.com\/Linux\/10.60\/es-ES\/cookies.html <\/a><\/p>\n","protected":false},"excerpt":{"rendered":"<p>TYPES DE COOKIES Les cookies peuvent \u00eatre class\u00e9s comme suit : Les cookies selon l&rsquo;entit\u00e9 qui les g\u00e8re : 1.- Cookies de premi\u00e8re partie : Ce sont ceux qui sont envoy\u00e9s \u00e0 l&rsquo;\u00e9quipement terminal de l&rsquo;utilisateur depuis un ordinateur ou un domaine g\u00e9r\u00e9 par l&rsquo;\u00e9diteur lui-m\u00eame et \u00e0 partir duquel le service demand\u00e9 par l&rsquo;utilisateur &hellip;<\/p>\n<p class=\"read-more\"> <a class=\"\" href=\"https:\/\/itmfilters.com\/fr\/politique-en-matiere-de-cookies\/\"> <span class=\"screen-reader-text\">Politique en mati\u00e8re de cookies<\/span> Lire la suite\u00a0\u00bb<\/a><\/p>\n","protected":false},"author":2,"featured_media":0,"parent":0,"menu_order":0,"comment_status":"closed","ping_status":"closed","template":"","meta":{"site-sidebar-layout":"default","site-content-layout":"default","ast-global-header-display":"","ast-main-header-display":"","ast-hfb-above-header-display":"","ast-hfb-below-header-display":"","ast-hfb-mobile-header-display":"","site-post-title":"","ast-breadcrumbs-content":"","ast-featured-img":"","footer-sml-layout":"","theme-transparent-header-meta":"default","adv-header-id-meta":"","stick-header-meta":"","header-above-stick-meta":"","header-main-stick-meta":"","header-below-stick-meta":""},"yoast_head":"<!-- This site is optimized with the Yoast SEO plugin v20.9 - https:\/\/yoast.com\/wordpress\/plugins\/seo\/ -->\n<title>Politique en mati\u00e8re de cookies | ITM Filters<\/title>\n<meta name=\"robots\" content=\"noindex, follow\" \/>\n<meta property=\"og:locale\" content=\"fr_FR\" \/>\n<meta property=\"og:type\" content=\"article\" \/>\n<meta property=\"og:title\" content=\"Politique en mati\u00e8re de cookies | ITM Filters\" \/>\n<meta property=\"og:description\" content=\"TYPES DE COOKIES Les cookies peuvent \u00eatre class\u00e9s comme suit : Les cookies selon l&rsquo;entit\u00e9 qui les g\u00e8re : 1.- Cookies de premi\u00e8re partie : Ce sont ceux qui sont envoy\u00e9s \u00e0 l&rsquo;\u00e9quipement terminal de l&rsquo;utilisateur depuis un ordinateur ou un domaine g\u00e9r\u00e9 par l&rsquo;\u00e9diteur lui-m\u00eame et \u00e0 partir duquel le service demand\u00e9 par l&rsquo;utilisateur &hellip; Politique en mati\u00e8re de cookies Lire la suite\u00a0\u00bb\" \/>\n<meta property=\"og:url\" content=\"https:\/\/itmfilters.com\/fr\/politique-en-matiere-de-cookies\/\" \/>\n<meta property=\"og:site_name\" content=\"ITM Filters\" \/>\n<meta property=\"og:image\" content=\"https:\/\/itmfilters.com\/wp-content\/uploads\/2021\/06\/icon-itm.png\" \/>\n\t<meta property=\"og:image:width\" content=\"270\" \/>\n\t<meta property=\"og:image:height\" content=\"270\" \/>\n\t<meta property=\"og:image:type\" content=\"image\/png\" \/>\n<meta name=\"twitter:card\" content=\"summary_large_image\" \/>\n<meta name=\"twitter:label1\" content=\"Dur\u00e9e de lecture estim\u00e9e\" \/>\n\t<meta name=\"twitter:data1\" content=\"3 minutes\" \/>\n<script type=\"application\/ld+json\" class=\"yoast-schema-graph\">{\"@context\":\"https:\/\/schema.org\",\"@graph\":[{\"@type\":\"WebPage\",\"@id\":\"https:\/\/itmfilters.com\/fr\/politique-en-matiere-de-cookies\/\",\"url\":\"https:\/\/itmfilters.com\/fr\/politique-en-matiere-de-cookies\/\",\"name\":\"Politique en mati\u00e8re de cookies | ITM Filters\",\"isPartOf\":{\"@id\":\"https:\/\/itmfilters.com\/en\/#website\"},\"datePublished\":\"2021-06-01T15:56:34+00:00\",\"dateModified\":\"2021-06-01T15:56:34+00:00\",\"breadcrumb\":{\"@id\":\"https:\/\/itmfilters.com\/fr\/politique-en-matiere-de-cookies\/#breadcrumb\"},\"inLanguage\":\"fr-FR\",\"potentialAction\":[{\"@type\":\"ReadAction\",\"target\":[\"https:\/\/itmfilters.com\/fr\/politique-en-matiere-de-cookies\/\"]}]},{\"@type\":\"BreadcrumbList\",\"@id\":\"https:\/\/itmfilters.com\/fr\/politique-en-matiere-de-cookies\/#breadcrumb\",\"itemListElement\":[{\"@type\":\"ListItem\",\"position\":1,\"name\":\"Portada\",\"item\":\"https:\/\/itmfilters.com\/\"},{\"@type\":\"ListItem\",\"position\":2,\"name\":\"Politique en mati\u00e8re de cookies\"}]},{\"@type\":\"WebSite\",\"@id\":\"https:\/\/itmfilters.com\/en\/#website\",\"url\":\"https:\/\/itmfilters.com\/en\/\",\"name\":\"ITM Filters\",\"description\":\"Water Solutions\",\"publisher\":{\"@id\":\"https:\/\/itmfilters.com\/en\/#organization\"},\"potentialAction\":[{\"@type\":\"SearchAction\",\"target\":{\"@type\":\"EntryPoint\",\"urlTemplate\":\"https:\/\/itmfilters.com\/en\/?s={search_term_string}\"},\"query-input\":\"required name=search_term_string\"}],\"inLanguage\":\"fr-FR\"},{\"@type\":\"Organization\",\"@id\":\"https:\/\/itmfilters.com\/en\/#organization\",\"name\":\"ITM Filters\",\"url\":\"https:\/\/itmfilters.com\/en\/\",\"logo\":{\"@type\":\"ImageObject\",\"inLanguage\":\"fr-FR\",\"@id\":\"https:\/\/itmfilters.com\/en\/#\/schema\/logo\/image\/\",\"url\":\"https:\/\/itmfilters.com\/wp-content\/uploads\/2021\/06\/icon-itm.png\",\"contentUrl\":\"https:\/\/itmfilters.com\/wp-content\/uploads\/2021\/06\/icon-itm.png\",\"width\":270,\"height\":270,\"caption\":\"ITM Filters\"},\"image\":{\"@id\":\"https:\/\/itmfilters.com\/en\/#\/schema\/logo\/image\/\"},\"sameAs\":[\"https:\/\/www.instagram.com\/itm_filters\/\",\"https:\/\/www.linkedin.com\/company\/itm-filters\/\",\"https:\/\/www.youtube.com\/channel\/UCflfBtWjNFoLkb2RlG3ZaXA\"]}]}<\/script>\n<!-- \/ Yoast SEO plugin. -->","yoast_head_json":{"title":"Politique en mati\u00e8re de cookies | ITM Filters","robots":{"index":"noindex","follow":"follow"},"og_locale":"fr_FR","og_type":"article","og_title":"Politique en mati\u00e8re de cookies | ITM Filters","og_description":"TYPES DE COOKIES Les cookies peuvent \u00eatre class\u00e9s comme suit : Les cookies selon l&rsquo;entit\u00e9 qui les g\u00e8re : 1.- Cookies de premi\u00e8re partie : Ce sont ceux qui sont envoy\u00e9s \u00e0 l&rsquo;\u00e9quipement terminal de l&rsquo;utilisateur depuis un ordinateur ou un domaine g\u00e9r\u00e9 par l&rsquo;\u00e9diteur lui-m\u00eame et \u00e0 partir duquel le service demand\u00e9 par l&rsquo;utilisateur &hellip; Politique en mati\u00e8re de cookies Lire la suite\u00a0\u00bb","og_url":"https:\/\/itmfilters.com\/fr\/politique-en-matiere-de-cookies\/","og_site_name":"ITM Filters","og_image":[{"width":270,"height":270,"url":"https:\/\/itmfilters.com\/wp-content\/uploads\/2021\/06\/icon-itm.png","type":"image\/png"}],"twitter_card":"summary_large_image","twitter_misc":{"Dur\u00e9e de lecture estim\u00e9e":"3 minutes"},"schema":{"@context":"https:\/\/schema.org","@graph":[{"@type":"WebPage","@id":"https:\/\/itmfilters.com\/fr\/politique-en-matiere-de-cookies\/","url":"https:\/\/itmfilters.com\/fr\/politique-en-matiere-de-cookies\/","name":"Politique en mati\u00e8re de cookies | ITM Filters","isPartOf":{"@id":"https:\/\/itmfilters.com\/en\/#website"},"datePublished":"2021-06-01T15:56:34+00:00","dateModified":"2021-06-01T15:56:34+00:00","breadcrumb":{"@id":"https:\/\/itmfilters.com\/fr\/politique-en-matiere-de-cookies\/#breadcrumb"},"inLanguage":"fr-FR","potentialAction":[{"@type":"ReadAction","target":["https:\/\/itmfilters.com\/fr\/politique-en-matiere-de-cookies\/"]}]},{"@type":"BreadcrumbList","@id":"https:\/\/itmfilters.com\/fr\/politique-en-matiere-de-cookies\/#breadcrumb","itemListElement":[{"@type":"ListItem","position":1,"name":"Portada","item":"https:\/\/itmfilters.com\/"},{"@type":"ListItem","position":2,"name":"Politique en mati\u00e8re de cookies"}]},{"@type":"WebSite","@id":"https:\/\/itmfilters.com\/en\/#website","url":"https:\/\/itmfilters.com\/en\/","name":"ITM Filters","description":"Water Solutions","publisher":{"@id":"https:\/\/itmfilters.com\/en\/#organization"},"potentialAction":[{"@type":"SearchAction","target":{"@type":"EntryPoint","urlTemplate":"https:\/\/itmfilters.com\/en\/?s={search_term_string}"},"query-input":"required name=search_term_string"}],"inLanguage":"fr-FR"},{"@type":"Organization","@id":"https:\/\/itmfilters.com\/en\/#organization","name":"ITM Filters","url":"https:\/\/itmfilters.com\/en\/","logo":{"@type":"ImageObject","inLanguage":"fr-FR","@id":"https:\/\/itmfilters.com\/en\/#\/schema\/logo\/image\/","url":"https:\/\/itmfilters.com\/wp-content\/uploads\/2021\/06\/icon-itm.png","contentUrl":"https:\/\/itmfilters.com\/wp-content\/uploads\/2021\/06\/icon-itm.png","width":270,"height":270,"caption":"ITM Filters"},"image":{"@id":"https:\/\/itmfilters.com\/en\/#\/schema\/logo\/image\/"},"sameAs":["https:\/\/www.instagram.com\/itm_filters\/","https:\/\/www.linkedin.com\/company\/itm-filters\/","https:\/\/www.youtube.com\/channel\/UCflfBtWjNFoLkb2RlG3ZaXA"]}]}},"_links":{"self":[{"href":"https:\/\/itmfilters.com\/fr\/wp-json\/wp\/v2\/pages\/3316"}],"collection":[{"href":"https:\/\/itmfilters.com\/fr\/wp-json\/wp\/v2\/pages"}],"about":[{"href":"https:\/\/itmfilters.com\/fr\/wp-json\/wp\/v2\/types\/page"}],"author":[{"embeddable":true,"href":"https:\/\/itmfilters.com\/fr\/wp-json\/wp\/v2\/users\/2"}],"replies":[{"embeddable":true,"href":"https:\/\/itmfilters.com\/fr\/wp-json\/wp\/v2\/comments?post=3316"}],"version-history":[{"count":0,"href":"https:\/\/itmfilters.com\/fr\/wp-json\/wp\/v2\/pages\/3316\/revisions"}],"wp:attachment":[{"href":"https:\/\/itmfilters.com\/fr\/wp-json\/wp\/v2\/media?parent=3316"}],"curies":[{"name":"wp","href":"https:\/\/api.w.org\/{rel}","templated":true}]}}