{"id":3315,"date":"2021-05-24T09:06:43","date_gmt":"2021-05-24T07:06:43","guid":{"rendered":"https:\/\/itmfilters.com\/politique-de-confidentialite\/"},"modified":"2025-11-11T19:17:06","modified_gmt":"2025-11-11T18:17:06","slug":"politique-de-confidentialite","status":"publish","type":"page","link":"https:\/\/itmfilters.com\/fr\/politique-de-confidentialite\/","title":{"rendered":"Politique de confidentialit\u00e9"},"content":{"rendered":"<p>ITM WATER SYSTEMS S.A., conform\u00e9ment aux dispositions du r\u00e8glement g\u00e9n\u00e9ral sur la protection des donn\u00e9es (RGPD 2016\/679), informe les utilisateurs du site https:\/\/itmfilters.com\/ :<\/p>\n<h3>Qui est responsable du traitement de leurs donn\u00e9es ?<\/h3>\n<p>ITM WATER SYSTEMS S.A. avec CIF A22424808 et adresse de notification \u00e0 Pol. Armentera, parcela 99, 22400 de Monz\u00f3n (Huesca).<\/p>\n<p>Vous pouvez nous contacter par t\u00e9l\u00e9phone au 974105005 ou par e-mail \u00e0 info@itmwater.com.<\/p>\n<h4>Dans quel but collectons-nous vos donn\u00e9es et quelle est la base juridique du traitement de vos donn\u00e9es ?<\/h4>\n<p>DONN\u00c9ES PERSONNELLES DES CLIENTS<\/p>\n<p>OBJECTIF BASE JURIDIQUE<\/p>\n<p>Devis des services demand\u00e9s Il s&rsquo;agit de l&rsquo;ex\u00e9cution de mesures pr\u00e9contractuelles \u00e0 la demande de la personne concern\u00e9e (devis).<\/p>\n<p>Fourniture des services demand\u00e9s Ex\u00e9cution d&rsquo;un contrat<\/p>\n<p>Gestion interne client-entreprise ITM WATER SYSTEMS S.A. a l&rsquo;obligation l\u00e9gale de respecter ses obligations fiscales.<\/p>\n<p>Gestion administrative de notre entreprise Il s&rsquo;agit de l&rsquo;ex\u00e9cution d&rsquo;un contrat.<\/p>\n<p>Facturation des services demand\u00e9s, le cas \u00e9ch\u00e9ant. ITM WATER SYSTEMS S.A. a l&rsquo;obligation l\u00e9gale de respecter ses obligations fiscales.<\/p>\n<h4>DONN\u00c9ES PERSONNELLES DES FOURNISSEURS<\/h4>\n<p>OBJECTIF BASE JURIDIQUE<\/p>\n<p>Gestion du service fourni et\/ou de la fourniture de produits C&rsquo;est l&rsquo;ex\u00e9cution d&rsquo;un contrat.<\/p>\n<p>Gestion interne de l&rsquo;entreprise-fournisseur ITM WATER SYSTEMS S.A. a l&rsquo;obligation l\u00e9gale de respecter ses obligations fiscales.<\/p>\n<p>Gestion administrative de notre entreprise Il s&rsquo;agit de l&rsquo;ex\u00e9cution d&rsquo;un contrat.<\/p>\n<p>Paiement des services rendus, le cas \u00e9ch\u00e9ant. ITM WATER SYSTEMS S.A. a l&rsquo;obligation l\u00e9gale de respecter ses obligations fiscales.<\/p>\n<h4>DONN\u00c9ES PERSONNELLES DES CANDIDATS<\/h4>\n<p>OBJECTIF BASE JURIDIQUE<\/p>\n<p>Afin que le candidat puisse faire partie des processus de s\u00e9lection men\u00e9s par ITM WATER SYSTEMS S.A. Consentement du candidat.<\/p>\n<h4>DONN\u00c9ES PERSONNELLES COLLECT\u00c9ES SUR NOTRE SITE WEB<\/h4>\n<p>En outre, ce site web collecte des donn\u00e9es personnelles par le biais de diff\u00e9rents formulaires. Les donn\u00e9es demand\u00e9es dans chaque formulaire sont celles n\u00e9cessaires \u00e0 la finalit\u00e9 pour laquelle elles sont collect\u00e9es. La finalit\u00e9 du traitement est la suivante :<\/p>\n<h4>FORMULAIRE DE CONTACT:<\/h4>\n<p>La collecte de donn\u00e9es sur ce formulaire a pour but de pouvoir r\u00e9pondre aux questions pos\u00e9es et d&rsquo;envoyer \u00e0 l&rsquo;utilisateur les informations demand\u00e9es via l&rsquo;e-mail ou le t\u00e9l\u00e9phone indiqu\u00e9s sur le formulaire.<\/p>\n<h4>FORMULAIRE DE TRAVAIL AVEC NOUS :<\/h4>\n<p>La collecte des donn\u00e9es dans ce formulaire a pour but d&rsquo;int\u00e9grer le candidat dans les processus de s\u00e9lection du personnel de ITM WATER SYSTEMS S.A..<\/p>\n<h4>EMAIL :<\/h4>\n<p>Si l&rsquo;utilisateur nous contacte via l&rsquo;adresse \u00e9lectronique publi\u00e9e sur ce site, ses donn\u00e9es seront trait\u00e9es afin de r\u00e9pondre aux questions pos\u00e9es et de pouvoir lui envoyer les informations demand\u00e9es via l&rsquo;adresse \u00e9lectronique par laquelle la demande est re\u00e7ue.<\/p>\n<h3>Quelle cat\u00e9gorie de donn\u00e9es traitons-nous ?<\/h3>\n<p>Les donn\u00e9es qui sont collect\u00e9es, y compris, mais sans s&rsquo;y limiter, se r\u00e9f\u00e8rent \u00e0 la cat\u00e9gorie des donn\u00e9es d&rsquo;identification, telles que : Nom et pr\u00e9nom, T\u00e9l\u00e9phone, Adresse postale, Soci\u00e9t\u00e9, E-mail ; donn\u00e9es \u00e9conomiques et financi\u00e8res, telles que : Coordonn\u00e9es bancaires.<\/p>\n<h3>Combien de temps conservons-nous vos donn\u00e9es ?<\/h3>\n<h3>DONN\u00c9ES PERSONNELLES DES CLIENTS ET DES FOURNISSEURS<\/h3>\n<p>Les donn\u00e9es personnelles fournies seront conserv\u00e9es aussi longtemps que la relation commerciale sera maintenue ou que l&rsquo;utilisateur demandera leur suppression. Une fois la relation commerciale termin\u00e9e, les donn\u00e9es seront conserv\u00e9es aussi longtemps qu&rsquo;il sera n\u00e9cessaire pour respecter les obligations l\u00e9gales. Une fois que les responsabilit\u00e9s d\u00e9coulant de ces obligations l\u00e9gales auront expir\u00e9, vos donn\u00e9es seront supprim\u00e9es.<\/p>\n<h3>DONN\u00c9ES PERSONNELLES DES CANDIDATS<\/h3>\n<p>Les donn\u00e9es fournies par le candidat seront conserv\u00e9es pendant 1 an.<\/p>\n<h3>DONN\u00c9ES PERSONNELLES FORMULAIRES DU SITE WEB<\/h3>\n<p>Les donn\u00e9es recueillies par le biais du formulaire \u00ab\u00a0Travaillez avec nous\u00a0\u00bb seront conserv\u00e9es pendant un an. Les donn\u00e9es collect\u00e9es par le biais du reste des formulaires de notre site web seront conserv\u00e9es aussi longtemps qu&rsquo;elles sont n\u00e9cessaires pour atteindre l&rsquo;objectif pour lequel elles ont \u00e9t\u00e9 collect\u00e9es.<\/p>\n<h3>Est-ce que nous cr\u00e9ons des profils avec vos donn\u00e9es ?<\/h3>\n<p>Gr\u00e2ce aux informations fournies par les candidats dans leur CV, ITM WATER SYSTEMS S.A. pourra cr\u00e9er des profils afin de s\u00e9lectionner le meilleur candidat pour un poste sp\u00e9cifique.<\/p>\n<h3>A qui transf\u00e9rons-nous vos donn\u00e9es ?<\/h3>\n<p>Aucun transfert de donn\u00e9es n&rsquo;est pr\u00e9vu, \u00e0 l&rsquo;exception de ceux autoris\u00e9s par la l\u00e9gislation fiscale, commerciale et des t\u00e9l\u00e9communications, ainsi que dans les cas o\u00f9 nous y sommes contraints par une autorit\u00e9 judiciaire.<\/p>\n<p>ITM WATER SYSTEMS S.A. peut partager des donn\u00e9es personnelles avec des entreprises externes qui fournissent des services \u00e0 ITM WATER SYSTEMS S.A.. Un accord de confidentialit\u00e9 est formalis\u00e9 avec toutes ces entreprises afin de garantir l&rsquo;utilisation des donn\u00e9es personnelles conform\u00e9ment aux exigences de la r\u00e9glementation actuelle en mati\u00e8re de protection des donn\u00e9es.<\/p>\n<h3>Quels sont les tiers qui fournissent des services sur ce site web ?<\/h3>\n<p>Les prestataires de services suivants sont utilis\u00e9s pour le d\u00e9veloppement de ce site web :<\/p>\n<p>H\u00e9bergement : les serveurs sur lesquels notre site web est h\u00e9berg\u00e9 sont situ\u00e9s dans l&rsquo;UE. Il utilise des protocoles s\u00e9curis\u00e9s afin que la communication des donn\u00e9es se fasse par un canal crypt\u00e9.<\/p>\n<h3>Quels sont vos droits et comment pouvez-vous les exercer ?<\/h3>\n<p>L&rsquo;utilisateur a le droit d&rsquo;acc\u00e9der \u00e0 ses donn\u00e9es personnelles, de demander la rectification de celles qui sont inexactes, ainsi que leur suppression lorsque, entre autres raisons, elles ne sont plus n\u00e9cessaires aux fins pour lesquelles elles ont \u00e9t\u00e9 collect\u00e9es. Dans certaines circonstances, vous pouvez \u00e9galement demander la limitation de leur traitement, auquel cas elles ne seront conserv\u00e9es que pour l&rsquo;exercice ou la d\u00e9fense de droits, ainsi que demander la portabilit\u00e9 de vos donn\u00e9es. Pour des raisons li\u00e9es \u00e0 votre situation particuli\u00e8re, vous pouvez vous opposer \u00e0 leur traitement et ITM WATER SYSTEMS S.A. cessera de les traiter, sauf pour des raisons l\u00e9gitimes imp\u00e9rieuses, ou l&rsquo;exercice ou la d\u00e9fense d&rsquo;\u00e9ventuelles r\u00e9clamations.<\/p>\n<p>Le demandeur peut r\u00e9voquer \u00e0 tout moment les consentements donn\u00e9s. Le demandeur peut exercer ses droits en envoyant un courriel \u00e0 info@itmwater.com ou en se rendant aux bureaux situ\u00e9s \u00e0 Pol. Armentera, parcela 99, 22400 de Monz\u00f3n (Huesca), en joignant une photocopie de votre carte d&rsquo;identit\u00e9 et en indiquant le droit que vous exercez. Vous pouvez \u00e9galement d\u00e9poser une plainte aupr\u00e8s de l&rsquo;Agence espagnole de protection des donn\u00e9es.<\/p>\n<h3>Quelles mesures de s\u00e9curit\u00e9 avons-nous mises en place ?<\/h3>\n<p>Dans le cadre de notre engagement \u00e0 garantir la s\u00e9curit\u00e9 et la confidentialit\u00e9 de vos donn\u00e9es personnelles, nous vous informons que nous avons adopt\u00e9 les mesures techniques et organisationnelles n\u00e9cessaires pour garantir la s\u00e9curit\u00e9 de vos donn\u00e9es personnelles et emp\u00eacher leur alt\u00e9ration, leur perte, leur traitement ou leur acc\u00e8s non autoris\u00e9, compte tenu de l&rsquo;\u00e9tat de la technologie, de la nature des donn\u00e9es stock\u00e9es et des risques auxquels elles sont expos\u00e9es, conform\u00e9ment \u00e0 l&rsquo;art. 32 du RGPD UE 679\/2016.<\/p>\n<h3>Comment fonctionnent nos r\u00e9seaux sociaux ?<\/h3>\n<p>Gr\u00e2ce \u00e0 nos r\u00e9seaux sociaux, vous pouvez partager notre contenu ou nous laisser vos commentaires, photos ou vid\u00e9os, pour autant qu&rsquo;ils int\u00e9ressent l&rsquo;ensemble de la communaut\u00e9.<\/p>\n<p>Nos r\u00e9seaux sociaux sont surveill\u00e9s en permanence afin de r\u00e9pondre \u00e0 vos questions et commentaires dans les meilleurs d\u00e9lais.<\/p>\n<p>Nous voulons que ce soit un espace que nous appr\u00e9cions tous, il est donc important que nous respections tous les r\u00e8gles de coexistence :<\/p>\n<p>Vous \u00eates responsable du contenu que vous publiez, ne violez aucun droit, loi ou r\u00e8glement.<\/p>\n<p>Soignez la formulation et le ton, \u00e9vitez de publier toute information injurieuse, diffamatoire ou obsc\u00e8ne.<\/p>\n<p>Respectez le droit \u00e0 la vie priv\u00e9e, ne faites pas de commentaires ill\u00e9gaux, offensants ou discriminatoires sur des tiers.<\/p>\n<p>\u00c9vitez les commentaires frauduleux, trompeurs ou mensongers.<\/p>\n<p>Nous n&rsquo;autorisons pas les spams, les messages commerciaux ou publicitaires, nous ne voulons pas de messages r\u00e9p\u00e9titifs.<\/p>\n<p>Nous n&rsquo;engagerons pas de conversation avec des profils que nous pourrions consid\u00e9rer comme faux.<\/p>\n<p>Veuillez noter que le contenu publi\u00e9 par les adeptes sur nos pages ne refl\u00e8te pas n\u00e9cessairement les opinions de notre entreprise.<\/p>\n<p>Si vos commentaires ne sont pas conformes aux \u00ab\u00a0r\u00e8gles de la maison\u00a0\u00bb, ils peuvent \u00eatre supprim\u00e9s, cach\u00e9s ou bloqu\u00e9s. Toute personne publiant un contenu non autoris\u00e9 sera bloqu\u00e9e de la communaut\u00e9.<\/p>\n<p>Nous nous r\u00e9servons le droit de modifier ces r\u00e8gles \u00e0 tout moment et sans pr\u00e9avis.<\/p>\n","protected":false},"excerpt":{"rendered":"<p>ITM WATER SYSTEMS S.A., conform\u00e9ment aux dispositions du r\u00e8glement g\u00e9n\u00e9ral sur la protection des donn\u00e9es (RGPD 2016\/679), informe les utilisateurs du site https:\/\/itmfilters.com\/ : Qui est responsable du traitement de leurs donn\u00e9es ? ITM WATER SYSTEMS S.A. avec CIF A22424808 et adresse de notification \u00e0 Pol. Armentera, parcela 99, 22400 de Monz\u00f3n (Huesca). Vous pouvez &hellip;<\/p>\n<p class=\"read-more\"> <a class=\"\" href=\"https:\/\/itmfilters.com\/fr\/politique-de-confidentialite\/\"> <span class=\"screen-reader-text\">Politique de confidentialit\u00e9<\/span> Lire la suite\u00a0\u00bb<\/a><\/p>\n","protected":false},"author":2,"featured_media":0,"parent":0,"menu_order":0,"comment_status":"closed","ping_status":"closed","template":"","meta":{"site-sidebar-layout":"default","site-content-layout":"default","ast-global-header-display":"","ast-main-header-display":"","ast-hfb-above-header-display":"","ast-hfb-below-header-display":"","ast-hfb-mobile-header-display":"","site-post-title":"","ast-breadcrumbs-content":"","ast-featured-img":"","footer-sml-layout":"","theme-transparent-header-meta":"default","adv-header-id-meta":"","stick-header-meta":"","header-above-stick-meta":"","header-main-stick-meta":"","header-below-stick-meta":""},"yoast_head":"<!-- This site is optimized with the Yoast SEO plugin v20.9 - https:\/\/yoast.com\/wordpress\/plugins\/seo\/ -->\n<title>Politique de confidentialit\u00e9 | ITM Filters<\/title>\n<meta name=\"robots\" content=\"noindex, follow\" \/>\n<meta property=\"og:locale\" content=\"fr_FR\" \/>\n<meta property=\"og:type\" content=\"article\" \/>\n<meta property=\"og:title\" content=\"Politique de confidentialit\u00e9 | ITM Filters\" \/>\n<meta property=\"og:description\" content=\"ITM WATER SYSTEMS S.A., conform\u00e9ment aux dispositions du r\u00e8glement g\u00e9n\u00e9ral sur la protection des donn\u00e9es (RGPD 2016\/679), informe les utilisateurs du site https:\/\/itmfilters.com\/ : Qui est responsable du traitement de leurs donn\u00e9es ? ITM WATER SYSTEMS S.A. avec CIF A22424808 et adresse de notification \u00e0 Pol. Armentera, parcela 99, 22400 de Monz\u00f3n (Huesca). Vous pouvez &hellip; Politique de confidentialit\u00e9 Lire la suite\u00a0\u00bb\" \/>\n<meta property=\"og:url\" content=\"https:\/\/itmfilters.com\/fr\/politique-de-confidentialite\/\" \/>\n<meta property=\"og:site_name\" content=\"ITM Filters\" \/>\n<meta property=\"article:modified_time\" content=\"2025-11-11T18:17:06+00:00\" \/>\n<meta property=\"og:image\" content=\"https:\/\/itmfilters.com\/wp-content\/uploads\/2021\/06\/icon-itm.png\" \/>\n\t<meta property=\"og:image:width\" content=\"270\" \/>\n\t<meta property=\"og:image:height\" content=\"270\" \/>\n\t<meta property=\"og:image:type\" content=\"image\/png\" \/>\n<meta name=\"twitter:card\" content=\"summary_large_image\" \/>\n<meta name=\"twitter:label1\" content=\"Dur\u00e9e de lecture estim\u00e9e\" \/>\n\t<meta name=\"twitter:data1\" content=\"6 minutes\" \/>\n<script type=\"application\/ld+json\" class=\"yoast-schema-graph\">{\"@context\":\"https:\/\/schema.org\",\"@graph\":[{\"@type\":\"WebPage\",\"@id\":\"https:\/\/itmfilters.com\/fr\/politique-de-confidentialite\/\",\"url\":\"https:\/\/itmfilters.com\/fr\/politique-de-confidentialite\/\",\"name\":\"Politique de confidentialit\u00e9 | ITM Filters\",\"isPartOf\":{\"@id\":\"https:\/\/itmfilters.com\/en\/#website\"},\"datePublished\":\"2021-05-24T07:06:43+00:00\",\"dateModified\":\"2025-11-11T18:17:06+00:00\",\"breadcrumb\":{\"@id\":\"https:\/\/itmfilters.com\/fr\/politique-de-confidentialite\/#breadcrumb\"},\"inLanguage\":\"fr-FR\",\"potentialAction\":[{\"@type\":\"ReadAction\",\"target\":[\"https:\/\/itmfilters.com\/fr\/politique-de-confidentialite\/\"]}]},{\"@type\":\"BreadcrumbList\",\"@id\":\"https:\/\/itmfilters.com\/fr\/politique-de-confidentialite\/#breadcrumb\",\"itemListElement\":[{\"@type\":\"ListItem\",\"position\":1,\"name\":\"Portada\",\"item\":\"https:\/\/itmfilters.com\/\"},{\"@type\":\"ListItem\",\"position\":2,\"name\":\"Politique de confidentialit\u00e9\"}]},{\"@type\":\"WebSite\",\"@id\":\"https:\/\/itmfilters.com\/en\/#website\",\"url\":\"https:\/\/itmfilters.com\/en\/\",\"name\":\"ITM Filters\",\"description\":\"Water Solutions\",\"publisher\":{\"@id\":\"https:\/\/itmfilters.com\/en\/#organization\"},\"potentialAction\":[{\"@type\":\"SearchAction\",\"target\":{\"@type\":\"EntryPoint\",\"urlTemplate\":\"https:\/\/itmfilters.com\/en\/?s={search_term_string}\"},\"query-input\":\"required name=search_term_string\"}],\"inLanguage\":\"fr-FR\"},{\"@type\":\"Organization\",\"@id\":\"https:\/\/itmfilters.com\/en\/#organization\",\"name\":\"ITM Filters\",\"url\":\"https:\/\/itmfilters.com\/en\/\",\"logo\":{\"@type\":\"ImageObject\",\"inLanguage\":\"fr-FR\",\"@id\":\"https:\/\/itmfilters.com\/en\/#\/schema\/logo\/image\/\",\"url\":\"https:\/\/itmfilters.com\/wp-content\/uploads\/2021\/06\/icon-itm.png\",\"contentUrl\":\"https:\/\/itmfilters.com\/wp-content\/uploads\/2021\/06\/icon-itm.png\",\"width\":270,\"height\":270,\"caption\":\"ITM Filters\"},\"image\":{\"@id\":\"https:\/\/itmfilters.com\/en\/#\/schema\/logo\/image\/\"},\"sameAs\":[\"https:\/\/www.instagram.com\/itm_filters\/\",\"https:\/\/www.linkedin.com\/company\/itm-filters\/\",\"https:\/\/www.youtube.com\/channel\/UCflfBtWjNFoLkb2RlG3ZaXA\"]}]}<\/script>\n<!-- \/ Yoast SEO plugin. -->","yoast_head_json":{"title":"Politique de confidentialit\u00e9 | ITM Filters","robots":{"index":"noindex","follow":"follow"},"og_locale":"fr_FR","og_type":"article","og_title":"Politique de confidentialit\u00e9 | ITM Filters","og_description":"ITM WATER SYSTEMS S.A., conform\u00e9ment aux dispositions du r\u00e8glement g\u00e9n\u00e9ral sur la protection des donn\u00e9es (RGPD 2016\/679), informe les utilisateurs du site https:\/\/itmfilters.com\/ : Qui est responsable du traitement de leurs donn\u00e9es ? ITM WATER SYSTEMS S.A. avec CIF A22424808 et adresse de notification \u00e0 Pol. Armentera, parcela 99, 22400 de Monz\u00f3n (Huesca). Vous pouvez &hellip; Politique de confidentialit\u00e9 Lire la suite\u00a0\u00bb","og_url":"https:\/\/itmfilters.com\/fr\/politique-de-confidentialite\/","og_site_name":"ITM Filters","article_modified_time":"2025-11-11T18:17:06+00:00","og_image":[{"width":270,"height":270,"url":"https:\/\/itmfilters.com\/wp-content\/uploads\/2021\/06\/icon-itm.png","type":"image\/png"}],"twitter_card":"summary_large_image","twitter_misc":{"Dur\u00e9e de lecture estim\u00e9e":"6 minutes"},"schema":{"@context":"https:\/\/schema.org","@graph":[{"@type":"WebPage","@id":"https:\/\/itmfilters.com\/fr\/politique-de-confidentialite\/","url":"https:\/\/itmfilters.com\/fr\/politique-de-confidentialite\/","name":"Politique de confidentialit\u00e9 | ITM Filters","isPartOf":{"@id":"https:\/\/itmfilters.com\/en\/#website"},"datePublished":"2021-05-24T07:06:43+00:00","dateModified":"2025-11-11T18:17:06+00:00","breadcrumb":{"@id":"https:\/\/itmfilters.com\/fr\/politique-de-confidentialite\/#breadcrumb"},"inLanguage":"fr-FR","potentialAction":[{"@type":"ReadAction","target":["https:\/\/itmfilters.com\/fr\/politique-de-confidentialite\/"]}]},{"@type":"BreadcrumbList","@id":"https:\/\/itmfilters.com\/fr\/politique-de-confidentialite\/#breadcrumb","itemListElement":[{"@type":"ListItem","position":1,"name":"Portada","item":"https:\/\/itmfilters.com\/"},{"@type":"ListItem","position":2,"name":"Politique de confidentialit\u00e9"}]},{"@type":"WebSite","@id":"https:\/\/itmfilters.com\/en\/#website","url":"https:\/\/itmfilters.com\/en\/","name":"ITM Filters","description":"Water Solutions","publisher":{"@id":"https:\/\/itmfilters.com\/en\/#organization"},"potentialAction":[{"@type":"SearchAction","target":{"@type":"EntryPoint","urlTemplate":"https:\/\/itmfilters.com\/en\/?s={search_term_string}"},"query-input":"required name=search_term_string"}],"inLanguage":"fr-FR"},{"@type":"Organization","@id":"https:\/\/itmfilters.com\/en\/#organization","name":"ITM Filters","url":"https:\/\/itmfilters.com\/en\/","logo":{"@type":"ImageObject","inLanguage":"fr-FR","@id":"https:\/\/itmfilters.com\/en\/#\/schema\/logo\/image\/","url":"https:\/\/itmfilters.com\/wp-content\/uploads\/2021\/06\/icon-itm.png","contentUrl":"https:\/\/itmfilters.com\/wp-content\/uploads\/2021\/06\/icon-itm.png","width":270,"height":270,"caption":"ITM Filters"},"image":{"@id":"https:\/\/itmfilters.com\/en\/#\/schema\/logo\/image\/"},"sameAs":["https:\/\/www.instagram.com\/itm_filters\/","https:\/\/www.linkedin.com\/company\/itm-filters\/","https:\/\/www.youtube.com\/channel\/UCflfBtWjNFoLkb2RlG3ZaXA"]}]}},"_links":{"self":[{"href":"https:\/\/itmfilters.com\/fr\/wp-json\/wp\/v2\/pages\/3315"}],"collection":[{"href":"https:\/\/itmfilters.com\/fr\/wp-json\/wp\/v2\/pages"}],"about":[{"href":"https:\/\/itmfilters.com\/fr\/wp-json\/wp\/v2\/types\/page"}],"author":[{"embeddable":true,"href":"https:\/\/itmfilters.com\/fr\/wp-json\/wp\/v2\/users\/2"}],"replies":[{"embeddable":true,"href":"https:\/\/itmfilters.com\/fr\/wp-json\/wp\/v2\/comments?post=3315"}],"version-history":[{"count":1,"href":"https:\/\/itmfilters.com\/fr\/wp-json\/wp\/v2\/pages\/3315\/revisions"}],"predecessor-version":[{"id":8134,"href":"https:\/\/itmfilters.com\/fr\/wp-json\/wp\/v2\/pages\/3315\/revisions\/8134"}],"wp:attachment":[{"href":"https:\/\/itmfilters.com\/fr\/wp-json\/wp\/v2\/media?parent=3315"}],"curies":[{"name":"wp","href":"https:\/\/api.w.org\/{rel}","templated":true}]}}