{"id":3314,"date":"2021-06-01T17:56:25","date_gmt":"2021-06-01T15:56:25","guid":{"rendered":"https:\/\/itmfilters.com\/avis-juridique\/"},"modified":"2025-11-11T19:30:59","modified_gmt":"2025-11-11T18:30:59","slug":"avis-juridique","status":"publish","type":"page","link":"https:\/\/itmfilters.com\/fr\/avis-juridique\/","title":{"rendered":"Avis Juridique"},"content":{"rendered":"\t\t<div data-elementor-type=\"wp-page\" data-elementor-id=\"3314\" class=\"elementor elementor-3314 elementor-95\">\n\t\t\t\t\t\t\t\t\t<section class=\"elementor-section elementor-top-section elementor-element elementor-element-b7a75ea elementor-section-boxed elementor-section-height-default elementor-section-height-default\" data-id=\"b7a75ea\" data-element_type=\"section\">\n\t\t\t\t\t\t<div class=\"elementor-container elementor-column-gap-default\">\n\t\t\t\t\t<div class=\"elementor-column elementor-col-100 elementor-top-column elementor-element elementor-element-684c5466\" data-id=\"684c5466\" data-element_type=\"column\">\n\t\t\t<div class=\"elementor-widget-wrap elementor-element-populated\">\n\t\t\t\t\t\t\t\t<div class=\"elementor-element elementor-element-5cda380e elementor-widget elementor-widget-text-editor\" data-id=\"5cda380e\" data-element_type=\"widget\" data-widget_type=\"text-editor.default\">\n\t\t\t\t<div class=\"elementor-widget-container\">\n\t\t\t\t\t\t\t<p><span style=\"font-weight: 400;\">Conform\u00e9ment \u00e0 l&rsquo;article 10 de la loi 34\/2002, du 11 juillet, sur les services de la soci\u00e9t\u00e9 de l&rsquo;information et le commerce \u00e9lectronique (LSSI+CE), vous \u00eates inform\u00e9 :<\/span><\/p><p><span style=\"font-weight: 400;\">Le propri\u00e9taire du site web https:\/\/itmfilters.com\/ est :<\/span><\/p><p><span style=\"font-weight: 400;\"><strong>Nom de la soci\u00e9t\u00e9:<\/strong> ITM WATER SYSTEMS S.A.<\/span><\/p><p><span style=\"font-weight: 400;\"><strong>NUM\u00c9RO D&rsquo;IDENTIFICATION FISCALE :<\/strong> A22424808<\/span><\/p><p><span style=\"font-weight: 400;\"><strong>Adresse :<\/strong> Pol. Armentera, parcela 99, 22400 de Monz\u00f3n (Huesca)<\/span><\/p><p><span style=\"font-weight: 400;\"><strong>T\u00e9l\u00e9phone :<\/strong> 974105005<\/span><\/p><p><span style=\"font-weight: 400;\"><strong>Courriel :<\/strong>\u00a0<\/span>info@itmwater.com<\/p><p><span style=\"font-weight: 400;\"><strong>Donn\u00e9es d&rsquo;enregistrement :<\/strong> Registre du commerce de Huesca : Volume 657, folio 174, entr\u00e9e 1 avec page HU-13695<\/span><\/p><p><span style=\"font-weight: 400;\">Cet avis juridique est r\u00e9dig\u00e9 en espagnol.<\/span><\/p><h3><strong>Vos donn\u00e9es<\/strong><\/h3><p><span style=\"font-weight: 400;\">Les informations ou donn\u00e9es personnelles fournies par l&rsquo;utilisateur seront trait\u00e9es conform\u00e9ment aux dispositions de la politique de protection des donn\u00e9es. L&rsquo;utilisateur d\u00e9clare que toutes les informations ou donn\u00e9es fournies sont v\u00e9ridiques et correspondent \u00e0 la r\u00e9alit\u00e9.<\/span><\/p><h3><strong>Vie priv\u00e9e\/Protection des donn\u00e9es personnelles<\/strong><\/h3><p><span style=\"font-weight: 400;\">ITM WATER SYSTEMS S.A.respecte \u00e0 tout moment les directives du R\u00e8glement g\u00e9n\u00e9ral sur la protection des donn\u00e9es (R\u00e8glement (UE) 2016\/679) et les autres r\u00e9glementations en vigueur, et garantit l&rsquo;utilisation et le traitement corrects des donn\u00e9es personnelles de l&rsquo;utilisateur.<\/span><\/p><p><span style=\"font-weight: 400;\">\u00c0 cette fin, avec chaque formulaire de collecte de donn\u00e9es personnelles, l&rsquo;utilisateur sera inform\u00e9 de l&rsquo;existence et de l&rsquo;acceptation des conditions sp\u00e9cifiques du traitement de ses donn\u00e9es dans chaque cas, en l&rsquo;informant du responsable du traitement effectu\u00e9, de l&rsquo;adresse du responsable, de la possibilit\u00e9 d&rsquo;exercer ses droits d&rsquo;acc\u00e8s, de rectification, d&rsquo;effacement, d&rsquo;opposition, de limitation et de portabilit\u00e9, de la finalit\u00e9 du traitement et de la communication des donn\u00e9es \u00e0 des tiers, le cas \u00e9ch\u00e9ant.<\/span><\/p><p><span style=\"font-weight: 400;\">De m\u00eame, ITM WATER SYSTEMS S.A., cr\u00e9ateur du site web, informe qu&rsquo;il respecte la Loi 34\/2002 du 11 juillet, sur les services de la soci\u00e9t\u00e9 de l&rsquo;information et le commerce \u00e9lectronique et demandera \u00e0 tout moment le consentement de l&rsquo;utilisateur pour le traitement de son courrier \u00e9lectronique \u00e0 des fins commerciales.<\/span><\/p><h3><strong>Mineurs<\/strong><\/h3><p><span style=\"font-weight: 400;\">Le contenu de la page Web est destin\u00e9 aux personnes majeures. ITM WATER SYSTEMS S.A. n&rsquo;a pas l&rsquo;intention d&rsquo;obtenir des donn\u00e9es de mineurs. Lorsque ITM WATER SYSTEMS S.A. se rendra compte de l&rsquo;existence dans son fichier de donn\u00e9es personnelles d&rsquo;un mineur, elle proc\u00e9dera imm\u00e9diatement \u00e0 l&rsquo;annulation desdites donn\u00e9es.<\/span><\/p><h3><strong>Obligations de l&rsquo;utilisateur<\/strong><\/h3><p><span style=\"font-weight: 400;\">L&rsquo;utilisateur doit \u00e0 tout moment respecter les termes et conditions \u00e9tablis par le site web.<\/span><\/p><p><span style=\"font-weight: 400;\">L&rsquo;utilisateur doit utiliser le site web de mani\u00e8re diligente et assumer toute responsabilit\u00e9 qui pourrait r\u00e9sulter de la violation des termes et conditions du site web.<\/span><\/p><p><span style=\"font-weight: 400;\">L&rsquo;utilisateur ne peut utiliser le site web pour transmettre, stocker, diffuser, promouvoir ou distribuer des donn\u00e9es ou des contenus qui contiennent des virus ou tout autre code informatique, des fichiers ou des programmes con\u00e7us pour interrompre, d\u00e9truire ou alt\u00e9rer le fonctionnement de tout programme ou \u00e9quipement informatique ou de t\u00e9l\u00e9communications.<\/span><\/p><h3><strong>Propri\u00e9t\u00e9 industrielle et intellectuelle<\/strong><\/h3><p><span style=\"font-weight: 400;\">ITM WATER SYSTEMS S.A., elle-m\u00eame ou en tant que cessionnaire, est propri\u00e9taire de tous les droits de propri\u00e9t\u00e9 intellectuelle et industrielle de son site web, ainsi que des \u00e9l\u00e9ments qui y sont contenus (y compris, mais sans s&rsquo;y limiter, les images, le son, l&rsquo;audio, la vid\u00e9o, les logiciels ou les textes ; les marques ou les logos, les combinaisons de couleurs, la structure et la conception, la s\u00e9lection des mat\u00e9riaux utilis\u00e9s, les programmes informatiques n\u00e9cessaires \u00e0 son fonctionnement, son acc\u00e8s et son utilisation, etc.)<\/span><\/p><p><span style=\"font-weight: 400;\">En vertu des dispositions des articles 8 et 32.1, deuxi\u00e8me alin\u00e9a, de la loi sur la propri\u00e9t\u00e9 intellectuelle, la reproduction, la distribution et la communication publique, y compris la mise \u00e0 disposition, de tout ou partie du contenu de ce site Web, \u00e0 des fins commerciales, sur tout support et par tout moyen technique, sans l&rsquo;autorisation d&rsquo;ITM WATER SYSTEMS S.A., sont express\u00e9ment interdites. Tous droits r\u00e9serv\u00e9s.<\/span><\/p><p><span style=\"font-weight: 400;\">L&rsquo;UTILISATEUR s&rsquo;engage \u00e0 respecter les droits de propri\u00e9t\u00e9 intellectuelle et industrielle appartenant \u00e0 ITM WATER SYSTEMS S.A.. Vous pouvez visualiser les \u00e9l\u00e9ments du portail et m\u00eame les imprimer, les copier et les stocker sur le disque dur de votre ordinateur ou sur tout autre support physique, \u00e0 condition que ce soit uniquement et exclusivement pour votre usage personnel et priv\u00e9. L&rsquo;UTILISATEUR doit s&rsquo;abstenir de supprimer, alt\u00e9rer, \u00e9luder ou manipuler tout dispositif de protection ou syst\u00e8me de s\u00e9curit\u00e9 install\u00e9 sur les pages d&rsquo;ITM WATER SYSTEMS S.A.<\/span><\/p><h3><strong>Droit d&rsquo;exclusion<\/strong><\/h3><p><span style=\"font-weight: 400;\">ITM WATER SYSTEMS S.A. se r\u00e9serve le droit de refuser ou de retirer l&rsquo;acc\u00e8s au portail et\/ou aux services offerts sans pr\u00e9avis, \u00e0 sa propre demande ou \u00e0 la demande d&rsquo;un tiers, aux utilisateurs qui ne respectent pas les conditions d&rsquo;utilisation du portail.<\/span><\/p><p><span style=\"font-weight: 400;\">ITM WATER SYSTEMS S.A. poursuivra la violation des conditions d&rsquo;utilisation du portail, ainsi que toute utilisation abusive de son portail, en exer\u00e7ant toutes les actions civiles et p\u00e9nales qui peuvent lui correspondre par la loi.<\/span><\/p><h3><strong>Modifications et liens<\/strong><\/h3><p><span style=\"font-weight: 400;\">ITM WATER SYSTEMS S.A. se r\u00e9serve le droit d&rsquo;effectuer \u00e0 l&rsquo;improviste les modifications qu&rsquo;elle juge opportunes sur son site web, pouvant modifier, supprimer ou ajouter aussi bien les contenus et services qu&rsquo;elle fournit que la mani\u00e8re dont ils sont pr\u00e9sent\u00e9s ou localis\u00e9s, ainsi que dans les Conditions G\u00e9n\u00e9rales de Contrat d\u00e9termin\u00e9es ici.<\/span><\/p><p><span style=\"font-weight: 400;\">ITM WATER SYSTEMS S.A. n&rsquo;est pas responsable de la mauvaise utilisation des contenus de son site web, \u00e9tant la seule responsabilit\u00e9 de la personne qui y acc\u00e8de ou les utilise.<\/span><\/p><p><span style=\"font-weight: 400;\">Dans le cas o\u00f9 https:\/\/itmfilters.com\/ contiendrait des liens ou des hyperliens vers d&rsquo;autres sites Internet, ITM WATER SYSTEMS S.A., cr\u00e9ateur du site, n&rsquo;exerce aucun type de contr\u00f4le sur lesdits sites et contenus. En aucun cas, ITM WATER SYSTEMS S.A. cr\u00e9ateur du site web n&rsquo;assumera la responsabilit\u00e9 du contenu d&rsquo;un lien appartenant \u00e0 un site web externe, ni ne garantira la disponibilit\u00e9 technique, la qualit\u00e9, la fiabilit\u00e9, l&rsquo;exactitude, l&rsquo;exhaustivit\u00e9, la pr\u00e9cision, la v\u00e9racit\u00e9, la validit\u00e9 et la constitutionnalit\u00e9 de tout mat\u00e9riel ou information contenu dans l&rsquo;un de ces hyperliens ou d&rsquo;autres sites Internet. De m\u00eame, l&rsquo;inclusion de ces connexions externes n&rsquo;implique aucun type d&rsquo;association, de fusion ou de participation avec les entit\u00e9s connect\u00e9es.<\/span><\/p><h3><strong>Droit applicable et juridiction comp\u00e9tente<\/strong><\/h3><p><span style=\"font-weight: 400;\">Les conditions d&rsquo;utilisation de la page Web contenues dans le pr\u00e9sent avis juridique, ainsi que les relations entre l&rsquo;utilisateur et ITM WATER SYSTEMS S.A., seront r\u00e9gies et interpr\u00e9t\u00e9es conform\u00e9ment \u00e0 la l\u00e9gislation espagnole. Pour la r\u00e9solution de tout litige qui pourrait survenir, l&rsquo;utilisateur et ITM WATER SYSTEMS S.A. se soumettent express\u00e9ment \u00e0 la juridiction des cours et tribunaux de la ville de HUESCA, renon\u00e7ant express\u00e9ment \u00e0 toute autre juridiction qui pourrait leur correspondre.<\/span><span style=\"color: #222222; font-family: Aptos, sans-serif; font-size: 14.6667px;\">ITM WATER SYSTEMS S.A.<\/span><\/p>\t\t\t\t\t\t<\/div>\n\t\t\t\t<\/div>\n\t\t\t\t\t<\/div>\n\t\t<\/div>\n\t\t\t\t\t\t\t<\/div>\n\t\t<\/section>\n\t\t\t\t\t\t\t<\/div>\n\t\t","protected":false},"excerpt":{"rendered":"<p>Conform\u00e9ment \u00e0 l&rsquo;article 10 de la loi 34\/2002, du 11 juillet, sur les services de la soci\u00e9t\u00e9 de l&rsquo;information et le commerce \u00e9lectronique (LSSI+CE), vous \u00eates inform\u00e9 : Le propri\u00e9taire du site web https:\/\/itmfilters.com\/ est : Nom de la soci\u00e9t\u00e9: ITM WATER SYSTEMS S.A. NUM\u00c9RO D&rsquo;IDENTIFICATION FISCALE : A22424808 Adresse : Pol. Armentera, parcela 99, &hellip;<\/p>\n<p class=\"read-more\"> <a class=\"\" href=\"https:\/\/itmfilters.com\/fr\/avis-juridique\/\"> <span class=\"screen-reader-text\">Avis Juridique<\/span> Lire la suite\u00a0\u00bb<\/a><\/p>\n","protected":false},"author":2,"featured_media":0,"parent":0,"menu_order":0,"comment_status":"closed","ping_status":"closed","template":"","meta":{"site-sidebar-layout":"default","site-content-layout":"default","ast-global-header-display":"","ast-main-header-display":"","ast-hfb-above-header-display":"","ast-hfb-below-header-display":"","ast-hfb-mobile-header-display":"","site-post-title":"","ast-breadcrumbs-content":"","ast-featured-img":"","footer-sml-layout":"","theme-transparent-header-meta":"default","adv-header-id-meta":"","stick-header-meta":"","header-above-stick-meta":"","header-main-stick-meta":"","header-below-stick-meta":""},"yoast_head":"<!-- This site is optimized with the Yoast SEO plugin v20.9 - https:\/\/yoast.com\/wordpress\/plugins\/seo\/ -->\n<title>Avis Juridique | ITM Filters<\/title>\n<meta name=\"robots\" content=\"noindex, follow\" \/>\n<meta property=\"og:locale\" content=\"fr_FR\" \/>\n<meta property=\"og:type\" content=\"article\" \/>\n<meta property=\"og:title\" content=\"Avis Juridique | ITM Filters\" \/>\n<meta property=\"og:description\" content=\"Conform\u00e9ment \u00e0 l&rsquo;article 10 de la loi 34\/2002, du 11 juillet, sur les services de la soci\u00e9t\u00e9 de l&rsquo;information et le commerce \u00e9lectronique (LSSI+CE), vous \u00eates inform\u00e9 : Le propri\u00e9taire du site web https:\/\/itmfilters.com\/ est : Nom de la soci\u00e9t\u00e9: ITM WATER SYSTEMS S.A. NUM\u00c9RO D&rsquo;IDENTIFICATION FISCALE : A22424808 Adresse : Pol. Armentera, parcela 99, &hellip; Avis Juridique Lire la suite\u00a0\u00bb\" \/>\n<meta property=\"og:url\" content=\"https:\/\/itmfilters.com\/fr\/avis-juridique\/\" \/>\n<meta property=\"og:site_name\" content=\"ITM Filters\" \/>\n<meta property=\"article:modified_time\" content=\"2025-11-11T18:30:59+00:00\" \/>\n<meta property=\"og:image\" content=\"https:\/\/itmfilters.com\/wp-content\/uploads\/2021\/06\/icon-itm.png\" \/>\n\t<meta property=\"og:image:width\" content=\"270\" \/>\n\t<meta property=\"og:image:height\" content=\"270\" \/>\n\t<meta property=\"og:image:type\" content=\"image\/png\" \/>\n<meta name=\"twitter:card\" content=\"summary_large_image\" \/>\n<meta name=\"twitter:label1\" content=\"Dur\u00e9e de lecture estim\u00e9e\" \/>\n\t<meta name=\"twitter:data1\" content=\"6 minutes\" \/>\n<script type=\"application\/ld+json\" class=\"yoast-schema-graph\">{\"@context\":\"https:\/\/schema.org\",\"@graph\":[{\"@type\":\"WebPage\",\"@id\":\"https:\/\/itmfilters.com\/fr\/avis-juridique\/\",\"url\":\"https:\/\/itmfilters.com\/fr\/avis-juridique\/\",\"name\":\"Avis Juridique | ITM Filters\",\"isPartOf\":{\"@id\":\"https:\/\/itmfilters.com\/en\/#website\"},\"datePublished\":\"2021-06-01T15:56:25+00:00\",\"dateModified\":\"2025-11-11T18:30:59+00:00\",\"breadcrumb\":{\"@id\":\"https:\/\/itmfilters.com\/fr\/avis-juridique\/#breadcrumb\"},\"inLanguage\":\"fr-FR\",\"potentialAction\":[{\"@type\":\"ReadAction\",\"target\":[\"https:\/\/itmfilters.com\/fr\/avis-juridique\/\"]}]},{\"@type\":\"BreadcrumbList\",\"@id\":\"https:\/\/itmfilters.com\/fr\/avis-juridique\/#breadcrumb\",\"itemListElement\":[{\"@type\":\"ListItem\",\"position\":1,\"name\":\"Portada\",\"item\":\"https:\/\/itmfilters.com\/\"},{\"@type\":\"ListItem\",\"position\":2,\"name\":\"Avis Juridique\"}]},{\"@type\":\"WebSite\",\"@id\":\"https:\/\/itmfilters.com\/en\/#website\",\"url\":\"https:\/\/itmfilters.com\/en\/\",\"name\":\"ITM Filters\",\"description\":\"Water Solutions\",\"publisher\":{\"@id\":\"https:\/\/itmfilters.com\/en\/#organization\"},\"potentialAction\":[{\"@type\":\"SearchAction\",\"target\":{\"@type\":\"EntryPoint\",\"urlTemplate\":\"https:\/\/itmfilters.com\/en\/?s={search_term_string}\"},\"query-input\":\"required name=search_term_string\"}],\"inLanguage\":\"fr-FR\"},{\"@type\":\"Organization\",\"@id\":\"https:\/\/itmfilters.com\/en\/#organization\",\"name\":\"ITM Filters\",\"url\":\"https:\/\/itmfilters.com\/en\/\",\"logo\":{\"@type\":\"ImageObject\",\"inLanguage\":\"fr-FR\",\"@id\":\"https:\/\/itmfilters.com\/en\/#\/schema\/logo\/image\/\",\"url\":\"https:\/\/itmfilters.com\/wp-content\/uploads\/2021\/06\/icon-itm.png\",\"contentUrl\":\"https:\/\/itmfilters.com\/wp-content\/uploads\/2021\/06\/icon-itm.png\",\"width\":270,\"height\":270,\"caption\":\"ITM Filters\"},\"image\":{\"@id\":\"https:\/\/itmfilters.com\/en\/#\/schema\/logo\/image\/\"},\"sameAs\":[\"https:\/\/www.instagram.com\/itm_filters\/\",\"https:\/\/www.linkedin.com\/company\/itm-filters\/\",\"https:\/\/www.youtube.com\/channel\/UCflfBtWjNFoLkb2RlG3ZaXA\"]}]}<\/script>\n<!-- \/ Yoast SEO plugin. -->","yoast_head_json":{"title":"Avis Juridique | ITM Filters","robots":{"index":"noindex","follow":"follow"},"og_locale":"fr_FR","og_type":"article","og_title":"Avis Juridique | ITM Filters","og_description":"Conform\u00e9ment \u00e0 l&rsquo;article 10 de la loi 34\/2002, du 11 juillet, sur les services de la soci\u00e9t\u00e9 de l&rsquo;information et le commerce \u00e9lectronique (LSSI+CE), vous \u00eates inform\u00e9 : Le propri\u00e9taire du site web https:\/\/itmfilters.com\/ est : Nom de la soci\u00e9t\u00e9: ITM WATER SYSTEMS S.A. NUM\u00c9RO D&rsquo;IDENTIFICATION FISCALE : A22424808 Adresse : Pol. Armentera, parcela 99, &hellip; Avis Juridique Lire la suite\u00a0\u00bb","og_url":"https:\/\/itmfilters.com\/fr\/avis-juridique\/","og_site_name":"ITM Filters","article_modified_time":"2025-11-11T18:30:59+00:00","og_image":[{"width":270,"height":270,"url":"https:\/\/itmfilters.com\/wp-content\/uploads\/2021\/06\/icon-itm.png","type":"image\/png"}],"twitter_card":"summary_large_image","twitter_misc":{"Dur\u00e9e de lecture estim\u00e9e":"6 minutes"},"schema":{"@context":"https:\/\/schema.org","@graph":[{"@type":"WebPage","@id":"https:\/\/itmfilters.com\/fr\/avis-juridique\/","url":"https:\/\/itmfilters.com\/fr\/avis-juridique\/","name":"Avis Juridique | ITM Filters","isPartOf":{"@id":"https:\/\/itmfilters.com\/en\/#website"},"datePublished":"2021-06-01T15:56:25+00:00","dateModified":"2025-11-11T18:30:59+00:00","breadcrumb":{"@id":"https:\/\/itmfilters.com\/fr\/avis-juridique\/#breadcrumb"},"inLanguage":"fr-FR","potentialAction":[{"@type":"ReadAction","target":["https:\/\/itmfilters.com\/fr\/avis-juridique\/"]}]},{"@type":"BreadcrumbList","@id":"https:\/\/itmfilters.com\/fr\/avis-juridique\/#breadcrumb","itemListElement":[{"@type":"ListItem","position":1,"name":"Portada","item":"https:\/\/itmfilters.com\/"},{"@type":"ListItem","position":2,"name":"Avis Juridique"}]},{"@type":"WebSite","@id":"https:\/\/itmfilters.com\/en\/#website","url":"https:\/\/itmfilters.com\/en\/","name":"ITM Filters","description":"Water Solutions","publisher":{"@id":"https:\/\/itmfilters.com\/en\/#organization"},"potentialAction":[{"@type":"SearchAction","target":{"@type":"EntryPoint","urlTemplate":"https:\/\/itmfilters.com\/en\/?s={search_term_string}"},"query-input":"required name=search_term_string"}],"inLanguage":"fr-FR"},{"@type":"Organization","@id":"https:\/\/itmfilters.com\/en\/#organization","name":"ITM Filters","url":"https:\/\/itmfilters.com\/en\/","logo":{"@type":"ImageObject","inLanguage":"fr-FR","@id":"https:\/\/itmfilters.com\/en\/#\/schema\/logo\/image\/","url":"https:\/\/itmfilters.com\/wp-content\/uploads\/2021\/06\/icon-itm.png","contentUrl":"https:\/\/itmfilters.com\/wp-content\/uploads\/2021\/06\/icon-itm.png","width":270,"height":270,"caption":"ITM Filters"},"image":{"@id":"https:\/\/itmfilters.com\/en\/#\/schema\/logo\/image\/"},"sameAs":["https:\/\/www.instagram.com\/itm_filters\/","https:\/\/www.linkedin.com\/company\/itm-filters\/","https:\/\/www.youtube.com\/channel\/UCflfBtWjNFoLkb2RlG3ZaXA"]}]}},"_links":{"self":[{"href":"https:\/\/itmfilters.com\/fr\/wp-json\/wp\/v2\/pages\/3314"}],"collection":[{"href":"https:\/\/itmfilters.com\/fr\/wp-json\/wp\/v2\/pages"}],"about":[{"href":"https:\/\/itmfilters.com\/fr\/wp-json\/wp\/v2\/types\/page"}],"author":[{"embeddable":true,"href":"https:\/\/itmfilters.com\/fr\/wp-json\/wp\/v2\/users\/2"}],"replies":[{"embeddable":true,"href":"https:\/\/itmfilters.com\/fr\/wp-json\/wp\/v2\/comments?post=3314"}],"version-history":[{"count":3,"href":"https:\/\/itmfilters.com\/fr\/wp-json\/wp\/v2\/pages\/3314\/revisions"}],"predecessor-version":[{"id":8147,"href":"https:\/\/itmfilters.com\/fr\/wp-json\/wp\/v2\/pages\/3314\/revisions\/8147"}],"wp:attachment":[{"href":"https:\/\/itmfilters.com\/fr\/wp-json\/wp\/v2\/media?parent=3314"}],"curies":[{"name":"wp","href":"https:\/\/api.w.org\/{rel}","templated":true}]}}