{"id":3229,"date":"2021-06-09T16:31:43","date_gmt":"2021-06-09T14:31:43","guid":{"rendered":"https:\/\/itmfilters.com\/politiques-dentreprise\/systeme-de-gestion-integre\/"},"modified":"2023-04-06T20:15:41","modified_gmt":"2023-04-06T18:15:41","slug":"systeme-de-gestion-integre","status":"publish","type":"page","link":"https:\/\/itmfilters.com\/fr\/politiques-dentreprise\/systeme-de-gestion-integre\/","title":{"rendered":"Syst\u00e8me de gestion int\u00e9gr\u00e9"},"content":{"rendered":"\t\t<div data-elementor-type=\"wp-page\" data-elementor-id=\"3229\" class=\"elementor elementor-3229 elementor-732\">\n\t\t\t\t\t\t\t\t\t<section class=\"elementor-section elementor-top-section elementor-element elementor-element-2e5bec3 elementor-section-boxed elementor-section-height-default elementor-section-height-default\" data-id=\"2e5bec3\" data-element_type=\"section\">\n\t\t\t\t\t\t<div class=\"elementor-container elementor-column-gap-default\">\n\t\t\t\t\t<div class=\"elementor-column elementor-col-100 elementor-top-column elementor-element elementor-element-731569f\" data-id=\"731569f\" data-element_type=\"column\">\n\t\t\t<div class=\"elementor-widget-wrap elementor-element-populated\">\n\t\t\t\t\t\t\t\t<div class=\"elementor-element elementor-element-1e4a88f elementor-widget-mobile__width-inherit elementor-widget elementor-widget-text-editor\" data-id=\"1e4a88f\" data-element_type=\"widget\" data-widget_type=\"text-editor.default\">\n\t\t\t\t<div class=\"elementor-widget-container\">\n\t\t\t\t\t\t\t<p>Chez ITM FILTERS, nous disposons d&rsquo;un Syst\u00e8me de Gestion Int\u00e9gr\u00e9e qui est l&rsquo;un de nos principaux outils lors du d\u00e9veloppement de nos projets, en respectant pleinement les exigences l\u00e9gales, en garantissant la qualit\u00e9 de nos travaux, en renfor\u00e7ant la s\u00e9curit\u00e9 de tous nos employ\u00e9s et en r\u00e9pondant aux besoins de l&rsquo;environnement.<\/p>\n\t\t\t\t\t\t<\/div>\n\t\t\t\t<\/div>\n\t\t\t\t<div class=\"elementor-element elementor-element-4b1592b elementor-align-center elementor-tablet-align-center elementor-widget__width-auto elementor-widget elementor-widget-button\" data-id=\"4b1592b\" data-element_type=\"widget\" data-widget_type=\"button.default\">\n\t\t\t\t<div class=\"elementor-widget-container\">\n\t\t\t\t\t<div class=\"elementor-button-wrapper\">\n\t\t\t<a href=\"\/wp-content\/uploads\/2021\/06\/POLITICAS-SIG-Rev-4.pdf\" target=\"_blank\" rel=\"nofollow\" class=\"elementor-button-link elementor-button elementor-size-xl\" role=\"button\">\n\t\t\t\t\t\t<span class=\"elementor-button-content-wrapper\">\n\t\t\t\t\t\t\t<span class=\"elementor-button-icon elementor-align-icon-left\">\n\t\t\t\t<i aria-hidden=\"true\" class=\"fas fa-arrow-right\"><\/i>\t\t\t<\/span>\n\t\t\t\t\t\t<span class=\"elementor-button-text\">Polotiques de SIG<\/span>\n\t\t<\/span>\n\t\t\t\t\t<\/a>\n\t\t<\/div>\n\t\t\t\t<\/div>\n\t\t\t\t<\/div>\n\t\t\t\t<div class=\"elementor-element elementor-element-ae40564 elementor-align-center elementor-tablet-align-center elementor-widget__width-auto elementor-widget elementor-widget-button\" data-id=\"ae40564\" data-element_type=\"widget\" data-widget_type=\"button.default\">\n\t\t\t\t<div class=\"elementor-widget-container\">\n\t\t\t\t\t<div class=\"elementor-button-wrapper\">\n\t\t\t<a href=\"\/wp-content\/uploads\/2021\/06\/POLITICA-STOP-WORK-Rev-0.pdf\" target=\"_blank\" rel=\"nofollow\" class=\"elementor-button-link elementor-button elementor-size-xl\" role=\"button\">\n\t\t\t\t\t\t<span class=\"elementor-button-content-wrapper\">\n\t\t\t\t\t\t\t<span class=\"elementor-button-icon elementor-align-icon-left\">\n\t\t\t\t<i aria-hidden=\"true\" class=\"fas fa-arrow-right\"><\/i>\t\t\t<\/span>\n\t\t\t\t\t\t<span class=\"elementor-button-text\">Polotiques Stop Work<\/span>\n\t\t<\/span>\n\t\t\t\t\t<\/a>\n\t\t<\/div>\n\t\t\t\t<\/div>\n\t\t\t\t<\/div>\n\t\t\t\t\t<\/div>\n\t\t<\/div>\n\t\t\t\t\t\t\t<\/div>\n\t\t<\/section>\n\t\t\t\t<section class=\"elementor-section elementor-top-section elementor-element elementor-element-5c4c904 seccion-sig elementor-section-content-top elementor-section-boxed elementor-section-height-default elementor-section-height-default\" data-id=\"5c4c904\" data-element_type=\"section\" data-settings=\"{&quot;background_background&quot;:&quot;classic&quot;}\">\n\t\t\t\t\t\t\t<div class=\"elementor-background-overlay\"><\/div>\n\t\t\t\t\t\t\t<div class=\"elementor-container elementor-column-gap-default\">\n\t\t\t\t\t<div class=\"elementor-column elementor-col-100 elementor-top-column elementor-element elementor-element-2c203d0\" data-id=\"2c203d0\" data-element_type=\"column\" data-settings=\"{&quot;background_background&quot;:&quot;classic&quot;}\">\n\t\t\t<div class=\"elementor-widget-wrap elementor-element-populated\">\n\t\t\t\t\t\t\t\t<section class=\"elementor-section elementor-inner-section elementor-element elementor-element-ae37f13 elementor-section-boxed elementor-section-height-default elementor-section-height-default\" data-id=\"ae37f13\" data-element_type=\"section\">\n\t\t\t\t\t\t<div class=\"elementor-container elementor-column-gap-default\">\n\t\t\t\t\t<div class=\"elementor-column elementor-col-50 elementor-inner-column elementor-element elementor-element-04ff1b2\" data-id=\"04ff1b2\" data-element_type=\"column\" data-settings=\"{&quot;background_background&quot;:&quot;classic&quot;}\">\n\t\t\t<div class=\"elementor-widget-wrap elementor-element-populated\">\n\t\t\t\t\t\t\t\t<div class=\"elementor-element elementor-element-b262fac elementor-widget elementor-widget-image\" data-id=\"b262fac\" data-element_type=\"widget\" data-widget_type=\"image.default\">\n\t\t\t\t<div class=\"elementor-widget-container\">\n\t\t\t\t\t\t\t\t\t\t\t\t\t\t\t<img decoding=\"async\" width=\"177\" height=\"176\" src=\"https:\/\/itmfilters.com\/wp-content\/uploads\/2021\/06\/ico-calidad.png\" class=\"attachment-large size-large wp-image-2124\" alt=\"\" loading=\"lazy\" srcset=\"https:\/\/itmfilters.com\/wp-content\/uploads\/2021\/06\/ico-calidad.png 177w, https:\/\/itmfilters.com\/wp-content\/uploads\/2021\/06\/ico-calidad-150x150.png 150w\" sizes=\"(max-width: 177px) 100vw, 177px\" \/>\t\t\t\t\t\t\t\t\t\t\t\t\t\t\t<\/div>\n\t\t\t\t<\/div>\n\t\t\t\t<div class=\"elementor-element elementor-element-bae4f99 elementor-widget elementor-widget-heading\" data-id=\"bae4f99\" data-element_type=\"widget\" data-widget_type=\"heading.default\">\n\t\t\t\t<div class=\"elementor-widget-container\">\n\t\t\t<h3 class=\"elementor-heading-title elementor-size-default\">QUALIT\u00c9<\/h3>\t\t<\/div>\n\t\t\t\t<\/div>\n\t\t\t\t<div class=\"elementor-element elementor-element-ab60374 elementor-widget elementor-widget-text-editor\" data-id=\"ab60374\" data-element_type=\"widget\" data-widget_type=\"text-editor.default\">\n\t\t\t\t<div class=\"elementor-widget-container\">\n\t\t\t\t\t\t\t<p>Nous offrons un service de qualit\u00e9 sup\u00e9rieure, en innovant et en am\u00e9liorant nos produits chaque jour.<\/p>\n<p><span style=\"font-weight: 400;\">Nous sommes certifi\u00e9s <strong>ISO 9001<\/strong><\/span><strong>.<\/strong><\/p>\n\t\t\t\t\t\t<\/div>\n\t\t\t\t<\/div>\n\t\t\t\t<div class=\"elementor-element elementor-element-7948684 elementor-align-justify elementor-tablet-align-center elementor-widget__width-initial elementor-widget elementor-widget-button\" data-id=\"7948684\" data-element_type=\"widget\" data-widget_type=\"button.default\">\n\t\t\t\t<div class=\"elementor-widget-container\">\n\t\t\t\t\t<div class=\"elementor-button-wrapper\">\n\t\t\t<a href=\"https:\/\/itmfilters.com\/politicas-de-empresa\/calidad-iso-9001\/\" class=\"elementor-button-link elementor-button elementor-size-xl\" role=\"button\">\n\t\t\t\t\t\t<span class=\"elementor-button-content-wrapper\">\n\t\t\t\t\t\t<span class=\"elementor-button-text\">Voir plus<\/span>\n\t\t<\/span>\n\t\t\t\t\t<\/a>\n\t\t<\/div>\n\t\t\t\t<\/div>\n\t\t\t\t<\/div>\n\t\t\t\t\t<\/div>\n\t\t<\/div>\n\t\t\t\t<div class=\"elementor-column elementor-col-50 elementor-inner-column elementor-element elementor-element-33c10dc\" data-id=\"33c10dc\" data-element_type=\"column\" data-settings=\"{&quot;background_background&quot;:&quot;classic&quot;}\">\n\t\t\t<div class=\"elementor-widget-wrap elementor-element-populated\">\n\t\t\t\t\t\t\t\t<div class=\"elementor-element elementor-element-0739d0d elementor-widget elementor-widget-image\" data-id=\"0739d0d\" data-element_type=\"widget\" data-widget_type=\"image.default\">\n\t\t\t\t<div class=\"elementor-widget-container\">\n\t\t\t\t\t\t\t\t\t\t\t\t\t\t\t<img decoding=\"async\" width=\"176\" height=\"177\" src=\"https:\/\/itmfilters.com\/wp-content\/uploads\/2021\/06\/ico-prevencion.png\" class=\"attachment-large size-large wp-image-2128\" alt=\"\" loading=\"lazy\" srcset=\"https:\/\/itmfilters.com\/wp-content\/uploads\/2021\/06\/ico-prevencion.png 176w, https:\/\/itmfilters.com\/wp-content\/uploads\/2021\/06\/ico-prevencion-150x150.png 150w\" sizes=\"(max-width: 176px) 100vw, 176px\" \/>\t\t\t\t\t\t\t\t\t\t\t\t\t\t\t<\/div>\n\t\t\t\t<\/div>\n\t\t\t\t<div class=\"elementor-element elementor-element-f4e1429 elementor-widget elementor-widget-heading\" data-id=\"f4e1429\" data-element_type=\"widget\" data-widget_type=\"heading.default\">\n\t\t\t\t<div class=\"elementor-widget-container\">\n\t\t\t<h3 class=\"elementor-heading-title elementor-size-default\">PR\u00c9VENTION<\/h3>\t\t<\/div>\n\t\t\t\t<\/div>\n\t\t\t\t<div class=\"elementor-element elementor-element-9b5e82d elementor-widget elementor-widget-text-editor\" data-id=\"9b5e82d\" data-element_type=\"widget\" data-widget_type=\"text-editor.default\">\n\t\t\t\t<div class=\"elementor-widget-container\">\n\t\t\t\t\t\t\t<p>Nous nous soucions de nos employ\u00e9s. C&rsquo;est pourquoi nous garantissons des conditions de travail optimales.<\/p>\n<p><span style=\"font-weight: 400;\">Nous sommes certifi\u00e9s <strong>ISO 45001<\/strong><\/span><strong>.<\/strong><\/p>\n\t\t\t\t\t\t<\/div>\n\t\t\t\t<\/div>\n\t\t\t\t<div class=\"elementor-element elementor-element-84a9d3a elementor-align-justify elementor-tablet-align-center elementor-widget__width-initial elementor-widget elementor-widget-button\" data-id=\"84a9d3a\" data-element_type=\"widget\" data-widget_type=\"button.default\">\n\t\t\t\t<div class=\"elementor-widget-container\">\n\t\t\t\t\t<div class=\"elementor-button-wrapper\">\n\t\t\t<a href=\"https:\/\/itmfilters.com\/politicas-de-empresa\/prevencion-iso-45001\/\" class=\"elementor-button-link elementor-button elementor-size-xl\" role=\"button\">\n\t\t\t\t\t\t<span class=\"elementor-button-content-wrapper\">\n\t\t\t\t\t\t<span class=\"elementor-button-text\">Voir plus<\/span>\n\t\t<\/span>\n\t\t\t\t\t<\/a>\n\t\t<\/div>\n\t\t\t\t<\/div>\n\t\t\t\t<\/div>\n\t\t\t\t\t<\/div>\n\t\t<\/div>\n\t\t\t\t\t\t\t<\/div>\n\t\t<\/section>\n\t\t\t\t<section class=\"elementor-section elementor-inner-section elementor-element elementor-element-f1a3b34 elementor-section-boxed elementor-section-height-default elementor-section-height-default\" data-id=\"f1a3b34\" data-element_type=\"section\">\n\t\t\t\t\t\t<div class=\"elementor-container elementor-column-gap-default\">\n\t\t\t\t\t<div class=\"elementor-column elementor-col-100 elementor-inner-column elementor-element elementor-element-b38b9a2\" data-id=\"b38b9a2\" data-element_type=\"column\" data-settings=\"{&quot;background_background&quot;:&quot;classic&quot;}\">\n\t\t\t<div class=\"elementor-widget-wrap elementor-element-populated\">\n\t\t\t\t\t\t\t\t<div class=\"elementor-element elementor-element-63a355d elementor-widget elementor-widget-image\" data-id=\"63a355d\" data-element_type=\"widget\" data-widget_type=\"image.default\">\n\t\t\t\t<div class=\"elementor-widget-container\">\n\t\t\t\t\t\t\t\t\t\t\t\t\t\t\t<img decoding=\"async\" width=\"177\" height=\"176\" src=\"https:\/\/itmfilters.com\/wp-content\/uploads\/2021\/06\/ico-gestion-ambiental.png\" class=\"attachment-large size-large wp-image-2126\" alt=\"\" loading=\"lazy\" srcset=\"https:\/\/itmfilters.com\/wp-content\/uploads\/2021\/06\/ico-gestion-ambiental.png 177w, https:\/\/itmfilters.com\/wp-content\/uploads\/2021\/06\/ico-gestion-ambiental-150x150.png 150w\" sizes=\"(max-width: 177px) 100vw, 177px\" \/>\t\t\t\t\t\t\t\t\t\t\t\t\t\t\t<\/div>\n\t\t\t\t<\/div>\n\t\t\t\t<div class=\"elementor-element elementor-element-621ede4 elementor-widget elementor-widget-heading\" data-id=\"621ede4\" data-element_type=\"widget\" data-widget_type=\"heading.default\">\n\t\t\t\t<div class=\"elementor-widget-container\">\n\t\t\t<h3 class=\"elementor-heading-title elementor-size-default\">GESTION DE L'ENVIRONNEMENT<\/h3>\t\t<\/div>\n\t\t\t\t<\/div>\n\t\t\t\t<div class=\"elementor-element elementor-element-dbabdc4 elementor-widget elementor-widget-text-editor\" data-id=\"dbabdc4\" data-element_type=\"widget\" data-widget_type=\"text-editor.default\">\n\t\t\t\t<div class=\"elementor-widget-container\">\n\t\t\t\t\t\t\t<p>Nous essayons de maintenir une interaction positive avec notre environnement en minimisant l&rsquo;impact environnemental.<\/p>\n<p>Nous sommes certifi\u00e9s<strong> ISO 14001<\/strong>.<\/p>\n\t\t\t\t\t\t<\/div>\n\t\t\t\t<\/div>\n\t\t\t\t<div class=\"elementor-element elementor-element-9a7864b elementor-align-justify elementor-tablet-align-center elementor-widget__width-initial elementor-widget elementor-widget-button\" data-id=\"9a7864b\" data-element_type=\"widget\" data-widget_type=\"button.default\">\n\t\t\t\t<div class=\"elementor-widget-container\">\n\t\t\t\t\t<div class=\"elementor-button-wrapper\">\n\t\t\t<a href=\"https:\/\/itmfilters.com\/politicas-de-empresa\/gestion-ambiental-iso-14001\/\" class=\"elementor-button-link elementor-button elementor-size-xl\" role=\"button\">\n\t\t\t\t\t\t<span class=\"elementor-button-content-wrapper\">\n\t\t\t\t\t\t<span class=\"elementor-button-text\">Voir plus<\/span>\n\t\t<\/span>\n\t\t\t\t\t<\/a>\n\t\t<\/div>\n\t\t\t\t<\/div>\n\t\t\t\t<\/div>\n\t\t\t\t\t<\/div>\n\t\t<\/div>\n\t\t\t\t\t\t\t<\/div>\n\t\t<\/section>\n\t\t\t\t\t<\/div>\n\t\t<\/div>\n\t\t\t\t\t\t\t<\/div>\n\t\t<\/section>\n\t\t\t\t\t\t\t<\/div>\n\t\t","protected":false},"excerpt":{"rendered":"<p>Chez ITM FILTERS, nous disposons d&rsquo;un Syst\u00e8me de Gestion Int\u00e9gr\u00e9e qui est l&rsquo;un de nos principaux outils lors du d\u00e9veloppement de nos projets, en respectant pleinement les exigences l\u00e9gales, en garantissant la qualit\u00e9 de nos travaux, en renfor\u00e7ant la s\u00e9curit\u00e9 de tous nos employ\u00e9s et en r\u00e9pondant aux besoins de l&rsquo;environnement. Polotiques de SIG Polotiques &hellip;<\/p>\n<p class=\"read-more\"> <a class=\"\" href=\"https:\/\/itmfilters.com\/fr\/politiques-dentreprise\/systeme-de-gestion-integre\/\"> <span class=\"screen-reader-text\">Syst\u00e8me de gestion int\u00e9gr\u00e9<\/span> Lire la suite\u00a0\u00bb<\/a><\/p>\n","protected":false},"author":2,"featured_media":2112,"parent":3209,"menu_order":0,"comment_status":"closed","ping_status":"closed","template":"","meta":{"site-sidebar-layout":"no-sidebar","site-content-layout":"page-builder","ast-global-header-display":"","ast-main-header-display":"","ast-hfb-above-header-display":"","ast-hfb-below-header-display":"","ast-hfb-mobile-header-display":"","site-post-title":"disabled","ast-breadcrumbs-content":"","ast-featured-img":"disabled","footer-sml-layout":"","theme-transparent-header-meta":"default","adv-header-id-meta":"","stick-header-meta":"","header-above-stick-meta":"","header-main-stick-meta":"","header-below-stick-meta":""},"yoast_head":"<!-- This site is optimized with the Yoast SEO plugin v20.9 - https:\/\/yoast.com\/wordpress\/plugins\/seo\/ -->\n<title>Syst\u00e8me de gestion int\u00e9gr\u00e9 | ITM Filters<\/title>\n<meta name=\"robots\" content=\"index, follow, max-snippet:-1, max-image-preview:large, max-video-preview:-1\" \/>\n<link rel=\"canonical\" href=\"https:\/\/itmfilters.com\/fr\/politiques-dentreprise\/systeme-de-gestion-integre\/\" \/>\n<meta property=\"og:locale\" content=\"fr_FR\" \/>\n<meta property=\"og:type\" content=\"article\" \/>\n<meta property=\"og:title\" content=\"Syst\u00e8me de gestion int\u00e9gr\u00e9 | ITM Filters\" \/>\n<meta property=\"og:description\" content=\"Chez ITM FILTERS, nous disposons d&rsquo;un Syst\u00e8me de Gestion Int\u00e9gr\u00e9e qui est l&rsquo;un de nos principaux outils lors du d\u00e9veloppement de nos projets, en respectant pleinement les exigences l\u00e9gales, en garantissant la qualit\u00e9 de nos travaux, en renfor\u00e7ant la s\u00e9curit\u00e9 de tous nos employ\u00e9s et en r\u00e9pondant aux besoins de l&rsquo;environnement. Polotiques de SIG Polotiques &hellip; Syst\u00e8me de gestion int\u00e9gr\u00e9 Lire la suite\u00a0\u00bb\" \/>\n<meta property=\"og:url\" content=\"https:\/\/itmfilters.com\/fr\/politiques-dentreprise\/systeme-de-gestion-integre\/\" \/>\n<meta property=\"og:site_name\" content=\"ITM Filters\" \/>\n<meta property=\"article:modified_time\" content=\"2023-04-06T18:15:41+00:00\" \/>\n<meta property=\"og:image\" content=\"https:\/\/itmfilters.com\/wp-content\/uploads\/2021\/06\/bg-header-sistema-de-gestion.jpg\" \/>\n\t<meta property=\"og:image:width\" content=\"2560\" \/>\n\t<meta property=\"og:image:height\" content=\"1125\" \/>\n\t<meta property=\"og:image:type\" content=\"image\/jpeg\" \/>\n<meta name=\"twitter:card\" content=\"summary_large_image\" \/>\n<meta name=\"twitter:label1\" content=\"Dur\u00e9e de lecture estim\u00e9e\" \/>\n\t<meta name=\"twitter:data1\" content=\"2 minutes\" \/>\n<script type=\"application\/ld+json\" class=\"yoast-schema-graph\">{\"@context\":\"https:\/\/schema.org\",\"@graph\":[{\"@type\":\"WebPage\",\"@id\":\"https:\/\/itmfilters.com\/fr\/politiques-dentreprise\/systeme-de-gestion-integre\/\",\"url\":\"https:\/\/itmfilters.com\/fr\/politiques-dentreprise\/systeme-de-gestion-integre\/\",\"name\":\"Syst\u00e8me de gestion int\u00e9gr\u00e9 | ITM Filters\",\"isPartOf\":{\"@id\":\"https:\/\/itmfilters.com\/en\/#website\"},\"datePublished\":\"2021-06-09T14:31:43+00:00\",\"dateModified\":\"2023-04-06T18:15:41+00:00\",\"breadcrumb\":{\"@id\":\"https:\/\/itmfilters.com\/fr\/politiques-dentreprise\/systeme-de-gestion-integre\/#breadcrumb\"},\"inLanguage\":\"fr-FR\",\"potentialAction\":[{\"@type\":\"ReadAction\",\"target\":[\"https:\/\/itmfilters.com\/fr\/politiques-dentreprise\/systeme-de-gestion-integre\/\"]}]},{\"@type\":\"BreadcrumbList\",\"@id\":\"https:\/\/itmfilters.com\/fr\/politiques-dentreprise\/systeme-de-gestion-integre\/#breadcrumb\",\"itemListElement\":[{\"@type\":\"ListItem\",\"position\":1,\"name\":\"Portada\",\"item\":\"https:\/\/itmfilters.com\/\"},{\"@type\":\"ListItem\",\"position\":2,\"name\":\"Politiques d\u2019entreprise\",\"item\":\"https:\/\/itmfilters.com\/fr\/politiques-dentreprise\/\"},{\"@type\":\"ListItem\",\"position\":3,\"name\":\"Syst\u00e8me de gestion int\u00e9gr\u00e9\"}]},{\"@type\":\"WebSite\",\"@id\":\"https:\/\/itmfilters.com\/en\/#website\",\"url\":\"https:\/\/itmfilters.com\/en\/\",\"name\":\"ITM Filters\",\"description\":\"Water Solutions\",\"publisher\":{\"@id\":\"https:\/\/itmfilters.com\/en\/#organization\"},\"potentialAction\":[{\"@type\":\"SearchAction\",\"target\":{\"@type\":\"EntryPoint\",\"urlTemplate\":\"https:\/\/itmfilters.com\/en\/?s={search_term_string}\"},\"query-input\":\"required name=search_term_string\"}],\"inLanguage\":\"fr-FR\"},{\"@type\":\"Organization\",\"@id\":\"https:\/\/itmfilters.com\/en\/#organization\",\"name\":\"ITM Filters\",\"url\":\"https:\/\/itmfilters.com\/en\/\",\"logo\":{\"@type\":\"ImageObject\",\"inLanguage\":\"fr-FR\",\"@id\":\"https:\/\/itmfilters.com\/en\/#\/schema\/logo\/image\/\",\"url\":\"https:\/\/itmfilters.com\/wp-content\/uploads\/2021\/06\/icon-itm.png\",\"contentUrl\":\"https:\/\/itmfilters.com\/wp-content\/uploads\/2021\/06\/icon-itm.png\",\"width\":270,\"height\":270,\"caption\":\"ITM Filters\"},\"image\":{\"@id\":\"https:\/\/itmfilters.com\/en\/#\/schema\/logo\/image\/\"},\"sameAs\":[\"https:\/\/www.instagram.com\/itm_filters\/\",\"https:\/\/www.linkedin.com\/company\/itm-filters\/\",\"https:\/\/www.youtube.com\/channel\/UCflfBtWjNFoLkb2RlG3ZaXA\"]}]}<\/script>\n<!-- \/ Yoast SEO plugin. -->","yoast_head_json":{"title":"Syst\u00e8me de gestion int\u00e9gr\u00e9 | ITM Filters","robots":{"index":"index","follow":"follow","max-snippet":"max-snippet:-1","max-image-preview":"max-image-preview:large","max-video-preview":"max-video-preview:-1"},"canonical":"https:\/\/itmfilters.com\/fr\/politiques-dentreprise\/systeme-de-gestion-integre\/","og_locale":"fr_FR","og_type":"article","og_title":"Syst\u00e8me de gestion int\u00e9gr\u00e9 | ITM Filters","og_description":"Chez ITM FILTERS, nous disposons d&rsquo;un Syst\u00e8me de Gestion Int\u00e9gr\u00e9e qui est l&rsquo;un de nos principaux outils lors du d\u00e9veloppement de nos projets, en respectant pleinement les exigences l\u00e9gales, en garantissant la qualit\u00e9 de nos travaux, en renfor\u00e7ant la s\u00e9curit\u00e9 de tous nos employ\u00e9s et en r\u00e9pondant aux besoins de l&rsquo;environnement. Polotiques de SIG Polotiques &hellip; Syst\u00e8me de gestion int\u00e9gr\u00e9 Lire la suite\u00a0\u00bb","og_url":"https:\/\/itmfilters.com\/fr\/politiques-dentreprise\/systeme-de-gestion-integre\/","og_site_name":"ITM Filters","article_modified_time":"2023-04-06T18:15:41+00:00","og_image":[{"width":2560,"height":1125,"url":"https:\/\/itmfilters.com\/wp-content\/uploads\/2021\/06\/bg-header-sistema-de-gestion.jpg","type":"image\/jpeg"}],"twitter_card":"summary_large_image","twitter_misc":{"Dur\u00e9e de lecture estim\u00e9e":"2 minutes"},"schema":{"@context":"https:\/\/schema.org","@graph":[{"@type":"WebPage","@id":"https:\/\/itmfilters.com\/fr\/politiques-dentreprise\/systeme-de-gestion-integre\/","url":"https:\/\/itmfilters.com\/fr\/politiques-dentreprise\/systeme-de-gestion-integre\/","name":"Syst\u00e8me de gestion int\u00e9gr\u00e9 | ITM Filters","isPartOf":{"@id":"https:\/\/itmfilters.com\/en\/#website"},"datePublished":"2021-06-09T14:31:43+00:00","dateModified":"2023-04-06T18:15:41+00:00","breadcrumb":{"@id":"https:\/\/itmfilters.com\/fr\/politiques-dentreprise\/systeme-de-gestion-integre\/#breadcrumb"},"inLanguage":"fr-FR","potentialAction":[{"@type":"ReadAction","target":["https:\/\/itmfilters.com\/fr\/politiques-dentreprise\/systeme-de-gestion-integre\/"]}]},{"@type":"BreadcrumbList","@id":"https:\/\/itmfilters.com\/fr\/politiques-dentreprise\/systeme-de-gestion-integre\/#breadcrumb","itemListElement":[{"@type":"ListItem","position":1,"name":"Portada","item":"https:\/\/itmfilters.com\/"},{"@type":"ListItem","position":2,"name":"Politiques d\u2019entreprise","item":"https:\/\/itmfilters.com\/fr\/politiques-dentreprise\/"},{"@type":"ListItem","position":3,"name":"Syst\u00e8me de gestion int\u00e9gr\u00e9"}]},{"@type":"WebSite","@id":"https:\/\/itmfilters.com\/en\/#website","url":"https:\/\/itmfilters.com\/en\/","name":"ITM Filters","description":"Water Solutions","publisher":{"@id":"https:\/\/itmfilters.com\/en\/#organization"},"potentialAction":[{"@type":"SearchAction","target":{"@type":"EntryPoint","urlTemplate":"https:\/\/itmfilters.com\/en\/?s={search_term_string}"},"query-input":"required name=search_term_string"}],"inLanguage":"fr-FR"},{"@type":"Organization","@id":"https:\/\/itmfilters.com\/en\/#organization","name":"ITM Filters","url":"https:\/\/itmfilters.com\/en\/","logo":{"@type":"ImageObject","inLanguage":"fr-FR","@id":"https:\/\/itmfilters.com\/en\/#\/schema\/logo\/image\/","url":"https:\/\/itmfilters.com\/wp-content\/uploads\/2021\/06\/icon-itm.png","contentUrl":"https:\/\/itmfilters.com\/wp-content\/uploads\/2021\/06\/icon-itm.png","width":270,"height":270,"caption":"ITM Filters"},"image":{"@id":"https:\/\/itmfilters.com\/en\/#\/schema\/logo\/image\/"},"sameAs":["https:\/\/www.instagram.com\/itm_filters\/","https:\/\/www.linkedin.com\/company\/itm-filters\/","https:\/\/www.youtube.com\/channel\/UCflfBtWjNFoLkb2RlG3ZaXA"]}]}},"_links":{"self":[{"href":"https:\/\/itmfilters.com\/fr\/wp-json\/wp\/v2\/pages\/3229"}],"collection":[{"href":"https:\/\/itmfilters.com\/fr\/wp-json\/wp\/v2\/pages"}],"about":[{"href":"https:\/\/itmfilters.com\/fr\/wp-json\/wp\/v2\/types\/page"}],"author":[{"embeddable":true,"href":"https:\/\/itmfilters.com\/fr\/wp-json\/wp\/v2\/users\/2"}],"replies":[{"embeddable":true,"href":"https:\/\/itmfilters.com\/fr\/wp-json\/wp\/v2\/comments?post=3229"}],"version-history":[{"count":6,"href":"https:\/\/itmfilters.com\/fr\/wp-json\/wp\/v2\/pages\/3229\/revisions"}],"predecessor-version":[{"id":5920,"href":"https:\/\/itmfilters.com\/fr\/wp-json\/wp\/v2\/pages\/3229\/revisions\/5920"}],"up":[{"embeddable":true,"href":"https:\/\/itmfilters.com\/fr\/wp-json\/wp\/v2\/pages\/3209"}],"wp:featuredmedia":[{"embeddable":true,"href":"https:\/\/itmfilters.com\/fr\/wp-json\/wp\/v2\/media\/2112"}],"wp:attachment":[{"href":"https:\/\/itmfilters.com\/fr\/wp-json\/wp\/v2\/media?parent=3229"}],"curies":[{"name":"wp","href":"https:\/\/api.w.org\/{rel}","templated":true}]}}