{"id":3223,"date":"2021-06-09T16:34:09","date_gmt":"2021-06-09T14:34:09","guid":{"rendered":"https:\/\/itmfilters.com\/politiques-dentreprise\/gestion-de-lenvironnement\/"},"modified":"2023-09-15T17:07:25","modified_gmt":"2023-09-15T15:07:25","slug":"gestion-de-lenvironnement","status":"publish","type":"page","link":"https:\/\/itmfilters.com\/fr\/politiques-dentreprise\/gestion-de-lenvironnement\/","title":{"rendered":"Gestion de l&rsquo;environnement"},"content":{"rendered":"\t\t<div data-elementor-type=\"wp-page\" data-elementor-id=\"3223\" class=\"elementor elementor-3223 elementor-742\">\n\t\t\t\t\t\t\t\t\t<section class=\"elementor-section elementor-top-section elementor-element elementor-element-ef2076f elementor-reverse-tablet elementor-reverse-mobile elementor-section-boxed elementor-section-height-default elementor-section-height-default\" data-id=\"ef2076f\" data-element_type=\"section\">\n\t\t\t\t\t\t<div class=\"elementor-container elementor-column-gap-default\">\n\t\t\t\t\t<div class=\"elementor-column elementor-col-50 elementor-top-column elementor-element elementor-element-fd46aee\" data-id=\"fd46aee\" data-element_type=\"column\">\n\t\t\t<div class=\"elementor-widget-wrap elementor-element-populated\">\n\t\t\t\t\t\t\t\t<div class=\"elementor-element elementor-element-97aa697 elementor-widget elementor-widget-heading\" data-id=\"97aa697\" data-element_type=\"widget\" data-widget_type=\"heading.default\">\n\t\t\t\t<div class=\"elementor-widget-container\">\n\t\t\t<h3 class=\"elementor-heading-title elementor-size-default\">L'un de nos piliers fondamentaux est le respect de l'environnement.<\/h3>\t\t<\/div>\n\t\t\t\t<\/div>\n\t\t\t\t<div class=\"elementor-element elementor-element-12e9550 elementor-widget elementor-widget-text-editor\" data-id=\"12e9550\" data-element_type=\"widget\" data-widget_type=\"text-editor.default\">\n\t\t\t\t<div class=\"elementor-widget-container\">\n\t\t\t\t\t\t\t<p>C&rsquo;est pourquoi, chez ITM FILTERS, nous nous engageons \u00e0 prendre des mesures qui minimisent au maximum notre impact sur l&rsquo;environnement afin de prendre soin de notre environnement. Nous innovons dans des mesures efficaces pour orienter nos projets vers le d\u00e9veloppement durable.<\/p>\n<p><strong>Pour cette raison, nous disposons d&rsquo;un syst\u00e8me de gestion de la qualit\u00e9, bas\u00e9 sur la norme de r\u00e9f\u00e9rence UNE-EN ISO 9001, certifi\u00e9 par SGS.<\/strong><\/p>\n\t\t\t\t\t\t<\/div>\n\t\t\t\t<\/div>\n\t\t\t\t<div class=\"elementor-element elementor-element-b985002 elementor-align-left elementor-tablet-align-center elementor-widget__width-initial elementor-mobile-align-center elementor-widget-mobile__width-inherit elementor-widget elementor-widget-button\" data-id=\"b985002\" data-element_type=\"widget\" data-widget_type=\"button.default\">\n\t\t\t\t<div class=\"elementor-widget-container\">\n\t\t\t\t\t<div class=\"elementor-button-wrapper\">\n\t\t\t<a href=\"https:\/\/itmfilters.com\/wp-content\/uploads\/2023\/09\/ITM-CERTF.-14001-REN-SUB-4-ING.pdf\" rel=\"nofollow\" download=\"\" class=\"elementor-button-link elementor-button elementor-size-xl\" role=\"button\">\n\t\t\t\t\t\t<span class=\"elementor-button-content-wrapper\">\n\t\t\t\t\t\t\t<span class=\"elementor-button-icon elementor-align-icon-left\">\n\t\t\t\t<svg xmlns=\"http:\/\/www.w3.org\/2000\/svg\" width=\"18.967\" height=\"18.486\" viewBox=\"0 0 18.967 18.486\"><path id=\"arrow-right\" d=\"M8.064-16.133a1.01,1.01,0,0,0,.017,1.452l5.1,4.86H1.016A1.014,1.014,0,0,0,0-8.805V-7.45A1.014,1.014,0,0,0,1.016-6.434H13.182l-5.1,4.86A1.017,1.017,0,0,0,8.064-.123L9,.817a1.012,1.012,0,0,0,1.435,0l8.229-8.229a1.012,1.012,0,0,0,0-1.435l-8.229-8.225a1.012,1.012,0,0,0-1.435,0Z\" transform=\"translate(0 17.371)\" fill=\"#fff\" opacity=\"0.46\"><\/path><\/svg>\t\t\t<\/span>\n\t\t\t\t\t\t<span class=\"elementor-button-text\">Voir le certificat<\/span>\n\t\t<\/span>\n\t\t\t\t\t<\/a>\n\t\t<\/div>\n\t\t\t\t<\/div>\n\t\t\t\t<\/div>\n\t\t\t\t\t<\/div>\n\t\t<\/div>\n\t\t\t\t<div class=\"elementor-column elementor-col-50 elementor-top-column elementor-element elementor-element-2f2c3bc\" data-id=\"2f2c3bc\" data-element_type=\"column\">\n\t\t\t<div class=\"elementor-widget-wrap elementor-element-populated\">\n\t\t\t\t\t\t\t\t<div class=\"elementor-element elementor-element-8668d67 elementor-widget elementor-widget-image\" data-id=\"8668d67\" data-element_type=\"widget\" data-widget_type=\"image.default\">\n\t\t\t\t<div class=\"elementor-widget-container\">\n\t\t\t\t\t\t\t\t\t\t\t\t\t\t\t<img decoding=\"async\" width=\"1536\" height=\"1332\" src=\"https:\/\/itmfilters.com\/wp-content\/uploads\/2023\/09\/img-cert-gestion-2023.jpg\" class=\"attachment-full size-full wp-image-7067\" alt=\"\" loading=\"lazy\" srcset=\"https:\/\/itmfilters.com\/wp-content\/uploads\/2023\/09\/img-cert-gestion-2023.jpg 1536w, https:\/\/itmfilters.com\/wp-content\/uploads\/2023\/09\/img-cert-gestion-2023-300x260.jpg 300w, https:\/\/itmfilters.com\/wp-content\/uploads\/2023\/09\/img-cert-gestion-2023-1024x888.jpg 1024w, https:\/\/itmfilters.com\/wp-content\/uploads\/2023\/09\/img-cert-gestion-2023-768x666.jpg 768w\" sizes=\"(max-width: 1536px) 100vw, 1536px\" \/>\t\t\t\t\t\t\t\t\t\t\t\t\t\t\t<\/div>\n\t\t\t\t<\/div>\n\t\t\t\t\t<\/div>\n\t\t<\/div>\n\t\t\t\t\t\t\t<\/div>\n\t\t<\/section>\n\t\t\t\t\t\t\t<\/div>\n\t\t","protected":false},"excerpt":{"rendered":"<p>L&rsquo;un de nos piliers fondamentaux est le respect de l&rsquo;environnement. C&rsquo;est pourquoi, chez ITM FILTERS, nous nous engageons \u00e0 prendre des mesures qui minimisent au maximum notre impact sur l&rsquo;environnement afin de prendre soin de notre environnement. Nous innovons dans des mesures efficaces pour orienter nos projets vers le d\u00e9veloppement durable. Pour cette raison, nous &hellip;<\/p>\n<p class=\"read-more\"> <a class=\"\" href=\"https:\/\/itmfilters.com\/fr\/politiques-dentreprise\/gestion-de-lenvironnement\/\"> <span class=\"screen-reader-text\">Gestion de l&rsquo;environnement<\/span> Lire la suite\u00a0\u00bb<\/a><\/p>\n","protected":false},"author":2,"featured_media":2114,"parent":3209,"menu_order":0,"comment_status":"closed","ping_status":"closed","template":"","meta":{"site-sidebar-layout":"no-sidebar","site-content-layout":"page-builder","ast-global-header-display":"","ast-main-header-display":"","ast-hfb-above-header-display":"","ast-hfb-below-header-display":"","ast-hfb-mobile-header-display":"","site-post-title":"disabled","ast-breadcrumbs-content":"","ast-featured-img":"disabled","footer-sml-layout":"","theme-transparent-header-meta":"default","adv-header-id-meta":"","stick-header-meta":"","header-above-stick-meta":"","header-main-stick-meta":"","header-below-stick-meta":""},"yoast_head":"<!-- This site is optimized with the Yoast SEO plugin v20.9 - https:\/\/yoast.com\/wordpress\/plugins\/seo\/ -->\n<title>Gestion de l&#039;environnement | ITM Filters<\/title>\n<meta name=\"robots\" content=\"index, follow, max-snippet:-1, max-image-preview:large, max-video-preview:-1\" \/>\n<link rel=\"canonical\" href=\"https:\/\/itmfilters.com\/fr\/politiques-dentreprise\/gestion-de-lenvironnement\/\" \/>\n<meta property=\"og:locale\" content=\"fr_FR\" \/>\n<meta property=\"og:type\" content=\"article\" \/>\n<meta property=\"og:title\" content=\"Gestion de l&#039;environnement | ITM Filters\" \/>\n<meta property=\"og:description\" content=\"L&rsquo;un de nos piliers fondamentaux est le respect de l&rsquo;environnement. C&rsquo;est pourquoi, chez ITM FILTERS, nous nous engageons \u00e0 prendre des mesures qui minimisent au maximum notre impact sur l&rsquo;environnement afin de prendre soin de notre environnement. Nous innovons dans des mesures efficaces pour orienter nos projets vers le d\u00e9veloppement durable. Pour cette raison, nous &hellip; Gestion de l&rsquo;environnement Lire la suite\u00a0\u00bb\" \/>\n<meta property=\"og:url\" content=\"https:\/\/itmfilters.com\/fr\/politiques-dentreprise\/gestion-de-lenvironnement\/\" \/>\n<meta property=\"og:site_name\" content=\"ITM Filters\" \/>\n<meta property=\"article:modified_time\" content=\"2023-09-15T15:07:25+00:00\" \/>\n<meta property=\"og:image\" content=\"https:\/\/itmfilters.com\/wp-content\/uploads\/2021\/06\/bg-header-gestion-ambiental.jpg\" \/>\n\t<meta property=\"og:image:width\" content=\"2560\" \/>\n\t<meta property=\"og:image:height\" content=\"1125\" \/>\n\t<meta property=\"og:image:type\" content=\"image\/jpeg\" \/>\n<meta name=\"twitter:card\" content=\"summary_large_image\" \/>\n<meta name=\"twitter:label1\" content=\"Dur\u00e9e de lecture estim\u00e9e\" \/>\n\t<meta name=\"twitter:data1\" content=\"1 minute\" \/>\n<script type=\"application\/ld+json\" class=\"yoast-schema-graph\">{\"@context\":\"https:\/\/schema.org\",\"@graph\":[{\"@type\":\"WebPage\",\"@id\":\"https:\/\/itmfilters.com\/fr\/politiques-dentreprise\/gestion-de-lenvironnement\/\",\"url\":\"https:\/\/itmfilters.com\/fr\/politiques-dentreprise\/gestion-de-lenvironnement\/\",\"name\":\"Gestion de l'environnement | ITM Filters\",\"isPartOf\":{\"@id\":\"https:\/\/itmfilters.com\/en\/#website\"},\"datePublished\":\"2021-06-09T14:34:09+00:00\",\"dateModified\":\"2023-09-15T15:07:25+00:00\",\"breadcrumb\":{\"@id\":\"https:\/\/itmfilters.com\/fr\/politiques-dentreprise\/gestion-de-lenvironnement\/#breadcrumb\"},\"inLanguage\":\"fr-FR\",\"potentialAction\":[{\"@type\":\"ReadAction\",\"target\":[\"https:\/\/itmfilters.com\/fr\/politiques-dentreprise\/gestion-de-lenvironnement\/\"]}]},{\"@type\":\"BreadcrumbList\",\"@id\":\"https:\/\/itmfilters.com\/fr\/politiques-dentreprise\/gestion-de-lenvironnement\/#breadcrumb\",\"itemListElement\":[{\"@type\":\"ListItem\",\"position\":1,\"name\":\"Portada\",\"item\":\"https:\/\/itmfilters.com\/\"},{\"@type\":\"ListItem\",\"position\":2,\"name\":\"Politiques d\u2019entreprise\",\"item\":\"https:\/\/itmfilters.com\/fr\/politiques-dentreprise\/\"},{\"@type\":\"ListItem\",\"position\":3,\"name\":\"Gestion de l&#8217;environnement\"}]},{\"@type\":\"WebSite\",\"@id\":\"https:\/\/itmfilters.com\/en\/#website\",\"url\":\"https:\/\/itmfilters.com\/en\/\",\"name\":\"ITM Filters\",\"description\":\"Water Solutions\",\"publisher\":{\"@id\":\"https:\/\/itmfilters.com\/en\/#organization\"},\"potentialAction\":[{\"@type\":\"SearchAction\",\"target\":{\"@type\":\"EntryPoint\",\"urlTemplate\":\"https:\/\/itmfilters.com\/en\/?s={search_term_string}\"},\"query-input\":\"required name=search_term_string\"}],\"inLanguage\":\"fr-FR\"},{\"@type\":\"Organization\",\"@id\":\"https:\/\/itmfilters.com\/en\/#organization\",\"name\":\"ITM Filters\",\"url\":\"https:\/\/itmfilters.com\/en\/\",\"logo\":{\"@type\":\"ImageObject\",\"inLanguage\":\"fr-FR\",\"@id\":\"https:\/\/itmfilters.com\/en\/#\/schema\/logo\/image\/\",\"url\":\"https:\/\/itmfilters.com\/wp-content\/uploads\/2021\/06\/icon-itm.png\",\"contentUrl\":\"https:\/\/itmfilters.com\/wp-content\/uploads\/2021\/06\/icon-itm.png\",\"width\":270,\"height\":270,\"caption\":\"ITM Filters\"},\"image\":{\"@id\":\"https:\/\/itmfilters.com\/en\/#\/schema\/logo\/image\/\"},\"sameAs\":[\"https:\/\/www.instagram.com\/itm_filters\/\",\"https:\/\/www.linkedin.com\/company\/itm-filters\/\",\"https:\/\/www.youtube.com\/channel\/UCflfBtWjNFoLkb2RlG3ZaXA\"]}]}<\/script>\n<!-- \/ Yoast SEO plugin. -->","yoast_head_json":{"title":"Gestion de l'environnement | ITM Filters","robots":{"index":"index","follow":"follow","max-snippet":"max-snippet:-1","max-image-preview":"max-image-preview:large","max-video-preview":"max-video-preview:-1"},"canonical":"https:\/\/itmfilters.com\/fr\/politiques-dentreprise\/gestion-de-lenvironnement\/","og_locale":"fr_FR","og_type":"article","og_title":"Gestion de l'environnement | ITM Filters","og_description":"L&rsquo;un de nos piliers fondamentaux est le respect de l&rsquo;environnement. C&rsquo;est pourquoi, chez ITM FILTERS, nous nous engageons \u00e0 prendre des mesures qui minimisent au maximum notre impact sur l&rsquo;environnement afin de prendre soin de notre environnement. Nous innovons dans des mesures efficaces pour orienter nos projets vers le d\u00e9veloppement durable. Pour cette raison, nous &hellip; Gestion de l&rsquo;environnement Lire la suite\u00a0\u00bb","og_url":"https:\/\/itmfilters.com\/fr\/politiques-dentreprise\/gestion-de-lenvironnement\/","og_site_name":"ITM Filters","article_modified_time":"2023-09-15T15:07:25+00:00","og_image":[{"width":2560,"height":1125,"url":"https:\/\/itmfilters.com\/wp-content\/uploads\/2021\/06\/bg-header-gestion-ambiental.jpg","type":"image\/jpeg"}],"twitter_card":"summary_large_image","twitter_misc":{"Dur\u00e9e de lecture estim\u00e9e":"1 minute"},"schema":{"@context":"https:\/\/schema.org","@graph":[{"@type":"WebPage","@id":"https:\/\/itmfilters.com\/fr\/politiques-dentreprise\/gestion-de-lenvironnement\/","url":"https:\/\/itmfilters.com\/fr\/politiques-dentreprise\/gestion-de-lenvironnement\/","name":"Gestion de l'environnement | ITM Filters","isPartOf":{"@id":"https:\/\/itmfilters.com\/en\/#website"},"datePublished":"2021-06-09T14:34:09+00:00","dateModified":"2023-09-15T15:07:25+00:00","breadcrumb":{"@id":"https:\/\/itmfilters.com\/fr\/politiques-dentreprise\/gestion-de-lenvironnement\/#breadcrumb"},"inLanguage":"fr-FR","potentialAction":[{"@type":"ReadAction","target":["https:\/\/itmfilters.com\/fr\/politiques-dentreprise\/gestion-de-lenvironnement\/"]}]},{"@type":"BreadcrumbList","@id":"https:\/\/itmfilters.com\/fr\/politiques-dentreprise\/gestion-de-lenvironnement\/#breadcrumb","itemListElement":[{"@type":"ListItem","position":1,"name":"Portada","item":"https:\/\/itmfilters.com\/"},{"@type":"ListItem","position":2,"name":"Politiques d\u2019entreprise","item":"https:\/\/itmfilters.com\/fr\/politiques-dentreprise\/"},{"@type":"ListItem","position":3,"name":"Gestion de l&#8217;environnement"}]},{"@type":"WebSite","@id":"https:\/\/itmfilters.com\/en\/#website","url":"https:\/\/itmfilters.com\/en\/","name":"ITM Filters","description":"Water Solutions","publisher":{"@id":"https:\/\/itmfilters.com\/en\/#organization"},"potentialAction":[{"@type":"SearchAction","target":{"@type":"EntryPoint","urlTemplate":"https:\/\/itmfilters.com\/en\/?s={search_term_string}"},"query-input":"required name=search_term_string"}],"inLanguage":"fr-FR"},{"@type":"Organization","@id":"https:\/\/itmfilters.com\/en\/#organization","name":"ITM Filters","url":"https:\/\/itmfilters.com\/en\/","logo":{"@type":"ImageObject","inLanguage":"fr-FR","@id":"https:\/\/itmfilters.com\/en\/#\/schema\/logo\/image\/","url":"https:\/\/itmfilters.com\/wp-content\/uploads\/2021\/06\/icon-itm.png","contentUrl":"https:\/\/itmfilters.com\/wp-content\/uploads\/2021\/06\/icon-itm.png","width":270,"height":270,"caption":"ITM Filters"},"image":{"@id":"https:\/\/itmfilters.com\/en\/#\/schema\/logo\/image\/"},"sameAs":["https:\/\/www.instagram.com\/itm_filters\/","https:\/\/www.linkedin.com\/company\/itm-filters\/","https:\/\/www.youtube.com\/channel\/UCflfBtWjNFoLkb2RlG3ZaXA"]}]}},"_links":{"self":[{"href":"https:\/\/itmfilters.com\/fr\/wp-json\/wp\/v2\/pages\/3223"}],"collection":[{"href":"https:\/\/itmfilters.com\/fr\/wp-json\/wp\/v2\/pages"}],"about":[{"href":"https:\/\/itmfilters.com\/fr\/wp-json\/wp\/v2\/types\/page"}],"author":[{"embeddable":true,"href":"https:\/\/itmfilters.com\/fr\/wp-json\/wp\/v2\/users\/2"}],"replies":[{"embeddable":true,"href":"https:\/\/itmfilters.com\/fr\/wp-json\/wp\/v2\/comments?post=3223"}],"version-history":[{"count":9,"href":"https:\/\/itmfilters.com\/fr\/wp-json\/wp\/v2\/pages\/3223\/revisions"}],"predecessor-version":[{"id":7088,"href":"https:\/\/itmfilters.com\/fr\/wp-json\/wp\/v2\/pages\/3223\/revisions\/7088"}],"up":[{"embeddable":true,"href":"https:\/\/itmfilters.com\/fr\/wp-json\/wp\/v2\/pages\/3209"}],"wp:featuredmedia":[{"embeddable":true,"href":"https:\/\/itmfilters.com\/fr\/wp-json\/wp\/v2\/media\/2114"}],"wp:attachment":[{"href":"https:\/\/itmfilters.com\/fr\/wp-json\/wp\/v2\/media?parent=3223"}],"curies":[{"name":"wp","href":"https:\/\/api.w.org\/{rel}","templated":true}]}}