{"id":3221,"date":"2021-06-09T16:34:50","date_gmt":"2021-06-09T14:34:50","guid":{"rendered":"https:\/\/itmfilters.com\/politiques-dentreprise\/soudage\/"},"modified":"2021-09-30T09:19:12","modified_gmt":"2021-09-30T07:19:12","slug":"soudage","status":"publish","type":"page","link":"https:\/\/itmfilters.com\/fr\/politiques-dentreprise\/soudage\/","title":{"rendered":"Soudage"},"content":{"rendered":"\t\t<div data-elementor-type=\"wp-page\" data-elementor-id=\"3221\" class=\"elementor elementor-3221 elementor-748\">\n\t\t\t\t\t\t\t\t\t<section class=\"elementor-section elementor-top-section elementor-element elementor-element-ac694d7 elementor-reverse-tablet elementor-reverse-mobile elementor-section-boxed elementor-section-height-default elementor-section-height-default\" data-id=\"ac694d7\" data-element_type=\"section\">\n\t\t\t\t\t\t<div class=\"elementor-container elementor-column-gap-default\">\n\t\t\t\t\t<div class=\"elementor-column elementor-col-50 elementor-top-column elementor-element elementor-element-53fb67a\" data-id=\"53fb67a\" data-element_type=\"column\">\n\t\t\t<div class=\"elementor-widget-wrap elementor-element-populated\">\n\t\t\t\t\t\t\t\t<div class=\"elementor-element elementor-element-64f3d7f elementor-widget elementor-widget-heading\" data-id=\"64f3d7f\" data-element_type=\"widget\" data-widget_type=\"heading.default\">\n\t\t\t\t<div class=\"elementor-widget-container\">\n\t\t\t<h3 class=\"elementor-heading-title elementor-size-default\">Dans le but de garantir l'excellence, nous nous formons et nous nous sp\u00e9cialisons dans diff\u00e9rents domaines.<\/h3>\t\t<\/div>\n\t\t\t\t<\/div>\n\t\t\t\t<div class=\"elementor-element elementor-element-06d1a61 elementor-widget elementor-widget-text-editor\" data-id=\"06d1a61\" data-element_type=\"widget\" data-widget_type=\"text-editor.default\">\n\t\t\t\t<div class=\"elementor-widget-container\">\n\t\t\t\t\t\t\t<p>Chez ITM FILTERS, nous sommes accr\u00e9dit\u00e9s pour effectuer des travaux de soudure sur des structures permanentes r\u00e9alis\u00e9es en atelier, destin\u00e9es \u00e0 des travaux de g\u00e9nie civil au sein de la Communaut\u00e9 \u00e9conomique europ\u00e9enne. Et, par cons\u00e9quent, d&rsquo;effectuer le marquage CE de l&rsquo;ouvrage conform\u00e9ment \u00e0 la directive europ\u00e9enne sur les produits de construction.<\/p>\n<p><strong>Nous avons l&rsquo;accr\u00e9ditation UNE-EN 1090.<\/strong><\/p>\n\t\t\t\t\t\t<\/div>\n\t\t\t\t<\/div>\n\t\t\t\t<div class=\"elementor-element elementor-element-b5e03ea elementor-align-left elementor-tablet-align-center elementor-widget__width-initial elementor-mobile-align-center elementor-widget-mobile__width-inherit elementor-widget elementor-widget-button\" data-id=\"b5e03ea\" data-element_type=\"widget\" data-widget_type=\"button.default\">\n\t\t\t\t<div class=\"elementor-widget-container\">\n\t\t\t\t\t<div class=\"elementor-button-wrapper\">\n\t\t\t<a href=\"\/wp-content\/uploads\/2021\/06\/ESPECIFICACION-PROCEDIMIENTO-DE-SOLDEO-WPS_Pagina_1.pdf\" rel=\"nofollow\" download=\"\" class=\"elementor-button-link elementor-button elementor-size-xl\" role=\"button\">\n\t\t\t\t\t\t<span class=\"elementor-button-content-wrapper\">\n\t\t\t\t\t\t\t<span class=\"elementor-button-icon elementor-align-icon-left\">\n\t\t\t\t<svg xmlns=\"http:\/\/www.w3.org\/2000\/svg\" width=\"18.967\" height=\"18.486\" viewBox=\"0 0 18.967 18.486\"><path id=\"arrow-right\" d=\"M8.064-16.133a1.01,1.01,0,0,0,.017,1.452l5.1,4.86H1.016A1.014,1.014,0,0,0,0-8.805V-7.45A1.014,1.014,0,0,0,1.016-6.434H13.182l-5.1,4.86A1.017,1.017,0,0,0,8.064-.123L9,.817a1.012,1.012,0,0,0,1.435,0l8.229-8.229a1.012,1.012,0,0,0,0-1.435l-8.229-8.225a1.012,1.012,0,0,0-1.435,0Z\" transform=\"translate(0 17.371)\" fill=\"#fff\" opacity=\"0.46\"><\/path><\/svg>\t\t\t<\/span>\n\t\t\t\t\t\t<span class=\"elementor-button-text\">Voir le certificat<\/span>\n\t\t<\/span>\n\t\t\t\t\t<\/a>\n\t\t<\/div>\n\t\t\t\t<\/div>\n\t\t\t\t<\/div>\n\t\t\t\t\t<\/div>\n\t\t<\/div>\n\t\t\t\t<div class=\"elementor-column elementor-col-50 elementor-top-column elementor-element elementor-element-b6b23df\" data-id=\"b6b23df\" data-element_type=\"column\">\n\t\t\t<div class=\"elementor-widget-wrap elementor-element-populated\">\n\t\t\t\t\t\t\t\t<div class=\"elementor-element elementor-element-5cbc249 elementor-widget elementor-widget-image\" data-id=\"5cbc249\" data-element_type=\"widget\" data-widget_type=\"image.default\">\n\t\t\t\t<div class=\"elementor-widget-container\">\n\t\t\t\t\t\t\t\t\t\t\t\t\t\t\t<img decoding=\"async\" width=\"1536\" height=\"1332\" src=\"https:\/\/itmfilters.com\/wp-content\/uploads\/2021\/06\/img-cert-soldadura.jpg\" class=\"attachment-full size-full wp-image-2134\" alt=\"\" loading=\"lazy\" srcset=\"https:\/\/itmfilters.com\/wp-content\/uploads\/2021\/06\/img-cert-soldadura.jpg 1536w, https:\/\/itmfilters.com\/wp-content\/uploads\/2021\/06\/img-cert-soldadura-300x260.jpg 300w, https:\/\/itmfilters.com\/wp-content\/uploads\/2021\/06\/img-cert-soldadura-1024x888.jpg 1024w, https:\/\/itmfilters.com\/wp-content\/uploads\/2021\/06\/img-cert-soldadura-768x666.jpg 768w\" sizes=\"(max-width: 1536px) 100vw, 1536px\" \/>\t\t\t\t\t\t\t\t\t\t\t\t\t\t\t<\/div>\n\t\t\t\t<\/div>\n\t\t\t\t\t<\/div>\n\t\t<\/div>\n\t\t\t\t\t\t\t<\/div>\n\t\t<\/section>\n\t\t\t\t\t\t\t<\/div>\n\t\t","protected":false},"excerpt":{"rendered":"<p>Dans le but de garantir l&rsquo;excellence, nous nous formons et nous nous sp\u00e9cialisons dans diff\u00e9rents domaines. Chez ITM FILTERS, nous sommes accr\u00e9dit\u00e9s pour effectuer des travaux de soudure sur des structures permanentes r\u00e9alis\u00e9es en atelier, destin\u00e9es \u00e0 des travaux de g\u00e9nie civil au sein de la Communaut\u00e9 \u00e9conomique europ\u00e9enne. Et, par cons\u00e9quent, d&rsquo;effectuer le marquage &hellip;<\/p>\n<p class=\"read-more\"> <a class=\"\" href=\"https:\/\/itmfilters.com\/fr\/politiques-dentreprise\/soudage\/\"> <span class=\"screen-reader-text\">Soudage<\/span> Lire la suite\u00a0\u00bb<\/a><\/p>\n","protected":false},"author":2,"featured_media":2116,"parent":3209,"menu_order":0,"comment_status":"closed","ping_status":"closed","template":"","meta":{"site-sidebar-layout":"no-sidebar","site-content-layout":"page-builder","ast-global-header-display":"","ast-main-header-display":"","ast-hfb-above-header-display":"","ast-hfb-below-header-display":"","ast-hfb-mobile-header-display":"","site-post-title":"disabled","ast-breadcrumbs-content":"","ast-featured-img":"disabled","footer-sml-layout":"","theme-transparent-header-meta":"default","adv-header-id-meta":"","stick-header-meta":"","header-above-stick-meta":"","header-main-stick-meta":"","header-below-stick-meta":""},"yoast_head":"<!-- This site is optimized with the Yoast SEO plugin v20.9 - https:\/\/yoast.com\/wordpress\/plugins\/seo\/ -->\n<title>Soudage | ITM Filters<\/title>\n<meta name=\"robots\" content=\"index, follow, max-snippet:-1, max-image-preview:large, max-video-preview:-1\" \/>\n<link rel=\"canonical\" href=\"https:\/\/itmfilters.com\/fr\/politiques-dentreprise\/soudage\/\" \/>\n<meta property=\"og:locale\" content=\"fr_FR\" \/>\n<meta property=\"og:type\" content=\"article\" \/>\n<meta property=\"og:title\" content=\"Soudage | ITM Filters\" \/>\n<meta property=\"og:description\" content=\"Dans le but de garantir l&rsquo;excellence, nous nous formons et nous nous sp\u00e9cialisons dans diff\u00e9rents domaines. Chez ITM FILTERS, nous sommes accr\u00e9dit\u00e9s pour effectuer des travaux de soudure sur des structures permanentes r\u00e9alis\u00e9es en atelier, destin\u00e9es \u00e0 des travaux de g\u00e9nie civil au sein de la Communaut\u00e9 \u00e9conomique europ\u00e9enne. Et, par cons\u00e9quent, d&rsquo;effectuer le marquage &hellip; Soudage Lire la suite\u00a0\u00bb\" \/>\n<meta property=\"og:url\" content=\"https:\/\/itmfilters.com\/fr\/politiques-dentreprise\/soudage\/\" \/>\n<meta property=\"og:site_name\" content=\"ITM Filters\" \/>\n<meta property=\"article:modified_time\" content=\"2021-09-30T07:19:12+00:00\" \/>\n<meta property=\"og:image\" content=\"https:\/\/itmfilters.com\/wp-content\/uploads\/2021\/06\/bg-header-soldadura.jpg\" \/>\n\t<meta property=\"og:image:width\" content=\"2560\" \/>\n\t<meta property=\"og:image:height\" content=\"1125\" \/>\n\t<meta property=\"og:image:type\" content=\"image\/jpeg\" \/>\n<meta name=\"twitter:card\" content=\"summary_large_image\" \/>\n<script type=\"application\/ld+json\" class=\"yoast-schema-graph\">{\"@context\":\"https:\/\/schema.org\",\"@graph\":[{\"@type\":\"WebPage\",\"@id\":\"https:\/\/itmfilters.com\/fr\/politiques-dentreprise\/soudage\/\",\"url\":\"https:\/\/itmfilters.com\/fr\/politiques-dentreprise\/soudage\/\",\"name\":\"Soudage | ITM Filters\",\"isPartOf\":{\"@id\":\"https:\/\/itmfilters.com\/en\/#website\"},\"datePublished\":\"2021-06-09T14:34:50+00:00\",\"dateModified\":\"2021-09-30T07:19:12+00:00\",\"breadcrumb\":{\"@id\":\"https:\/\/itmfilters.com\/fr\/politiques-dentreprise\/soudage\/#breadcrumb\"},\"inLanguage\":\"fr-FR\",\"potentialAction\":[{\"@type\":\"ReadAction\",\"target\":[\"https:\/\/itmfilters.com\/fr\/politiques-dentreprise\/soudage\/\"]}]},{\"@type\":\"BreadcrumbList\",\"@id\":\"https:\/\/itmfilters.com\/fr\/politiques-dentreprise\/soudage\/#breadcrumb\",\"itemListElement\":[{\"@type\":\"ListItem\",\"position\":1,\"name\":\"Portada\",\"item\":\"https:\/\/itmfilters.com\/\"},{\"@type\":\"ListItem\",\"position\":2,\"name\":\"Politiques d\u2019entreprise\",\"item\":\"https:\/\/itmfilters.com\/fr\/politiques-dentreprise\/\"},{\"@type\":\"ListItem\",\"position\":3,\"name\":\"Soudage\"}]},{\"@type\":\"WebSite\",\"@id\":\"https:\/\/itmfilters.com\/en\/#website\",\"url\":\"https:\/\/itmfilters.com\/en\/\",\"name\":\"ITM Filters\",\"description\":\"Water Solutions\",\"publisher\":{\"@id\":\"https:\/\/itmfilters.com\/en\/#organization\"},\"potentialAction\":[{\"@type\":\"SearchAction\",\"target\":{\"@type\":\"EntryPoint\",\"urlTemplate\":\"https:\/\/itmfilters.com\/en\/?s={search_term_string}\"},\"query-input\":\"required name=search_term_string\"}],\"inLanguage\":\"fr-FR\"},{\"@type\":\"Organization\",\"@id\":\"https:\/\/itmfilters.com\/en\/#organization\",\"name\":\"ITM Filters\",\"url\":\"https:\/\/itmfilters.com\/en\/\",\"logo\":{\"@type\":\"ImageObject\",\"inLanguage\":\"fr-FR\",\"@id\":\"https:\/\/itmfilters.com\/en\/#\/schema\/logo\/image\/\",\"url\":\"https:\/\/itmfilters.com\/wp-content\/uploads\/2021\/06\/icon-itm.png\",\"contentUrl\":\"https:\/\/itmfilters.com\/wp-content\/uploads\/2021\/06\/icon-itm.png\",\"width\":270,\"height\":270,\"caption\":\"ITM Filters\"},\"image\":{\"@id\":\"https:\/\/itmfilters.com\/en\/#\/schema\/logo\/image\/\"},\"sameAs\":[\"https:\/\/www.instagram.com\/itm_filters\/\",\"https:\/\/www.linkedin.com\/company\/itm-filters\/\",\"https:\/\/www.youtube.com\/channel\/UCflfBtWjNFoLkb2RlG3ZaXA\"]}]}<\/script>\n<!-- \/ Yoast SEO plugin. -->","yoast_head_json":{"title":"Soudage | ITM Filters","robots":{"index":"index","follow":"follow","max-snippet":"max-snippet:-1","max-image-preview":"max-image-preview:large","max-video-preview":"max-video-preview:-1"},"canonical":"https:\/\/itmfilters.com\/fr\/politiques-dentreprise\/soudage\/","og_locale":"fr_FR","og_type":"article","og_title":"Soudage | ITM Filters","og_description":"Dans le but de garantir l&rsquo;excellence, nous nous formons et nous nous sp\u00e9cialisons dans diff\u00e9rents domaines. Chez ITM FILTERS, nous sommes accr\u00e9dit\u00e9s pour effectuer des travaux de soudure sur des structures permanentes r\u00e9alis\u00e9es en atelier, destin\u00e9es \u00e0 des travaux de g\u00e9nie civil au sein de la Communaut\u00e9 \u00e9conomique europ\u00e9enne. Et, par cons\u00e9quent, d&rsquo;effectuer le marquage &hellip; Soudage Lire la suite\u00a0\u00bb","og_url":"https:\/\/itmfilters.com\/fr\/politiques-dentreprise\/soudage\/","og_site_name":"ITM Filters","article_modified_time":"2021-09-30T07:19:12+00:00","og_image":[{"width":2560,"height":1125,"url":"https:\/\/itmfilters.com\/wp-content\/uploads\/2021\/06\/bg-header-soldadura.jpg","type":"image\/jpeg"}],"twitter_card":"summary_large_image","schema":{"@context":"https:\/\/schema.org","@graph":[{"@type":"WebPage","@id":"https:\/\/itmfilters.com\/fr\/politiques-dentreprise\/soudage\/","url":"https:\/\/itmfilters.com\/fr\/politiques-dentreprise\/soudage\/","name":"Soudage | ITM Filters","isPartOf":{"@id":"https:\/\/itmfilters.com\/en\/#website"},"datePublished":"2021-06-09T14:34:50+00:00","dateModified":"2021-09-30T07:19:12+00:00","breadcrumb":{"@id":"https:\/\/itmfilters.com\/fr\/politiques-dentreprise\/soudage\/#breadcrumb"},"inLanguage":"fr-FR","potentialAction":[{"@type":"ReadAction","target":["https:\/\/itmfilters.com\/fr\/politiques-dentreprise\/soudage\/"]}]},{"@type":"BreadcrumbList","@id":"https:\/\/itmfilters.com\/fr\/politiques-dentreprise\/soudage\/#breadcrumb","itemListElement":[{"@type":"ListItem","position":1,"name":"Portada","item":"https:\/\/itmfilters.com\/"},{"@type":"ListItem","position":2,"name":"Politiques d\u2019entreprise","item":"https:\/\/itmfilters.com\/fr\/politiques-dentreprise\/"},{"@type":"ListItem","position":3,"name":"Soudage"}]},{"@type":"WebSite","@id":"https:\/\/itmfilters.com\/en\/#website","url":"https:\/\/itmfilters.com\/en\/","name":"ITM Filters","description":"Water Solutions","publisher":{"@id":"https:\/\/itmfilters.com\/en\/#organization"},"potentialAction":[{"@type":"SearchAction","target":{"@type":"EntryPoint","urlTemplate":"https:\/\/itmfilters.com\/en\/?s={search_term_string}"},"query-input":"required name=search_term_string"}],"inLanguage":"fr-FR"},{"@type":"Organization","@id":"https:\/\/itmfilters.com\/en\/#organization","name":"ITM Filters","url":"https:\/\/itmfilters.com\/en\/","logo":{"@type":"ImageObject","inLanguage":"fr-FR","@id":"https:\/\/itmfilters.com\/en\/#\/schema\/logo\/image\/","url":"https:\/\/itmfilters.com\/wp-content\/uploads\/2021\/06\/icon-itm.png","contentUrl":"https:\/\/itmfilters.com\/wp-content\/uploads\/2021\/06\/icon-itm.png","width":270,"height":270,"caption":"ITM Filters"},"image":{"@id":"https:\/\/itmfilters.com\/en\/#\/schema\/logo\/image\/"},"sameAs":["https:\/\/www.instagram.com\/itm_filters\/","https:\/\/www.linkedin.com\/company\/itm-filters\/","https:\/\/www.youtube.com\/channel\/UCflfBtWjNFoLkb2RlG3ZaXA"]}]}},"_links":{"self":[{"href":"https:\/\/itmfilters.com\/fr\/wp-json\/wp\/v2\/pages\/3221"}],"collection":[{"href":"https:\/\/itmfilters.com\/fr\/wp-json\/wp\/v2\/pages"}],"about":[{"href":"https:\/\/itmfilters.com\/fr\/wp-json\/wp\/v2\/types\/page"}],"author":[{"embeddable":true,"href":"https:\/\/itmfilters.com\/fr\/wp-json\/wp\/v2\/users\/2"}],"replies":[{"embeddable":true,"href":"https:\/\/itmfilters.com\/fr\/wp-json\/wp\/v2\/comments?post=3221"}],"version-history":[{"count":3,"href":"https:\/\/itmfilters.com\/fr\/wp-json\/wp\/v2\/pages\/3221\/revisions"}],"predecessor-version":[{"id":3365,"href":"https:\/\/itmfilters.com\/fr\/wp-json\/wp\/v2\/pages\/3221\/revisions\/3365"}],"up":[{"embeddable":true,"href":"https:\/\/itmfilters.com\/fr\/wp-json\/wp\/v2\/pages\/3209"}],"wp:featuredmedia":[{"embeddable":true,"href":"https:\/\/itmfilters.com\/fr\/wp-json\/wp\/v2\/media\/2116"}],"wp:attachment":[{"href":"https:\/\/itmfilters.com\/fr\/wp-json\/wp\/v2\/media?parent=3221"}],"curies":[{"name":"wp","href":"https:\/\/api.w.org\/{rel}","templated":true}]}}