{"id":3219,"date":"2021-06-09T11:25:34","date_gmt":"2021-06-09T09:25:34","guid":{"rendered":"https:\/\/itmfilters.com\/lentreprise\/mission-vision-et-valeurs\/"},"modified":"2021-09-29T14:46:54","modified_gmt":"2021-09-29T12:46:54","slug":"mission-vision-et-valeurs","status":"publish","type":"page","link":"https:\/\/itmfilters.com\/fr\/lentreprise\/mission-vision-et-valeurs\/","title":{"rendered":"Mission, vision et valeurs"},"content":{"rendered":"\t\t<div data-elementor-type=\"wp-page\" data-elementor-id=\"3219\" class=\"elementor elementor-3219 elementor-615\">\n\t\t\t\t\t\t\t\t\t<section class=\"elementor-section elementor-top-section elementor-element elementor-element-6536548 elementor-section-boxed elementor-section-height-default elementor-section-height-default\" data-id=\"6536548\" data-element_type=\"section\">\n\t\t\t\t\t\t<div class=\"elementor-container elementor-column-gap-default\">\n\t\t\t\t\t<div class=\"elementor-column elementor-col-100 elementor-top-column elementor-element elementor-element-552b4d4\" data-id=\"552b4d4\" data-element_type=\"column\">\n\t\t\t<div class=\"elementor-widget-wrap elementor-element-populated\">\n\t\t\t\t\t\t\t\t<div class=\"elementor-element elementor-element-60daa8b elementor-widget elementor-widget-heading\" data-id=\"60daa8b\" data-element_type=\"widget\" data-widget_type=\"heading.default\">\n\t\t\t\t<div class=\"elementor-widget-container\">\n\t\t\t<h3 class=\"elementor-heading-title elementor-size-default\">MISSION<\/h3>\t\t<\/div>\n\t\t\t\t<\/div>\n\t\t\t\t<div class=\"elementor-element elementor-element-295d75a elementor-widget-mobile__width-inherit elementor-widget elementor-widget-text-editor\" data-id=\"295d75a\" data-element_type=\"widget\" data-widget_type=\"text-editor.default\">\n\t\t\t\t<div class=\"elementor-widget-container\">\n\t\t\t\t\t\t\t<p>La mission d&rsquo;ITM FILTERS est de pr\u00e9server la qualit\u00e9 de l&rsquo;eau afin de transformer son \u00e9nergie de mani\u00e8re durable.<\/p>\n\t\t\t\t\t\t<\/div>\n\t\t\t\t<\/div>\n\t\t\t\t\t<\/div>\n\t\t<\/div>\n\t\t\t\t\t\t\t<\/div>\n\t\t<\/section>\n\t\t\t\t<section class=\"elementor-section elementor-top-section elementor-element elementor-element-82c4213 seccion-vision elementor-section-boxed elementor-section-height-default elementor-section-height-default\" data-id=\"82c4213\" data-element_type=\"section\" data-settings=\"{&quot;background_background&quot;:&quot;classic&quot;}\">\n\t\t\t\t\t\t\t<div class=\"elementor-background-overlay\"><\/div>\n\t\t\t\t\t\t\t<div class=\"elementor-container elementor-column-gap-default\">\n\t\t\t\t\t<div class=\"elementor-column elementor-col-100 elementor-top-column elementor-element elementor-element-e3e93a8\" data-id=\"e3e93a8\" data-element_type=\"column\">\n\t\t\t<div class=\"elementor-widget-wrap elementor-element-populated\">\n\t\t\t\t\t\t\t\t<div class=\"elementor-element elementor-element-02de750 elementor-widget elementor-widget-heading\" data-id=\"02de750\" data-element_type=\"widget\" data-widget_type=\"heading.default\">\n\t\t\t\t<div class=\"elementor-widget-container\">\n\t\t\t<h3 class=\"elementor-heading-title elementor-size-default\">VISION<\/h3>\t\t<\/div>\n\t\t\t\t<\/div>\n\t\t\t\t<div class=\"elementor-element elementor-element-93c3178 elementor-widget-mobile__width-inherit elementor-widget elementor-widget-text-editor\" data-id=\"93c3178\" data-element_type=\"widget\" data-widget_type=\"text-editor.default\">\n\t\t\t\t<div class=\"elementor-widget-container\">\n\t\t\t\t\t\t\t<p>Nous voulons \u00eatre votre partenaire, votre fournisseur de r\u00e9f\u00e9rence. Chez ITM FILTERS, nous recherchons des relations \u00e0 long terme bas\u00e9es sur la confiance. Nous innovons dans de nouvelles solutions et concevons la meilleure solution pour votre projet avec les syst\u00e8mes de gestion les plus adapt\u00e9s.<\/p>\n\t\t\t\t\t\t<\/div>\n\t\t\t\t<\/div>\n\t\t\t\t\t<\/div>\n\t\t<\/div>\n\t\t\t\t\t\t\t<\/div>\n\t\t<\/section>\n\t\t\t\t<section class=\"elementor-section elementor-top-section elementor-element elementor-element-d274350 elementor-section-boxed elementor-section-height-default elementor-section-height-default\" data-id=\"d274350\" data-element_type=\"section\">\n\t\t\t\t\t\t<div class=\"elementor-container elementor-column-gap-default\">\n\t\t\t\t\t<div class=\"elementor-column elementor-col-100 elementor-top-column elementor-element elementor-element-9eadb08\" data-id=\"9eadb08\" data-element_type=\"column\">\n\t\t\t<div class=\"elementor-widget-wrap elementor-element-populated\">\n\t\t\t\t\t\t\t\t<div class=\"elementor-element elementor-element-4fc7fe6 elementor-widget elementor-widget-heading\" data-id=\"4fc7fe6\" data-element_type=\"widget\" data-widget_type=\"heading.default\">\n\t\t\t\t<div class=\"elementor-widget-container\">\n\t\t\t<h3 class=\"elementor-heading-title elementor-size-default\">VALEURS<\/h3>\t\t<\/div>\n\t\t\t\t<\/div>\n\t\t\t\t<div class=\"elementor-element elementor-element-ef56581 elementor-widget-mobile__width-inherit elementor-widget elementor-widget-text-editor\" data-id=\"ef56581\" data-element_type=\"widget\" data-widget_type=\"text-editor.default\">\n\t\t\t\t<div class=\"elementor-widget-container\">\n\t\t\t\t\t\t\t<p>Tous nos projets sont le fruit d&rsquo;un travail r\u00e9alis\u00e9 dans le cadre de quatre valeurs claires et d\u00e9finies.<\/p>\n\t\t\t\t\t\t<\/div>\n\t\t\t\t<\/div>\n\t\t\t\t\t<\/div>\n\t\t<\/div>\n\t\t\t\t\t\t\t<\/div>\n\t\t<\/section>\n\t\t\t\t<section class=\"elementor-section elementor-top-section elementor-element elementor-element-3b2e658 seccion-valores elementor-section-content-top elementor-section-boxed elementor-section-height-default elementor-section-height-default\" data-id=\"3b2e658\" data-element_type=\"section\" data-settings=\"{&quot;background_background&quot;:&quot;classic&quot;}\">\n\t\t\t\t\t\t\t<div class=\"elementor-background-overlay\"><\/div>\n\t\t\t\t\t\t\t<div class=\"elementor-container elementor-column-gap-default\">\n\t\t\t\t\t<div class=\"elementor-column elementor-col-100 elementor-top-column elementor-element elementor-element-0638f69\" data-id=\"0638f69\" data-element_type=\"column\" data-settings=\"{&quot;background_background&quot;:&quot;classic&quot;}\">\n\t\t\t<div class=\"elementor-widget-wrap elementor-element-populated\">\n\t\t\t\t\t\t\t\t<section class=\"elementor-section elementor-inner-section elementor-element elementor-element-e37e369 elementor-section-boxed elementor-section-height-default elementor-section-height-default\" data-id=\"e37e369\" data-element_type=\"section\">\n\t\t\t\t\t\t<div class=\"elementor-container elementor-column-gap-default\">\n\t\t\t\t\t<div class=\"elementor-column elementor-col-50 elementor-inner-column elementor-element elementor-element-4ebd4a2\" data-id=\"4ebd4a2\" data-element_type=\"column\" data-settings=\"{&quot;background_background&quot;:&quot;classic&quot;}\">\n\t\t\t<div class=\"elementor-widget-wrap elementor-element-populated\">\n\t\t\t\t\t\t\t\t<div class=\"elementor-element elementor-element-b77b9d7 elementor-widget elementor-widget-image\" data-id=\"b77b9d7\" data-element_type=\"widget\" data-widget_type=\"image.default\">\n\t\t\t\t<div class=\"elementor-widget-container\">\n\t\t\t\t\t\t\t\t\t\t\t\t\t\t\t<img decoding=\"async\" width=\"176\" height=\"177\" src=\"https:\/\/itmfilters.com\/wp-content\/uploads\/2021\/05\/ico-las-personas.png\" class=\"attachment-large size-large wp-image-2004\" alt=\"\" loading=\"lazy\" srcset=\"https:\/\/itmfilters.com\/wp-content\/uploads\/2021\/05\/ico-las-personas.png 176w, https:\/\/itmfilters.com\/wp-content\/uploads\/2021\/05\/ico-las-personas-150x150.png 150w\" sizes=\"(max-width: 176px) 100vw, 176px\" \/>\t\t\t\t\t\t\t\t\t\t\t\t\t\t\t<\/div>\n\t\t\t\t<\/div>\n\t\t\t\t<div class=\"elementor-element elementor-element-7bff3fa elementor-widget elementor-widget-heading\" data-id=\"7bff3fa\" data-element_type=\"widget\" data-widget_type=\"heading.default\">\n\t\t\t\t<div class=\"elementor-widget-container\">\n\t\t\t<h3 class=\"elementor-heading-title elementor-size-default\">LES PERSONNES<\/h3>\t\t<\/div>\n\t\t\t\t<\/div>\n\t\t\t\t<div class=\"elementor-element elementor-element-8459be8 elementor-widget elementor-widget-text-editor\" data-id=\"8459be8\" data-element_type=\"widget\" data-widget_type=\"text-editor.default\">\n\t\t\t\t<div class=\"elementor-widget-container\">\n\t\t\t\t\t\t\t<p>Notre \u00e9quipe est notre priorit\u00e9. C&rsquo;est pourquoi nous valorisons et respectons chacun de nos employ\u00e9s.<\/p>\n\t\t\t\t\t\t<\/div>\n\t\t\t\t<\/div>\n\t\t\t\t<div class=\"elementor-element elementor-element-38cbb47 elementor-widget elementor-widget-heading\" data-id=\"38cbb47\" data-element_type=\"widget\" data-widget_type=\"heading.default\">\n\t\t\t\t<div class=\"elementor-widget-container\">\n\t\t\t<h4 class=\"elementor-heading-title elementor-size-default\">Comment faire?<\/h4>\t\t<\/div>\n\t\t\t\t<\/div>\n\t\t\t\t<div class=\"elementor-element elementor-element-f1b6e13 elementor-widget elementor-widget-text-editor\" data-id=\"f1b6e13\" data-element_type=\"widget\" data-widget_type=\"text-editor.default\">\n\t\t\t\t<div class=\"elementor-widget-container\">\n\t\t\t\t\t\t\t<p>Nous promouvons leur s\u00e9curit\u00e9, encourageons leur d\u00e9veloppement, favorisons un climat de confiance et recherchons un \u00e9quilibre entre vie professionnelle et vie priv\u00e9e<\/p>\n\t\t\t\t\t\t<\/div>\n\t\t\t\t<\/div>\n\t\t\t\t\t<\/div>\n\t\t<\/div>\n\t\t\t\t<div class=\"elementor-column elementor-col-50 elementor-inner-column elementor-element elementor-element-b966687\" data-id=\"b966687\" data-element_type=\"column\" data-settings=\"{&quot;background_background&quot;:&quot;classic&quot;}\">\n\t\t\t<div class=\"elementor-widget-wrap elementor-element-populated\">\n\t\t\t\t\t\t\t\t<div class=\"elementor-element elementor-element-0916b52 elementor-widget elementor-widget-image\" data-id=\"0916b52\" data-element_type=\"widget\" data-widget_type=\"image.default\">\n\t\t\t\t<div class=\"elementor-widget-container\">\n\t\t\t\t\t\t\t\t\t\t\t\t\t\t\t<img decoding=\"async\" width=\"176\" height=\"177\" src=\"https:\/\/itmfilters.com\/wp-content\/uploads\/2021\/05\/ico-compromiso.png\" class=\"attachment-large size-large wp-image-2000\" alt=\"\" loading=\"lazy\" srcset=\"https:\/\/itmfilters.com\/wp-content\/uploads\/2021\/05\/ico-compromiso.png 176w, https:\/\/itmfilters.com\/wp-content\/uploads\/2021\/05\/ico-compromiso-150x150.png 150w\" sizes=\"(max-width: 176px) 100vw, 176px\" \/>\t\t\t\t\t\t\t\t\t\t\t\t\t\t\t<\/div>\n\t\t\t\t<\/div>\n\t\t\t\t<div class=\"elementor-element elementor-element-132df7f elementor-widget elementor-widget-heading\" data-id=\"132df7f\" data-element_type=\"widget\" data-widget_type=\"heading.default\">\n\t\t\t\t<div class=\"elementor-widget-container\">\n\t\t\t<h3 class=\"elementor-heading-title elementor-size-default\">ENGAGEMENT<\/h3>\t\t<\/div>\n\t\t\t\t<\/div>\n\t\t\t\t<div class=\"elementor-element elementor-element-938b163 elementor-widget elementor-widget-text-editor\" data-id=\"938b163\" data-element_type=\"widget\" data-widget_type=\"text-editor.default\">\n\t\t\t\t<div class=\"elementor-widget-container\">\n\t\t\t\t\t\t\t<p>Notre engagement est envers vous et envers un travail bien fait. Nous exigeons le maximum pour vous offrir des solutions compl\u00e8tes et innovantes, en constante am\u00e9lioration.<\/p>\n<p>Nous recherchons des relations \u00e0 long terme avec nos clients, fond\u00e9es sur la confiance et l&rsquo;engagement.<\/p>\n\t\t\t\t\t\t<\/div>\n\t\t\t\t<\/div>\n\t\t\t\t\t<\/div>\n\t\t<\/div>\n\t\t\t\t\t\t\t<\/div>\n\t\t<\/section>\n\t\t\t\t<section class=\"elementor-section elementor-inner-section elementor-element elementor-element-6ebcc08 elementor-section-boxed elementor-section-height-default elementor-section-height-default\" data-id=\"6ebcc08\" data-element_type=\"section\">\n\t\t\t\t\t\t<div class=\"elementor-container elementor-column-gap-default\">\n\t\t\t\t\t<div class=\"elementor-column elementor-col-50 elementor-inner-column elementor-element elementor-element-9caf334\" data-id=\"9caf334\" data-element_type=\"column\" data-settings=\"{&quot;background_background&quot;:&quot;classic&quot;}\">\n\t\t\t<div class=\"elementor-widget-wrap elementor-element-populated\">\n\t\t\t\t\t\t\t\t<div class=\"elementor-element elementor-element-eab8473 elementor-widget elementor-widget-image\" data-id=\"eab8473\" data-element_type=\"widget\" data-widget_type=\"image.default\">\n\t\t\t\t<div class=\"elementor-widget-container\">\n\t\t\t\t\t\t\t\t\t\t\t\t\t\t\t<img decoding=\"async\" width=\"176\" height=\"177\" src=\"https:\/\/itmfilters.com\/wp-content\/uploads\/2021\/05\/ico-liderazgo.png\" class=\"attachment-large size-large wp-image-2006\" alt=\"\" loading=\"lazy\" srcset=\"https:\/\/itmfilters.com\/wp-content\/uploads\/2021\/05\/ico-liderazgo.png 176w, https:\/\/itmfilters.com\/wp-content\/uploads\/2021\/05\/ico-liderazgo-150x150.png 150w\" sizes=\"(max-width: 176px) 100vw, 176px\" \/>\t\t\t\t\t\t\t\t\t\t\t\t\t\t\t<\/div>\n\t\t\t\t<\/div>\n\t\t\t\t<div class=\"elementor-element elementor-element-eeb730a elementor-widget elementor-widget-heading\" data-id=\"eeb730a\" data-element_type=\"widget\" data-widget_type=\"heading.default\">\n\t\t\t\t<div class=\"elementor-widget-container\">\n\t\t\t<h3 class=\"elementor-heading-title elementor-size-default\">LEADERSHIP<\/h3>\t\t<\/div>\n\t\t\t\t<\/div>\n\t\t\t\t<div class=\"elementor-element elementor-element-88fc29b elementor-widget elementor-widget-text-editor\" data-id=\"88fc29b\" data-element_type=\"widget\" data-widget_type=\"text-editor.default\">\n\t\t\t\t<div class=\"elementor-widget-container\">\n\t\t\t\t\t\t\t<p>Nous voulons vous offrir les meilleures solutions, c&rsquo;est pourquoi nous consacrons du temps, des efforts et des ressources pour innover et nous d\u00e9velopper.<br \/>\nNous encourageons l&rsquo;initiative et la contribution.<\/p>\n\t\t\t\t\t\t<\/div>\n\t\t\t\t<\/div>\n\t\t\t\t\t<\/div>\n\t\t<\/div>\n\t\t\t\t<div class=\"elementor-column elementor-col-50 elementor-inner-column elementor-element elementor-element-6220b41\" data-id=\"6220b41\" data-element_type=\"column\" data-settings=\"{&quot;background_background&quot;:&quot;classic&quot;}\">\n\t\t\t<div class=\"elementor-widget-wrap elementor-element-populated\">\n\t\t\t\t\t\t\t\t<div class=\"elementor-element elementor-element-cd47fb9 elementor-widget elementor-widget-image\" data-id=\"cd47fb9\" data-element_type=\"widget\" data-widget_type=\"image.default\">\n\t\t\t\t<div class=\"elementor-widget-container\">\n\t\t\t\t\t\t\t\t\t\t\t\t\t\t\t<img decoding=\"async\" width=\"176\" height=\"177\" src=\"https:\/\/itmfilters.com\/wp-content\/uploads\/2021\/05\/ico-desarrollo-sostenible.png\" class=\"attachment-large size-large wp-image-2002\" alt=\"\" loading=\"lazy\" srcset=\"https:\/\/itmfilters.com\/wp-content\/uploads\/2021\/05\/ico-desarrollo-sostenible.png 176w, https:\/\/itmfilters.com\/wp-content\/uploads\/2021\/05\/ico-desarrollo-sostenible-150x150.png 150w\" sizes=\"(max-width: 176px) 100vw, 176px\" \/>\t\t\t\t\t\t\t\t\t\t\t\t\t\t\t<\/div>\n\t\t\t\t<\/div>\n\t\t\t\t<div class=\"elementor-element elementor-element-bb25237 elementor-widget elementor-widget-heading\" data-id=\"bb25237\" data-element_type=\"widget\" data-widget_type=\"heading.default\">\n\t\t\t\t<div class=\"elementor-widget-container\">\n\t\t\t<h3 class=\"elementor-heading-title elementor-size-default\">LE D\u00c9VELOPPEMENT DURABLE<\/h3>\t\t<\/div>\n\t\t\t\t<\/div>\n\t\t\t\t<div class=\"elementor-element elementor-element-1c6bac0 elementor-widget elementor-widget-text-editor\" data-id=\"1c6bac0\" data-element_type=\"widget\" data-widget_type=\"text-editor.default\">\n\t\t\t\t<div class=\"elementor-widget-container\">\n\t\t\t\t\t\t\t<p>Nous cherchons \u00e0 minimiser notre impact sur l&rsquo;environnement et \u00e0 g\u00e9n\u00e9rer un effet positif sur les territoires dans lesquels nous op\u00e9rons.<\/p>\n<p>Nous agissons toujours de la mani\u00e8re la plus transparente possible.<\/p>\n\t\t\t\t\t\t<\/div>\n\t\t\t\t<\/div>\n\t\t\t\t\t<\/div>\n\t\t<\/div>\n\t\t\t\t\t\t\t<\/div>\n\t\t<\/section>\n\t\t\t\t\t<\/div>\n\t\t<\/div>\n\t\t\t\t\t\t\t<\/div>\n\t\t<\/section>\n\t\t\t\t\t\t\t<\/div>\n\t\t","protected":false},"excerpt":{"rendered":"<p>MISSION La mission d&rsquo;ITM FILTERS est de pr\u00e9server la qualit\u00e9 de l&rsquo;eau afin de transformer son \u00e9nergie de mani\u00e8re durable. VISION Nous voulons \u00eatre votre partenaire, votre fournisseur de r\u00e9f\u00e9rence. Chez ITM FILTERS, nous recherchons des relations \u00e0 long terme bas\u00e9es sur la confiance. Nous innovons dans de nouvelles solutions et concevons la meilleure solution &hellip;<\/p>\n<p class=\"read-more\"> <a class=\"\" href=\"https:\/\/itmfilters.com\/fr\/lentreprise\/mission-vision-et-valeurs\/\"> <span class=\"screen-reader-text\">Mission, vision et valeurs<\/span> Lire la suite\u00a0\u00bb<\/a><\/p>\n","protected":false},"author":2,"featured_media":2090,"parent":3207,"menu_order":0,"comment_status":"closed","ping_status":"closed","template":"","meta":{"site-sidebar-layout":"no-sidebar","site-content-layout":"page-builder","ast-global-header-display":"","ast-main-header-display":"","ast-hfb-above-header-display":"","ast-hfb-below-header-display":"","ast-hfb-mobile-header-display":"","site-post-title":"disabled","ast-breadcrumbs-content":"","ast-featured-img":"disabled","footer-sml-layout":"","theme-transparent-header-meta":"default","adv-header-id-meta":"","stick-header-meta":"","header-above-stick-meta":"","header-main-stick-meta":"","header-below-stick-meta":""},"yoast_head":"<!-- This site is optimized with the Yoast SEO plugin v20.9 - https:\/\/yoast.com\/wordpress\/plugins\/seo\/ -->\n<title>Mission, vision et valeurs | ITM Filters<\/title>\n<meta name=\"robots\" content=\"index, follow, max-snippet:-1, max-image-preview:large, max-video-preview:-1\" \/>\n<link rel=\"canonical\" href=\"https:\/\/itmfilters.com\/fr\/lentreprise\/mission-vision-et-valeurs\/\" \/>\n<meta property=\"og:locale\" content=\"fr_FR\" \/>\n<meta property=\"og:type\" content=\"article\" \/>\n<meta property=\"og:title\" content=\"Mission, vision et valeurs | ITM Filters\" \/>\n<meta property=\"og:description\" content=\"MISSION La mission d&rsquo;ITM FILTERS est de pr\u00e9server la qualit\u00e9 de l&rsquo;eau afin de transformer son \u00e9nergie de mani\u00e8re durable. VISION Nous voulons \u00eatre votre partenaire, votre fournisseur de r\u00e9f\u00e9rence. Chez ITM FILTERS, nous recherchons des relations \u00e0 long terme bas\u00e9es sur la confiance. Nous innovons dans de nouvelles solutions et concevons la meilleure solution &hellip; Mission, vision et valeurs Lire la suite\u00a0\u00bb\" \/>\n<meta property=\"og:url\" content=\"https:\/\/itmfilters.com\/fr\/lentreprise\/mission-vision-et-valeurs\/\" \/>\n<meta property=\"og:site_name\" content=\"ITM Filters\" \/>\n<meta property=\"article:modified_time\" content=\"2021-09-29T12:46:54+00:00\" \/>\n<meta property=\"og:image\" content=\"https:\/\/itmfilters.com\/wp-content\/uploads\/2021\/06\/bg-mision-vision-valores.jpg\" \/>\n\t<meta property=\"og:image:width\" content=\"2560\" \/>\n\t<meta property=\"og:image:height\" content=\"1125\" \/>\n\t<meta property=\"og:image:type\" content=\"image\/jpeg\" \/>\n<meta name=\"twitter:card\" content=\"summary_large_image\" \/>\n<meta name=\"twitter:label1\" content=\"Dur\u00e9e de lecture estim\u00e9e\" \/>\n\t<meta name=\"twitter:data1\" content=\"1 minute\" \/>\n<script type=\"application\/ld+json\" class=\"yoast-schema-graph\">{\"@context\":\"https:\/\/schema.org\",\"@graph\":[{\"@type\":\"WebPage\",\"@id\":\"https:\/\/itmfilters.com\/fr\/lentreprise\/mission-vision-et-valeurs\/\",\"url\":\"https:\/\/itmfilters.com\/fr\/lentreprise\/mission-vision-et-valeurs\/\",\"name\":\"Mission, vision et valeurs | ITM Filters\",\"isPartOf\":{\"@id\":\"https:\/\/itmfilters.com\/en\/#website\"},\"datePublished\":\"2021-06-09T09:25:34+00:00\",\"dateModified\":\"2021-09-29T12:46:54+00:00\",\"breadcrumb\":{\"@id\":\"https:\/\/itmfilters.com\/fr\/lentreprise\/mission-vision-et-valeurs\/#breadcrumb\"},\"inLanguage\":\"fr-FR\",\"potentialAction\":[{\"@type\":\"ReadAction\",\"target\":[\"https:\/\/itmfilters.com\/fr\/lentreprise\/mission-vision-et-valeurs\/\"]}]},{\"@type\":\"BreadcrumbList\",\"@id\":\"https:\/\/itmfilters.com\/fr\/lentreprise\/mission-vision-et-valeurs\/#breadcrumb\",\"itemListElement\":[{\"@type\":\"ListItem\",\"position\":1,\"name\":\"Portada\",\"item\":\"https:\/\/itmfilters.com\/\"},{\"@type\":\"ListItem\",\"position\":2,\"name\":\"L\u2019entreprise\",\"item\":\"https:\/\/itmfilters.com\/fr\/lentreprise\/\"},{\"@type\":\"ListItem\",\"position\":3,\"name\":\"Mission, vision et valeurs\"}]},{\"@type\":\"WebSite\",\"@id\":\"https:\/\/itmfilters.com\/en\/#website\",\"url\":\"https:\/\/itmfilters.com\/en\/\",\"name\":\"ITM Filters\",\"description\":\"Water Solutions\",\"publisher\":{\"@id\":\"https:\/\/itmfilters.com\/en\/#organization\"},\"potentialAction\":[{\"@type\":\"SearchAction\",\"target\":{\"@type\":\"EntryPoint\",\"urlTemplate\":\"https:\/\/itmfilters.com\/en\/?s={search_term_string}\"},\"query-input\":\"required name=search_term_string\"}],\"inLanguage\":\"fr-FR\"},{\"@type\":\"Organization\",\"@id\":\"https:\/\/itmfilters.com\/en\/#organization\",\"name\":\"ITM Filters\",\"url\":\"https:\/\/itmfilters.com\/en\/\",\"logo\":{\"@type\":\"ImageObject\",\"inLanguage\":\"fr-FR\",\"@id\":\"https:\/\/itmfilters.com\/en\/#\/schema\/logo\/image\/\",\"url\":\"https:\/\/itmfilters.com\/wp-content\/uploads\/2021\/06\/icon-itm.png\",\"contentUrl\":\"https:\/\/itmfilters.com\/wp-content\/uploads\/2021\/06\/icon-itm.png\",\"width\":270,\"height\":270,\"caption\":\"ITM Filters\"},\"image\":{\"@id\":\"https:\/\/itmfilters.com\/en\/#\/schema\/logo\/image\/\"},\"sameAs\":[\"https:\/\/www.instagram.com\/itm_filters\/\",\"https:\/\/www.linkedin.com\/company\/itm-filters\/\",\"https:\/\/www.youtube.com\/channel\/UCflfBtWjNFoLkb2RlG3ZaXA\"]}]}<\/script>\n<!-- \/ Yoast SEO plugin. -->","yoast_head_json":{"title":"Mission, vision et valeurs | ITM Filters","robots":{"index":"index","follow":"follow","max-snippet":"max-snippet:-1","max-image-preview":"max-image-preview:large","max-video-preview":"max-video-preview:-1"},"canonical":"https:\/\/itmfilters.com\/fr\/lentreprise\/mission-vision-et-valeurs\/","og_locale":"fr_FR","og_type":"article","og_title":"Mission, vision et valeurs | ITM Filters","og_description":"MISSION La mission d&rsquo;ITM FILTERS est de pr\u00e9server la qualit\u00e9 de l&rsquo;eau afin de transformer son \u00e9nergie de mani\u00e8re durable. VISION Nous voulons \u00eatre votre partenaire, votre fournisseur de r\u00e9f\u00e9rence. Chez ITM FILTERS, nous recherchons des relations \u00e0 long terme bas\u00e9es sur la confiance. Nous innovons dans de nouvelles solutions et concevons la meilleure solution &hellip; Mission, vision et valeurs Lire la suite\u00a0\u00bb","og_url":"https:\/\/itmfilters.com\/fr\/lentreprise\/mission-vision-et-valeurs\/","og_site_name":"ITM Filters","article_modified_time":"2021-09-29T12:46:54+00:00","og_image":[{"width":2560,"height":1125,"url":"https:\/\/itmfilters.com\/wp-content\/uploads\/2021\/06\/bg-mision-vision-valores.jpg","type":"image\/jpeg"}],"twitter_card":"summary_large_image","twitter_misc":{"Dur\u00e9e de lecture estim\u00e9e":"1 minute"},"schema":{"@context":"https:\/\/schema.org","@graph":[{"@type":"WebPage","@id":"https:\/\/itmfilters.com\/fr\/lentreprise\/mission-vision-et-valeurs\/","url":"https:\/\/itmfilters.com\/fr\/lentreprise\/mission-vision-et-valeurs\/","name":"Mission, vision et valeurs | ITM Filters","isPartOf":{"@id":"https:\/\/itmfilters.com\/en\/#website"},"datePublished":"2021-06-09T09:25:34+00:00","dateModified":"2021-09-29T12:46:54+00:00","breadcrumb":{"@id":"https:\/\/itmfilters.com\/fr\/lentreprise\/mission-vision-et-valeurs\/#breadcrumb"},"inLanguage":"fr-FR","potentialAction":[{"@type":"ReadAction","target":["https:\/\/itmfilters.com\/fr\/lentreprise\/mission-vision-et-valeurs\/"]}]},{"@type":"BreadcrumbList","@id":"https:\/\/itmfilters.com\/fr\/lentreprise\/mission-vision-et-valeurs\/#breadcrumb","itemListElement":[{"@type":"ListItem","position":1,"name":"Portada","item":"https:\/\/itmfilters.com\/"},{"@type":"ListItem","position":2,"name":"L\u2019entreprise","item":"https:\/\/itmfilters.com\/fr\/lentreprise\/"},{"@type":"ListItem","position":3,"name":"Mission, vision et valeurs"}]},{"@type":"WebSite","@id":"https:\/\/itmfilters.com\/en\/#website","url":"https:\/\/itmfilters.com\/en\/","name":"ITM Filters","description":"Water Solutions","publisher":{"@id":"https:\/\/itmfilters.com\/en\/#organization"},"potentialAction":[{"@type":"SearchAction","target":{"@type":"EntryPoint","urlTemplate":"https:\/\/itmfilters.com\/en\/?s={search_term_string}"},"query-input":"required name=search_term_string"}],"inLanguage":"fr-FR"},{"@type":"Organization","@id":"https:\/\/itmfilters.com\/en\/#organization","name":"ITM Filters","url":"https:\/\/itmfilters.com\/en\/","logo":{"@type":"ImageObject","inLanguage":"fr-FR","@id":"https:\/\/itmfilters.com\/en\/#\/schema\/logo\/image\/","url":"https:\/\/itmfilters.com\/wp-content\/uploads\/2021\/06\/icon-itm.png","contentUrl":"https:\/\/itmfilters.com\/wp-content\/uploads\/2021\/06\/icon-itm.png","width":270,"height":270,"caption":"ITM Filters"},"image":{"@id":"https:\/\/itmfilters.com\/en\/#\/schema\/logo\/image\/"},"sameAs":["https:\/\/www.instagram.com\/itm_filters\/","https:\/\/www.linkedin.com\/company\/itm-filters\/","https:\/\/www.youtube.com\/channel\/UCflfBtWjNFoLkb2RlG3ZaXA"]}]}},"_links":{"self":[{"href":"https:\/\/itmfilters.com\/fr\/wp-json\/wp\/v2\/pages\/3219"}],"collection":[{"href":"https:\/\/itmfilters.com\/fr\/wp-json\/wp\/v2\/pages"}],"about":[{"href":"https:\/\/itmfilters.com\/fr\/wp-json\/wp\/v2\/types\/page"}],"author":[{"embeddable":true,"href":"https:\/\/itmfilters.com\/fr\/wp-json\/wp\/v2\/users\/2"}],"replies":[{"embeddable":true,"href":"https:\/\/itmfilters.com\/fr\/wp-json\/wp\/v2\/comments?post=3219"}],"version-history":[{"count":1,"href":"https:\/\/itmfilters.com\/fr\/wp-json\/wp\/v2\/pages\/3219\/revisions"}],"predecessor-version":[{"id":3220,"href":"https:\/\/itmfilters.com\/fr\/wp-json\/wp\/v2\/pages\/3219\/revisions\/3220"}],"up":[{"embeddable":true,"href":"https:\/\/itmfilters.com\/fr\/wp-json\/wp\/v2\/pages\/3207"}],"wp:featuredmedia":[{"embeddable":true,"href":"https:\/\/itmfilters.com\/fr\/wp-json\/wp\/v2\/media\/2090"}],"wp:attachment":[{"href":"https:\/\/itmfilters.com\/fr\/wp-json\/wp\/v2\/media?parent=3219"}],"curies":[{"name":"wp","href":"https:\/\/api.w.org\/{rel}","templated":true}]}}