{"id":3217,"date":"2021-06-09T11:25:13","date_gmt":"2021-06-09T09:25:13","guid":{"rendered":"https:\/\/itmfilters.com\/lentreprise\/qui-sommes-nous\/"},"modified":"2021-09-30T09:11:40","modified_gmt":"2021-09-30T07:11:40","slug":"qui-sommes-nous","status":"publish","type":"page","link":"https:\/\/itmfilters.com\/fr\/lentreprise\/qui-sommes-nous\/","title":{"rendered":"Qui sommes-nous ?"},"content":{"rendered":"\t\t<div data-elementor-type=\"wp-page\" data-elementor-id=\"3217\" class=\"elementor elementor-3217 elementor-613\">\n\t\t\t\t\t\t\t\t\t<section class=\"elementor-section elementor-top-section elementor-element elementor-element-cd6a4ff elementor-section-boxed elementor-section-height-default elementor-section-height-default\" data-id=\"cd6a4ff\" data-element_type=\"section\">\n\t\t\t\t\t\t<div class=\"elementor-container elementor-column-gap-default\">\n\t\t\t\t\t<div class=\"elementor-column elementor-col-100 elementor-top-column elementor-element elementor-element-15502cb\" data-id=\"15502cb\" data-element_type=\"column\">\n\t\t\t<div class=\"elementor-widget-wrap elementor-element-populated\">\n\t\t\t\t\t\t\t\t<div class=\"elementor-element elementor-element-57bdb5e elementor-widget-mobile__width-inherit elementor-widget elementor-widget-text-editor\" data-id=\"57bdb5e\" data-element_type=\"widget\" data-widget_type=\"text-editor.default\">\n\t\t\t\t<div class=\"elementor-widget-container\">\n\t\t\t\t\t\t\t<p>Chez ITM FILTERS, nous nous consacrons \u00e0 la conception et \u00e0 la fabrication de solutions de filtration pour les eaux de proc\u00e9d\u00e9s et les applications dans les secteurs de l&rsquo;irrigation, de l&rsquo;industrie, des municipalit\u00e9s et de l&rsquo;environnement.<\/p>\n\t\t\t\t\t\t<\/div>\n\t\t\t\t<\/div>\n\t\t\t\t<div class=\"elementor-element elementor-element-fb5b21c elementor-widget elementor-widget-gallery\" data-id=\"fb5b21c\" data-element_type=\"widget\" data-settings=\"{&quot;columns&quot;:3,&quot;columns_tablet&quot;:3,&quot;gap&quot;:{&quot;unit&quot;:&quot;px&quot;,&quot;size&quot;:30,&quot;sizes&quot;:[]},&quot;gap_mobile&quot;:{&quot;unit&quot;:&quot;px&quot;,&quot;size&quot;:24,&quot;sizes&quot;:[]},&quot;lazyload&quot;:&quot;yes&quot;,&quot;gallery_layout&quot;:&quot;grid&quot;,&quot;columns_mobile&quot;:1,&quot;gap_tablet&quot;:{&quot;unit&quot;:&quot;px&quot;,&quot;size&quot;:10,&quot;sizes&quot;:[]},&quot;link_to&quot;:&quot;file&quot;,&quot;aspect_ratio&quot;:&quot;3:2&quot;,&quot;overlay_background&quot;:&quot;yes&quot;,&quot;content_hover_animation&quot;:&quot;fade-in&quot;}\" data-widget_type=\"gallery.default\">\n\t\t\t\t<div class=\"elementor-widget-container\">\n\t\t\t\t\t<div class=\"elementor-gallery__container\">\n\t\t\t\t\t\t\t<a class=\"e-gallery-item elementor-gallery-item elementor-animated-content\" href=\"https:\/\/itmfilters.com\/wp-content\/uploads\/2021\/06\/img-quienes-somos-1.jpg\" data-elementor-open-lightbox=\"yes\" data-elementor-lightbox-slideshow=\"all-fb5b21c\" data-e-action-hash=\"#elementor-action%3Aaction%3Dlightbox%26settings%3DeyJpZCI6NjYxLCJ1cmwiOiJodHRwczpcL1wvaXRtZmlsdGVycy5jb21cL3dwLWNvbnRlbnRcL3VwbG9hZHNcLzIwMjFcLzA2XC9pbWctcXVpZW5lcy1zb21vcy0xLmpwZyIsInNsaWRlc2hvdyI6ImFsbC1mYjViMjFjIn0%3D\">\n\t\t\t\t\t<div class=\"e-gallery-image elementor-gallery-item__image\" data-thumbnail=\"https:\/\/itmfilters.com\/wp-content\/uploads\/2021\/06\/img-quienes-somos-1.jpg\" data-width=\"1280\" data-height=\"918\" aria-label=\"\" role=\"img\" ><\/div>\n\t\t\t\t\t\t\t\t\t\t\t<div class=\"elementor-gallery-item__overlay\"><\/div>\n\t\t\t\t\t\t\t\t\t\t\t\t\t\t<\/a>\n\t\t\t\t\t\t\t<a class=\"e-gallery-item elementor-gallery-item elementor-animated-content\" href=\"https:\/\/itmfilters.com\/wp-content\/uploads\/2021\/06\/img-quienes-somos-2.jpg\" data-elementor-open-lightbox=\"yes\" data-elementor-lightbox-slideshow=\"all-fb5b21c\" data-e-action-hash=\"#elementor-action%3Aaction%3Dlightbox%26settings%3DeyJpZCI6NjYyLCJ1cmwiOiJodHRwczpcL1wvaXRtZmlsdGVycy5jb21cL3dwLWNvbnRlbnRcL3VwbG9hZHNcLzIwMjFcLzA2XC9pbWctcXVpZW5lcy1zb21vcy0yLmpwZyIsInNsaWRlc2hvdyI6ImFsbC1mYjViMjFjIn0%3D\">\n\t\t\t\t\t<div class=\"e-gallery-image elementor-gallery-item__image\" data-thumbnail=\"https:\/\/itmfilters.com\/wp-content\/uploads\/2021\/06\/img-quienes-somos-2.jpg\" data-width=\"1280\" data-height=\"918\" aria-label=\"\" role=\"img\" ><\/div>\n\t\t\t\t\t\t\t\t\t\t\t<div class=\"elementor-gallery-item__overlay\"><\/div>\n\t\t\t\t\t\t\t\t\t\t\t\t\t\t<\/a>\n\t\t\t\t\t\t\t<a class=\"e-gallery-item elementor-gallery-item elementor-animated-content\" href=\"https:\/\/itmfilters.com\/wp-content\/uploads\/2021\/06\/img-quienes-somos-3.jpg\" data-elementor-open-lightbox=\"yes\" data-elementor-lightbox-slideshow=\"all-fb5b21c\" data-e-action-hash=\"#elementor-action%3Aaction%3Dlightbox%26settings%3DeyJpZCI6NjYwLCJ1cmwiOiJodHRwczpcL1wvaXRtZmlsdGVycy5jb21cL3dwLWNvbnRlbnRcL3VwbG9hZHNcLzIwMjFcLzA2XC9pbWctcXVpZW5lcy1zb21vcy0zLmpwZyIsInNsaWRlc2hvdyI6ImFsbC1mYjViMjFjIn0%3D\">\n\t\t\t\t\t<div class=\"e-gallery-image elementor-gallery-item__image\" data-thumbnail=\"https:\/\/itmfilters.com\/wp-content\/uploads\/2021\/06\/img-quienes-somos-3.jpg\" data-width=\"1280\" data-height=\"918\" aria-label=\"\" role=\"img\" ><\/div>\n\t\t\t\t\t\t\t\t\t\t\t<div class=\"elementor-gallery-item__overlay\"><\/div>\n\t\t\t\t\t\t\t\t\t\t\t\t\t\t<\/a>\n\t\t\t\t\t<\/div>\n\t\t\t<\/div>\n\t\t\t\t<\/div>\n\t\t\t\t\t<\/div>\n\t\t<\/div>\n\t\t\t\t\t\t\t<\/div>\n\t\t<\/section>\n\t\t\t\t<section class=\"elementor-section elementor-top-section elementor-element elementor-element-e5d9362 elementor-section-content-top elementor-section-boxed elementor-section-height-default elementor-section-height-default\" data-id=\"e5d9362\" data-element_type=\"section\" data-settings=\"{&quot;background_background&quot;:&quot;classic&quot;}\">\n\t\t\t\t\t\t\t<div class=\"elementor-background-overlay\"><\/div>\n\t\t\t\t\t\t\t<div class=\"elementor-container elementor-column-gap-default\">\n\t\t\t\t\t<div class=\"elementor-column elementor-col-50 elementor-top-column elementor-element elementor-element-3add6f2\" data-id=\"3add6f2\" data-element_type=\"column\">\n\t\t\t<div class=\"elementor-widget-wrap elementor-element-populated\">\n\t\t\t\t\t\t\t\t<div class=\"elementor-element elementor-element-ef83d20 elementor-widget-mobile__width-inherit elementor-widget elementor-widget-text-editor\" data-id=\"ef83d20\" data-element_type=\"widget\" data-widget_type=\"text-editor.default\">\n\t\t\t\t<div class=\"elementor-widget-container\">\n\t\t\t\t\t\t\t<p>Chez ITM FILTERS, nous nous consacrons \u00e0 la conception et \u00e0 la fabrication de solutions de filtration pour les eaux de proc\u00e9d\u00e9s et les applications dans les <strong>secteurs de l&rsquo;irrigation, de l&rsquo;industrie, des municipalit\u00e9s et de l&rsquo;environnement.<\/strong><\/p>\n\t\t\t\t\t\t<\/div>\n\t\t\t\t<\/div>\n\t\t\t\t<div class=\"elementor-element elementor-element-1762e8f elementor-widget elementor-widget-text-editor\" data-id=\"1762e8f\" data-element_type=\"widget\" data-widget_type=\"text-editor.default\">\n\t\t\t\t<div class=\"elementor-widget-container\">\n\t\t\t\t\t\t\t<p>Nous savons que l&rsquo;eau est essentielle pour toute activit\u00e9. Ce large \u00e9ventail de possibilit\u00e9s constitue un d\u00e9fi constant lorsqu&rsquo;il s&rsquo;agit de concevoir et de fabriquer la solution id\u00e9ale pour chaque processus. Chez ITM FILTERS, nous nous adaptons \u00e0 vos besoins pour vous garantir la meilleure solution pour votre activit\u00e9.<\/p>\n\t\t\t\t\t\t<\/div>\n\t\t\t\t<\/div>\n\t\t\t\t\t<\/div>\n\t\t<\/div>\n\t\t\t\t<div class=\"elementor-column elementor-col-50 elementor-top-column elementor-element elementor-element-6242a57\" data-id=\"6242a57\" data-element_type=\"column\">\n\t\t\t<div class=\"elementor-widget-wrap elementor-element-populated\">\n\t\t\t\t\t\t\t\t<div class=\"elementor-element elementor-element-0520e70 elementor-widget elementor-widget-text-editor\" data-id=\"0520e70\" data-element_type=\"widget\" data-widget_type=\"text-editor.default\">\n\t\t\t\t<div class=\"elementor-widget-container\">\n\t\t\t\t\t\t\t<p>Et non seulement nous nous chargeons de concevoir la meilleure solution pour l&rsquo;ampleur de votre projet, <strong>mais nous disposons \u00e9galement d&rsquo;une \u00e9quipe qui nous permet de vous offrir un service d&rsquo;assistance technique pour tout incident, un service apr\u00e8s-vente et nous disposons m\u00eame de pi\u00e8ces de rechange.<\/strong><\/p>\n\t\t\t\t\t\t<\/div>\n\t\t\t\t<\/div>\n\t\t\t\t<div class=\"elementor-element elementor-element-e9221a4 elementor-widget elementor-widget-text-editor\" data-id=\"e9221a4\" data-element_type=\"widget\" data-widget_type=\"text-editor.default\">\n\t\t\t\t<div class=\"elementor-widget-container\">\n\t\t\t\t\t\t\t<p>En outre, si vous le souhaitez, vous pouvez personnaliser vos commandes afin que nous puissions vous livrer exactement ce dont vous avez besoin.<\/p>\n\t\t\t\t\t\t<\/div>\n\t\t\t\t<\/div>\n\t\t\t\t\t<\/div>\n\t\t<\/div>\n\t\t\t\t\t\t\t<\/div>\n\t\t<\/section>\n\t\t\t\t\t\t\t<\/div>\n\t\t","protected":false},"excerpt":{"rendered":"<p>Chez ITM FILTERS, nous nous consacrons \u00e0 la conception et \u00e0 la fabrication de solutions de filtration pour les eaux de proc\u00e9d\u00e9s et les applications dans les secteurs de l&rsquo;irrigation, de l&rsquo;industrie, des municipalit\u00e9s et de l&rsquo;environnement. Chez ITM FILTERS, nous nous consacrons \u00e0 la conception et \u00e0 la fabrication de solutions de filtration pour &hellip;<\/p>\n<p class=\"read-more\"> <a class=\"\" href=\"https:\/\/itmfilters.com\/fr\/lentreprise\/qui-sommes-nous\/\"> <span class=\"screen-reader-text\">Qui sommes-nous ?<\/span> Lire la suite\u00a0\u00bb<\/a><\/p>\n","protected":false},"author":2,"featured_media":2088,"parent":3207,"menu_order":0,"comment_status":"closed","ping_status":"closed","template":"","meta":{"site-sidebar-layout":"no-sidebar","site-content-layout":"page-builder","ast-global-header-display":"","ast-main-header-display":"","ast-hfb-above-header-display":"","ast-hfb-below-header-display":"","ast-hfb-mobile-header-display":"","site-post-title":"disabled","ast-breadcrumbs-content":"","ast-featured-img":"disabled","footer-sml-layout":"","theme-transparent-header-meta":"default","adv-header-id-meta":"","stick-header-meta":"","header-above-stick-meta":"","header-main-stick-meta":"","header-below-stick-meta":""},"yoast_head":"<!-- This site is optimized with the Yoast SEO plugin v20.9 - https:\/\/yoast.com\/wordpress\/plugins\/seo\/ -->\n<title>Qui sommes-nous ? | ITM Filters<\/title>\n<meta name=\"robots\" content=\"index, follow, max-snippet:-1, max-image-preview:large, max-video-preview:-1\" \/>\n<link rel=\"canonical\" href=\"https:\/\/itmfilters.com\/fr\/lentreprise\/qui-sommes-nous\/\" \/>\n<meta property=\"og:locale\" content=\"fr_FR\" \/>\n<meta property=\"og:type\" content=\"article\" \/>\n<meta property=\"og:title\" content=\"Qui sommes-nous ? | ITM Filters\" \/>\n<meta property=\"og:description\" content=\"Chez ITM FILTERS, nous nous consacrons \u00e0 la conception et \u00e0 la fabrication de solutions de filtration pour les eaux de proc\u00e9d\u00e9s et les applications dans les secteurs de l&rsquo;irrigation, de l&rsquo;industrie, des municipalit\u00e9s et de l&rsquo;environnement. Chez ITM FILTERS, nous nous consacrons \u00e0 la conception et \u00e0 la fabrication de solutions de filtration pour &hellip; Qui sommes-nous ? Lire la suite\u00a0\u00bb\" \/>\n<meta property=\"og:url\" content=\"https:\/\/itmfilters.com\/fr\/lentreprise\/qui-sommes-nous\/\" \/>\n<meta property=\"og:site_name\" content=\"ITM Filters\" \/>\n<meta property=\"article:modified_time\" content=\"2021-09-30T07:11:40+00:00\" \/>\n<meta property=\"og:image\" content=\"https:\/\/itmfilters.com\/wp-content\/uploads\/2021\/06\/bg-header-quienes-somos.jpg\" \/>\n\t<meta property=\"og:image:width\" content=\"2560\" \/>\n\t<meta property=\"og:image:height\" content=\"1125\" \/>\n\t<meta property=\"og:image:type\" content=\"image\/jpeg\" \/>\n<meta name=\"twitter:card\" content=\"summary_large_image\" \/>\n<meta name=\"twitter:label1\" content=\"Dur\u00e9e de lecture estim\u00e9e\" \/>\n\t<meta name=\"twitter:data1\" content=\"1 minute\" \/>\n<script type=\"application\/ld+json\" class=\"yoast-schema-graph\">{\"@context\":\"https:\/\/schema.org\",\"@graph\":[{\"@type\":\"WebPage\",\"@id\":\"https:\/\/itmfilters.com\/fr\/lentreprise\/qui-sommes-nous\/\",\"url\":\"https:\/\/itmfilters.com\/fr\/lentreprise\/qui-sommes-nous\/\",\"name\":\"Qui sommes-nous ? | ITM Filters\",\"isPartOf\":{\"@id\":\"https:\/\/itmfilters.com\/en\/#website\"},\"datePublished\":\"2021-06-09T09:25:13+00:00\",\"dateModified\":\"2021-09-30T07:11:40+00:00\",\"breadcrumb\":{\"@id\":\"https:\/\/itmfilters.com\/fr\/lentreprise\/qui-sommes-nous\/#breadcrumb\"},\"inLanguage\":\"fr-FR\",\"potentialAction\":[{\"@type\":\"ReadAction\",\"target\":[\"https:\/\/itmfilters.com\/fr\/lentreprise\/qui-sommes-nous\/\"]}]},{\"@type\":\"BreadcrumbList\",\"@id\":\"https:\/\/itmfilters.com\/fr\/lentreprise\/qui-sommes-nous\/#breadcrumb\",\"itemListElement\":[{\"@type\":\"ListItem\",\"position\":1,\"name\":\"Portada\",\"item\":\"https:\/\/itmfilters.com\/\"},{\"@type\":\"ListItem\",\"position\":2,\"name\":\"L\u2019entreprise\",\"item\":\"https:\/\/itmfilters.com\/fr\/lentreprise\/\"},{\"@type\":\"ListItem\",\"position\":3,\"name\":\"Qui sommes-nous ?\"}]},{\"@type\":\"WebSite\",\"@id\":\"https:\/\/itmfilters.com\/en\/#website\",\"url\":\"https:\/\/itmfilters.com\/en\/\",\"name\":\"ITM Filters\",\"description\":\"Water Solutions\",\"publisher\":{\"@id\":\"https:\/\/itmfilters.com\/en\/#organization\"},\"potentialAction\":[{\"@type\":\"SearchAction\",\"target\":{\"@type\":\"EntryPoint\",\"urlTemplate\":\"https:\/\/itmfilters.com\/en\/?s={search_term_string}\"},\"query-input\":\"required name=search_term_string\"}],\"inLanguage\":\"fr-FR\"},{\"@type\":\"Organization\",\"@id\":\"https:\/\/itmfilters.com\/en\/#organization\",\"name\":\"ITM Filters\",\"url\":\"https:\/\/itmfilters.com\/en\/\",\"logo\":{\"@type\":\"ImageObject\",\"inLanguage\":\"fr-FR\",\"@id\":\"https:\/\/itmfilters.com\/en\/#\/schema\/logo\/image\/\",\"url\":\"https:\/\/itmfilters.com\/wp-content\/uploads\/2021\/06\/icon-itm.png\",\"contentUrl\":\"https:\/\/itmfilters.com\/wp-content\/uploads\/2021\/06\/icon-itm.png\",\"width\":270,\"height\":270,\"caption\":\"ITM Filters\"},\"image\":{\"@id\":\"https:\/\/itmfilters.com\/en\/#\/schema\/logo\/image\/\"},\"sameAs\":[\"https:\/\/www.instagram.com\/itm_filters\/\",\"https:\/\/www.linkedin.com\/company\/itm-filters\/\",\"https:\/\/www.youtube.com\/channel\/UCflfBtWjNFoLkb2RlG3ZaXA\"]}]}<\/script>\n<!-- \/ Yoast SEO plugin. -->","yoast_head_json":{"title":"Qui sommes-nous ? | ITM Filters","robots":{"index":"index","follow":"follow","max-snippet":"max-snippet:-1","max-image-preview":"max-image-preview:large","max-video-preview":"max-video-preview:-1"},"canonical":"https:\/\/itmfilters.com\/fr\/lentreprise\/qui-sommes-nous\/","og_locale":"fr_FR","og_type":"article","og_title":"Qui sommes-nous ? | ITM Filters","og_description":"Chez ITM FILTERS, nous nous consacrons \u00e0 la conception et \u00e0 la fabrication de solutions de filtration pour les eaux de proc\u00e9d\u00e9s et les applications dans les secteurs de l&rsquo;irrigation, de l&rsquo;industrie, des municipalit\u00e9s et de l&rsquo;environnement. Chez ITM FILTERS, nous nous consacrons \u00e0 la conception et \u00e0 la fabrication de solutions de filtration pour &hellip; Qui sommes-nous ? Lire la suite\u00a0\u00bb","og_url":"https:\/\/itmfilters.com\/fr\/lentreprise\/qui-sommes-nous\/","og_site_name":"ITM Filters","article_modified_time":"2021-09-30T07:11:40+00:00","og_image":[{"width":2560,"height":1125,"url":"https:\/\/itmfilters.com\/wp-content\/uploads\/2021\/06\/bg-header-quienes-somos.jpg","type":"image\/jpeg"}],"twitter_card":"summary_large_image","twitter_misc":{"Dur\u00e9e de lecture estim\u00e9e":"1 minute"},"schema":{"@context":"https:\/\/schema.org","@graph":[{"@type":"WebPage","@id":"https:\/\/itmfilters.com\/fr\/lentreprise\/qui-sommes-nous\/","url":"https:\/\/itmfilters.com\/fr\/lentreprise\/qui-sommes-nous\/","name":"Qui sommes-nous ? | ITM Filters","isPartOf":{"@id":"https:\/\/itmfilters.com\/en\/#website"},"datePublished":"2021-06-09T09:25:13+00:00","dateModified":"2021-09-30T07:11:40+00:00","breadcrumb":{"@id":"https:\/\/itmfilters.com\/fr\/lentreprise\/qui-sommes-nous\/#breadcrumb"},"inLanguage":"fr-FR","potentialAction":[{"@type":"ReadAction","target":["https:\/\/itmfilters.com\/fr\/lentreprise\/qui-sommes-nous\/"]}]},{"@type":"BreadcrumbList","@id":"https:\/\/itmfilters.com\/fr\/lentreprise\/qui-sommes-nous\/#breadcrumb","itemListElement":[{"@type":"ListItem","position":1,"name":"Portada","item":"https:\/\/itmfilters.com\/"},{"@type":"ListItem","position":2,"name":"L\u2019entreprise","item":"https:\/\/itmfilters.com\/fr\/lentreprise\/"},{"@type":"ListItem","position":3,"name":"Qui sommes-nous ?"}]},{"@type":"WebSite","@id":"https:\/\/itmfilters.com\/en\/#website","url":"https:\/\/itmfilters.com\/en\/","name":"ITM Filters","description":"Water Solutions","publisher":{"@id":"https:\/\/itmfilters.com\/en\/#organization"},"potentialAction":[{"@type":"SearchAction","target":{"@type":"EntryPoint","urlTemplate":"https:\/\/itmfilters.com\/en\/?s={search_term_string}"},"query-input":"required name=search_term_string"}],"inLanguage":"fr-FR"},{"@type":"Organization","@id":"https:\/\/itmfilters.com\/en\/#organization","name":"ITM Filters","url":"https:\/\/itmfilters.com\/en\/","logo":{"@type":"ImageObject","inLanguage":"fr-FR","@id":"https:\/\/itmfilters.com\/en\/#\/schema\/logo\/image\/","url":"https:\/\/itmfilters.com\/wp-content\/uploads\/2021\/06\/icon-itm.png","contentUrl":"https:\/\/itmfilters.com\/wp-content\/uploads\/2021\/06\/icon-itm.png","width":270,"height":270,"caption":"ITM Filters"},"image":{"@id":"https:\/\/itmfilters.com\/en\/#\/schema\/logo\/image\/"},"sameAs":["https:\/\/www.instagram.com\/itm_filters\/","https:\/\/www.linkedin.com\/company\/itm-filters\/","https:\/\/www.youtube.com\/channel\/UCflfBtWjNFoLkb2RlG3ZaXA"]}]}},"_links":{"self":[{"href":"https:\/\/itmfilters.com\/fr\/wp-json\/wp\/v2\/pages\/3217"}],"collection":[{"href":"https:\/\/itmfilters.com\/fr\/wp-json\/wp\/v2\/pages"}],"about":[{"href":"https:\/\/itmfilters.com\/fr\/wp-json\/wp\/v2\/types\/page"}],"author":[{"embeddable":true,"href":"https:\/\/itmfilters.com\/fr\/wp-json\/wp\/v2\/users\/2"}],"replies":[{"embeddable":true,"href":"https:\/\/itmfilters.com\/fr\/wp-json\/wp\/v2\/comments?post=3217"}],"version-history":[{"count":3,"href":"https:\/\/itmfilters.com\/fr\/wp-json\/wp\/v2\/pages\/3217\/revisions"}],"predecessor-version":[{"id":3357,"href":"https:\/\/itmfilters.com\/fr\/wp-json\/wp\/v2\/pages\/3217\/revisions\/3357"}],"up":[{"embeddable":true,"href":"https:\/\/itmfilters.com\/fr\/wp-json\/wp\/v2\/pages\/3207"}],"wp:featuredmedia":[{"embeddable":true,"href":"https:\/\/itmfilters.com\/fr\/wp-json\/wp\/v2\/media\/2088"}],"wp:attachment":[{"href":"https:\/\/itmfilters.com\/fr\/wp-json\/wp\/v2\/media?parent=3217"}],"curies":[{"name":"wp","href":"https:\/\/api.w.org\/{rel}","templated":true}]}}