{"id":3209,"date":"2021-06-01T17:22:14","date_gmt":"2021-06-01T15:22:14","guid":{"rendered":"https:\/\/itmfilters.com\/politiques-dentreprise\/"},"modified":"2023-04-06T20:15:15","modified_gmt":"2023-04-06T18:15:15","slug":"politiques-dentreprise","status":"publish","type":"page","link":"https:\/\/itmfilters.com\/fr\/politiques-dentreprise\/","title":{"rendered":"Politiques d\u2019entreprise"},"content":{"rendered":"\t\t<div data-elementor-type=\"wp-page\" data-elementor-id=\"3209\" class=\"elementor elementor-3209 elementor-76\">\n\t\t\t\t\t\t\t\t\t<section class=\"elementor-section elementor-top-section elementor-element elementor-element-8fc73b6 seccion-valores elementor-section-content-top elementor-section-boxed elementor-section-height-default elementor-section-height-default\" data-id=\"8fc73b6\" data-element_type=\"section\" data-settings=\"{&quot;background_background&quot;:&quot;classic&quot;}\">\n\t\t\t\t\t\t\t<div class=\"elementor-background-overlay\"><\/div>\n\t\t\t\t\t\t\t<div class=\"elementor-container elementor-column-gap-default\">\n\t\t\t\t\t<div class=\"elementor-column elementor-col-100 elementor-top-column elementor-element elementor-element-fe0ff79\" data-id=\"fe0ff79\" data-element_type=\"column\" data-settings=\"{&quot;background_background&quot;:&quot;classic&quot;}\">\n\t\t\t<div class=\"elementor-widget-wrap elementor-element-populated\">\n\t\t\t\t\t\t\t\t<section class=\"elementor-section elementor-inner-section elementor-element elementor-element-b6c7c49 elementor-section-boxed elementor-section-height-default elementor-section-height-default\" data-id=\"b6c7c49\" data-element_type=\"section\">\n\t\t\t\t\t\t<div class=\"elementor-container elementor-column-gap-default\">\n\t\t\t\t\t<div class=\"elementor-column elementor-col-50 elementor-inner-column elementor-element elementor-element-805bcaf\" data-id=\"805bcaf\" data-element_type=\"column\" data-settings=\"{&quot;background_background&quot;:&quot;classic&quot;}\">\n\t\t\t<div class=\"elementor-widget-wrap elementor-element-populated\">\n\t\t\t\t\t<div class=\"elementor-background-overlay\"><\/div>\n\t\t\t\t\t\t\t\t<div class=\"elementor-element elementor-element-7bc7605 elementor-widget elementor-widget-image\" data-id=\"7bc7605\" data-element_type=\"widget\" data-widget_type=\"image.default\">\n\t\t\t\t<div class=\"elementor-widget-container\">\n\t\t\t\t\t\t\t\t\t\t\t\t\t\t\t<img decoding=\"async\" width=\"177\" height=\"176\" src=\"https:\/\/itmfilters.com\/wp-content\/uploads\/2021\/06\/ico-sig.png\" class=\"attachment-large size-large wp-image-2130\" alt=\"\" loading=\"lazy\" srcset=\"https:\/\/itmfilters.com\/wp-content\/uploads\/2021\/06\/ico-sig.png 177w, https:\/\/itmfilters.com\/wp-content\/uploads\/2021\/06\/ico-sig-150x150.png 150w\" sizes=\"(max-width: 177px) 100vw, 177px\" \/>\t\t\t\t\t\t\t\t\t\t\t\t\t\t\t<\/div>\n\t\t\t\t<\/div>\n\t\t\t\t<div class=\"elementor-element elementor-element-7a7a20d elementor-widget elementor-widget-heading\" data-id=\"7a7a20d\" data-element_type=\"widget\" data-widget_type=\"heading.default\">\n\t\t\t\t<div class=\"elementor-widget-container\">\n\t\t\t<h3 class=\"elementor-heading-title elementor-size-default\">Syst\u00e8me de gestion int\u00e9gr\u00e9<\/h3>\t\t<\/div>\n\t\t\t\t<\/div>\n\t\t\t\t<div class=\"elementor-element elementor-element-58392ca elementor-widget elementor-widget-heading\" data-id=\"58392ca\" data-element_type=\"widget\" data-widget_type=\"heading.default\">\n\t\t\t\t<div class=\"elementor-widget-container\">\n\t\t\t<h3 class=\"elementor-heading-title elementor-size-default\">SIG<\/h3>\t\t<\/div>\n\t\t\t\t<\/div>\n\t\t\t\t<div class=\"elementor-element elementor-element-1442761 elementor-align-justify elementor-tablet-align-center elementor-widget__width-initial elementor-widget elementor-widget-button\" data-id=\"1442761\" data-element_type=\"widget\" data-widget_type=\"button.default\">\n\t\t\t\t<div class=\"elementor-widget-container\">\n\t\t\t\t\t<div class=\"elementor-button-wrapper\">\n\t\t\t<a href=\"https:\/\/itmfilters.com\/politicas-de-empresa\/sistema-integrado-de-gestion-sig\/\" class=\"elementor-button-link elementor-button elementor-size-xl\" role=\"button\">\n\t\t\t\t\t\t<span class=\"elementor-button-content-wrapper\">\n\t\t\t\t\t\t<span class=\"elementor-button-text\">Voir plus<\/span>\n\t\t<\/span>\n\t\t\t\t\t<\/a>\n\t\t<\/div>\n\t\t\t\t<\/div>\n\t\t\t\t<\/div>\n\t\t\t\t\t<\/div>\n\t\t<\/div>\n\t\t\t\t<div class=\"elementor-column elementor-col-50 elementor-inner-column elementor-element elementor-element-8b453f5\" data-id=\"8b453f5\" data-element_type=\"column\" data-settings=\"{&quot;background_background&quot;:&quot;classic&quot;}\">\n\t\t\t<div class=\"elementor-widget-wrap elementor-element-populated\">\n\t\t\t\t\t<div class=\"elementor-background-overlay\"><\/div>\n\t\t\t\t\t\t\t\t<div class=\"elementor-element elementor-element-d410755 elementor-widget elementor-widget-image\" data-id=\"d410755\" data-element_type=\"widget\" data-widget_type=\"image.default\">\n\t\t\t\t<div class=\"elementor-widget-container\">\n\t\t\t\t\t\t\t\t\t\t\t\t\t\t\t<img decoding=\"async\" width=\"177\" height=\"176\" src=\"https:\/\/itmfilters.com\/wp-content\/uploads\/2021\/06\/ico-calidad.png\" class=\"attachment-large size-large wp-image-2124\" alt=\"\" loading=\"lazy\" srcset=\"https:\/\/itmfilters.com\/wp-content\/uploads\/2021\/06\/ico-calidad.png 177w, https:\/\/itmfilters.com\/wp-content\/uploads\/2021\/06\/ico-calidad-150x150.png 150w\" sizes=\"(max-width: 177px) 100vw, 177px\" \/>\t\t\t\t\t\t\t\t\t\t\t\t\t\t\t<\/div>\n\t\t\t\t<\/div>\n\t\t\t\t<div class=\"elementor-element elementor-element-770705c elementor-widget elementor-widget-heading\" data-id=\"770705c\" data-element_type=\"widget\" data-widget_type=\"heading.default\">\n\t\t\t\t<div class=\"elementor-widget-container\">\n\t\t\t<h3 class=\"elementor-heading-title elementor-size-default\">QUALIT\u00c9<\/h3>\t\t<\/div>\n\t\t\t\t<\/div>\n\t\t\t\t<div class=\"elementor-element elementor-element-3e127fe elementor-widget elementor-widget-heading\" data-id=\"3e127fe\" data-element_type=\"widget\" data-widget_type=\"heading.default\">\n\t\t\t\t<div class=\"elementor-widget-container\">\n\t\t\t<h3 class=\"elementor-heading-title elementor-size-default\">ISO 9001<\/h3>\t\t<\/div>\n\t\t\t\t<\/div>\n\t\t\t\t<div class=\"elementor-element elementor-element-18ba786 elementor-align-justify elementor-tablet-align-center elementor-widget__width-initial elementor-widget elementor-widget-button\" data-id=\"18ba786\" data-element_type=\"widget\" data-widget_type=\"button.default\">\n\t\t\t\t<div class=\"elementor-widget-container\">\n\t\t\t\t\t<div class=\"elementor-button-wrapper\">\n\t\t\t<a href=\"https:\/\/itmfilters.com\/politicas-de-empresa\/calidad-iso-9001\/\" class=\"elementor-button-link elementor-button elementor-size-xl\" role=\"button\">\n\t\t\t\t\t\t<span class=\"elementor-button-content-wrapper\">\n\t\t\t\t\t\t<span class=\"elementor-button-text\">Voir plus<\/span>\n\t\t<\/span>\n\t\t\t\t\t<\/a>\n\t\t<\/div>\n\t\t\t\t<\/div>\n\t\t\t\t<\/div>\n\t\t\t\t\t<\/div>\n\t\t<\/div>\n\t\t\t\t\t\t\t<\/div>\n\t\t<\/section>\n\t\t\t\t<section class=\"elementor-section elementor-inner-section elementor-element elementor-element-f06656d elementor-section-boxed elementor-section-height-default elementor-section-height-default\" data-id=\"f06656d\" data-element_type=\"section\">\n\t\t\t\t\t\t<div class=\"elementor-container elementor-column-gap-default\">\n\t\t\t\t\t<div class=\"elementor-column elementor-col-50 elementor-inner-column elementor-element elementor-element-9cfafbb\" data-id=\"9cfafbb\" data-element_type=\"column\" data-settings=\"{&quot;background_background&quot;:&quot;classic&quot;}\">\n\t\t\t<div class=\"elementor-widget-wrap elementor-element-populated\">\n\t\t\t\t\t<div class=\"elementor-background-overlay\"><\/div>\n\t\t\t\t\t\t\t\t<div class=\"elementor-element elementor-element-3d73352 elementor-widget elementor-widget-image\" data-id=\"3d73352\" data-element_type=\"widget\" data-widget_type=\"image.default\">\n\t\t\t\t<div class=\"elementor-widget-container\">\n\t\t\t\t\t\t\t\t\t\t\t\t\t\t\t<img decoding=\"async\" width=\"176\" height=\"177\" src=\"https:\/\/itmfilters.com\/wp-content\/uploads\/2021\/06\/ico-prevencion.png\" class=\"attachment-large size-large wp-image-2128\" alt=\"\" loading=\"lazy\" srcset=\"https:\/\/itmfilters.com\/wp-content\/uploads\/2021\/06\/ico-prevencion.png 176w, https:\/\/itmfilters.com\/wp-content\/uploads\/2021\/06\/ico-prevencion-150x150.png 150w\" sizes=\"(max-width: 176px) 100vw, 176px\" \/>\t\t\t\t\t\t\t\t\t\t\t\t\t\t\t<\/div>\n\t\t\t\t<\/div>\n\t\t\t\t<div class=\"elementor-element elementor-element-42a85b0 elementor-widget elementor-widget-heading\" data-id=\"42a85b0\" data-element_type=\"widget\" data-widget_type=\"heading.default\">\n\t\t\t\t<div class=\"elementor-widget-container\">\n\t\t\t<h3 class=\"elementor-heading-title elementor-size-default\">PR\u00c9VENTION<\/h3>\t\t<\/div>\n\t\t\t\t<\/div>\n\t\t\t\t<div class=\"elementor-element elementor-element-3faa061 elementor-widget elementor-widget-heading\" data-id=\"3faa061\" data-element_type=\"widget\" data-widget_type=\"heading.default\">\n\t\t\t\t<div class=\"elementor-widget-container\">\n\t\t\t<h3 class=\"elementor-heading-title elementor-size-default\">ISO 45001<\/h3>\t\t<\/div>\n\t\t\t\t<\/div>\n\t\t\t\t<div class=\"elementor-element elementor-element-c64010a elementor-align-justify elementor-tablet-align-center elementor-widget__width-initial elementor-widget elementor-widget-button\" data-id=\"c64010a\" data-element_type=\"widget\" data-widget_type=\"button.default\">\n\t\t\t\t<div class=\"elementor-widget-container\">\n\t\t\t\t\t<div class=\"elementor-button-wrapper\">\n\t\t\t<a href=\"https:\/\/itmfilters.com\/politicas-de-empresa\/prevencion-iso-45001\/\" class=\"elementor-button-link elementor-button elementor-size-xl\" role=\"button\">\n\t\t\t\t\t\t<span class=\"elementor-button-content-wrapper\">\n\t\t\t\t\t\t<span class=\"elementor-button-text\">Voir plus<\/span>\n\t\t<\/span>\n\t\t\t\t\t<\/a>\n\t\t<\/div>\n\t\t\t\t<\/div>\n\t\t\t\t<\/div>\n\t\t\t\t\t<\/div>\n\t\t<\/div>\n\t\t\t\t<div class=\"elementor-column elementor-col-50 elementor-inner-column elementor-element elementor-element-b195238\" data-id=\"b195238\" data-element_type=\"column\" data-settings=\"{&quot;background_background&quot;:&quot;classic&quot;}\">\n\t\t\t<div class=\"elementor-widget-wrap elementor-element-populated\">\n\t\t\t\t\t<div class=\"elementor-background-overlay\"><\/div>\n\t\t\t\t\t\t\t\t<div class=\"elementor-element elementor-element-855d305 elementor-widget elementor-widget-image\" data-id=\"855d305\" data-element_type=\"widget\" data-widget_type=\"image.default\">\n\t\t\t\t<div class=\"elementor-widget-container\">\n\t\t\t\t\t\t\t\t\t\t\t\t\t\t\t<img decoding=\"async\" width=\"177\" height=\"176\" src=\"https:\/\/itmfilters.com\/wp-content\/uploads\/2021\/06\/ico-gestion-ambiental.png\" class=\"attachment-large size-large wp-image-2126\" alt=\"\" loading=\"lazy\" srcset=\"https:\/\/itmfilters.com\/wp-content\/uploads\/2021\/06\/ico-gestion-ambiental.png 177w, https:\/\/itmfilters.com\/wp-content\/uploads\/2021\/06\/ico-gestion-ambiental-150x150.png 150w\" sizes=\"(max-width: 177px) 100vw, 177px\" \/>\t\t\t\t\t\t\t\t\t\t\t\t\t\t\t<\/div>\n\t\t\t\t<\/div>\n\t\t\t\t<div class=\"elementor-element elementor-element-e9e1e81 elementor-widget elementor-widget-heading\" data-id=\"e9e1e81\" data-element_type=\"widget\" data-widget_type=\"heading.default\">\n\t\t\t\t<div class=\"elementor-widget-container\">\n\t\t\t<h3 class=\"elementor-heading-title elementor-size-default\">GESTION DE L'ENVIRONNEMENT<\/h3>\t\t<\/div>\n\t\t\t\t<\/div>\n\t\t\t\t<div class=\"elementor-element elementor-element-b13cde4 elementor-widget elementor-widget-heading\" data-id=\"b13cde4\" data-element_type=\"widget\" data-widget_type=\"heading.default\">\n\t\t\t\t<div class=\"elementor-widget-container\">\n\t\t\t<h3 class=\"elementor-heading-title elementor-size-default\">ISO 14001<\/h3>\t\t<\/div>\n\t\t\t\t<\/div>\n\t\t\t\t<div class=\"elementor-element elementor-element-7bcc708 elementor-align-justify elementor-tablet-align-center elementor-widget__width-initial elementor-widget elementor-widget-button\" data-id=\"7bcc708\" data-element_type=\"widget\" data-widget_type=\"button.default\">\n\t\t\t\t<div class=\"elementor-widget-container\">\n\t\t\t\t\t<div class=\"elementor-button-wrapper\">\n\t\t\t<a href=\"https:\/\/itmfilters.com\/politicas-de-empresa\/gestion-ambiental-iso-14001\/\" class=\"elementor-button-link elementor-button elementor-size-xl\" role=\"button\">\n\t\t\t\t\t\t<span class=\"elementor-button-content-wrapper\">\n\t\t\t\t\t\t<span class=\"elementor-button-text\">Voir plus<\/span>\n\t\t<\/span>\n\t\t\t\t\t<\/a>\n\t\t<\/div>\n\t\t\t\t<\/div>\n\t\t\t\t<\/div>\n\t\t\t\t\t<\/div>\n\t\t<\/div>\n\t\t\t\t\t\t\t<\/div>\n\t\t<\/section>\n\t\t\t\t\t<\/div>\n\t\t<\/div>\n\t\t\t\t\t\t\t<\/div>\n\t\t<\/section>\n\t\t\t\t\t\t\t<\/div>\n\t\t","protected":false},"excerpt":{"rendered":"<p>Syst\u00e8me de gestion int\u00e9gr\u00e9 SIG Voir plus QUALIT\u00c9 ISO 9001 Voir plus PR\u00c9VENTION ISO 45001 Voir plus GESTION DE L&rsquo;ENVIRONNEMENT ISO 14001 Voir plus<\/p>\n","protected":false},"author":2,"featured_media":0,"parent":0,"menu_order":0,"comment_status":"closed","ping_status":"closed","template":"","meta":{"site-sidebar-layout":"no-sidebar","site-content-layout":"page-builder","ast-global-header-display":"","ast-main-header-display":"","ast-hfb-above-header-display":"","ast-hfb-below-header-display":"","ast-hfb-mobile-header-display":"","site-post-title":"disabled","ast-breadcrumbs-content":"","ast-featured-img":"disabled","footer-sml-layout":"","theme-transparent-header-meta":"default","adv-header-id-meta":"","stick-header-meta":"","header-above-stick-meta":"","header-main-stick-meta":"","header-below-stick-meta":""},"yoast_head":"<!-- This site is optimized with the Yoast SEO plugin v20.9 - https:\/\/yoast.com\/wordpress\/plugins\/seo\/ -->\n<title>Politiques d\u2019entreprise | ITM Filters<\/title>\n<meta name=\"robots\" content=\"index, follow, max-snippet:-1, max-image-preview:large, max-video-preview:-1\" \/>\n<link rel=\"canonical\" href=\"https:\/\/itmfilters.com\/fr\/politiques-dentreprise\/\" \/>\n<meta property=\"og:locale\" content=\"fr_FR\" \/>\n<meta property=\"og:type\" content=\"article\" \/>\n<meta property=\"og:title\" content=\"Politiques d\u2019entreprise | ITM Filters\" \/>\n<meta property=\"og:description\" content=\"Syst\u00e8me de gestion int\u00e9gr\u00e9 SIG Voir plus QUALIT\u00c9 ISO 9001 Voir plus PR\u00c9VENTION ISO 45001 Voir plus GESTION DE L&rsquo;ENVIRONNEMENT ISO 14001 Voir plus\" \/>\n<meta property=\"og:url\" content=\"https:\/\/itmfilters.com\/fr\/politiques-dentreprise\/\" \/>\n<meta property=\"og:site_name\" content=\"ITM Filters\" \/>\n<meta property=\"article:modified_time\" content=\"2023-04-06T18:15:15+00:00\" \/>\n<meta property=\"og:image\" content=\"https:\/\/itmfilters.com\/wp-content\/uploads\/2021\/06\/ico-sig.png\" \/>\n<meta name=\"twitter:card\" content=\"summary_large_image\" \/>\n<meta name=\"twitter:label1\" content=\"Dur\u00e9e de lecture estim\u00e9e\" \/>\n\t<meta name=\"twitter:data1\" content=\"1 minute\" \/>\n<script type=\"application\/ld+json\" class=\"yoast-schema-graph\">{\"@context\":\"https:\/\/schema.org\",\"@graph\":[{\"@type\":\"WebPage\",\"@id\":\"https:\/\/itmfilters.com\/fr\/politiques-dentreprise\/\",\"url\":\"https:\/\/itmfilters.com\/fr\/politiques-dentreprise\/\",\"name\":\"Politiques d\u2019entreprise | ITM Filters\",\"isPartOf\":{\"@id\":\"https:\/\/itmfilters.com\/en\/#website\"},\"datePublished\":\"2021-06-01T15:22:14+00:00\",\"dateModified\":\"2023-04-06T18:15:15+00:00\",\"breadcrumb\":{\"@id\":\"https:\/\/itmfilters.com\/fr\/politiques-dentreprise\/#breadcrumb\"},\"inLanguage\":\"fr-FR\",\"potentialAction\":[{\"@type\":\"ReadAction\",\"target\":[\"https:\/\/itmfilters.com\/fr\/politiques-dentreprise\/\"]}]},{\"@type\":\"BreadcrumbList\",\"@id\":\"https:\/\/itmfilters.com\/fr\/politiques-dentreprise\/#breadcrumb\",\"itemListElement\":[{\"@type\":\"ListItem\",\"position\":1,\"name\":\"Portada\",\"item\":\"https:\/\/itmfilters.com\/\"},{\"@type\":\"ListItem\",\"position\":2,\"name\":\"Politiques d\u2019entreprise\"}]},{\"@type\":\"WebSite\",\"@id\":\"https:\/\/itmfilters.com\/en\/#website\",\"url\":\"https:\/\/itmfilters.com\/en\/\",\"name\":\"ITM Filters\",\"description\":\"Water Solutions\",\"publisher\":{\"@id\":\"https:\/\/itmfilters.com\/en\/#organization\"},\"potentialAction\":[{\"@type\":\"SearchAction\",\"target\":{\"@type\":\"EntryPoint\",\"urlTemplate\":\"https:\/\/itmfilters.com\/en\/?s={search_term_string}\"},\"query-input\":\"required name=search_term_string\"}],\"inLanguage\":\"fr-FR\"},{\"@type\":\"Organization\",\"@id\":\"https:\/\/itmfilters.com\/en\/#organization\",\"name\":\"ITM Filters\",\"url\":\"https:\/\/itmfilters.com\/en\/\",\"logo\":{\"@type\":\"ImageObject\",\"inLanguage\":\"fr-FR\",\"@id\":\"https:\/\/itmfilters.com\/en\/#\/schema\/logo\/image\/\",\"url\":\"https:\/\/itmfilters.com\/wp-content\/uploads\/2021\/06\/icon-itm.png\",\"contentUrl\":\"https:\/\/itmfilters.com\/wp-content\/uploads\/2021\/06\/icon-itm.png\",\"width\":270,\"height\":270,\"caption\":\"ITM Filters\"},\"image\":{\"@id\":\"https:\/\/itmfilters.com\/en\/#\/schema\/logo\/image\/\"},\"sameAs\":[\"https:\/\/www.instagram.com\/itm_filters\/\",\"https:\/\/www.linkedin.com\/company\/itm-filters\/\",\"https:\/\/www.youtube.com\/channel\/UCflfBtWjNFoLkb2RlG3ZaXA\"]}]}<\/script>\n<!-- \/ Yoast SEO plugin. -->","yoast_head_json":{"title":"Politiques d\u2019entreprise | ITM Filters","robots":{"index":"index","follow":"follow","max-snippet":"max-snippet:-1","max-image-preview":"max-image-preview:large","max-video-preview":"max-video-preview:-1"},"canonical":"https:\/\/itmfilters.com\/fr\/politiques-dentreprise\/","og_locale":"fr_FR","og_type":"article","og_title":"Politiques d\u2019entreprise | ITM Filters","og_description":"Syst\u00e8me de gestion int\u00e9gr\u00e9 SIG Voir plus QUALIT\u00c9 ISO 9001 Voir plus PR\u00c9VENTION ISO 45001 Voir plus GESTION DE L&rsquo;ENVIRONNEMENT ISO 14001 Voir plus","og_url":"https:\/\/itmfilters.com\/fr\/politiques-dentreprise\/","og_site_name":"ITM Filters","article_modified_time":"2023-04-06T18:15:15+00:00","og_image":[{"url":"https:\/\/itmfilters.com\/wp-content\/uploads\/2021\/06\/ico-sig.png"}],"twitter_card":"summary_large_image","twitter_misc":{"Dur\u00e9e de lecture estim\u00e9e":"1 minute"},"schema":{"@context":"https:\/\/schema.org","@graph":[{"@type":"WebPage","@id":"https:\/\/itmfilters.com\/fr\/politiques-dentreprise\/","url":"https:\/\/itmfilters.com\/fr\/politiques-dentreprise\/","name":"Politiques d\u2019entreprise | ITM Filters","isPartOf":{"@id":"https:\/\/itmfilters.com\/en\/#website"},"datePublished":"2021-06-01T15:22:14+00:00","dateModified":"2023-04-06T18:15:15+00:00","breadcrumb":{"@id":"https:\/\/itmfilters.com\/fr\/politiques-dentreprise\/#breadcrumb"},"inLanguage":"fr-FR","potentialAction":[{"@type":"ReadAction","target":["https:\/\/itmfilters.com\/fr\/politiques-dentreprise\/"]}]},{"@type":"BreadcrumbList","@id":"https:\/\/itmfilters.com\/fr\/politiques-dentreprise\/#breadcrumb","itemListElement":[{"@type":"ListItem","position":1,"name":"Portada","item":"https:\/\/itmfilters.com\/"},{"@type":"ListItem","position":2,"name":"Politiques d\u2019entreprise"}]},{"@type":"WebSite","@id":"https:\/\/itmfilters.com\/en\/#website","url":"https:\/\/itmfilters.com\/en\/","name":"ITM Filters","description":"Water Solutions","publisher":{"@id":"https:\/\/itmfilters.com\/en\/#organization"},"potentialAction":[{"@type":"SearchAction","target":{"@type":"EntryPoint","urlTemplate":"https:\/\/itmfilters.com\/en\/?s={search_term_string}"},"query-input":"required name=search_term_string"}],"inLanguage":"fr-FR"},{"@type":"Organization","@id":"https:\/\/itmfilters.com\/en\/#organization","name":"ITM Filters","url":"https:\/\/itmfilters.com\/en\/","logo":{"@type":"ImageObject","inLanguage":"fr-FR","@id":"https:\/\/itmfilters.com\/en\/#\/schema\/logo\/image\/","url":"https:\/\/itmfilters.com\/wp-content\/uploads\/2021\/06\/icon-itm.png","contentUrl":"https:\/\/itmfilters.com\/wp-content\/uploads\/2021\/06\/icon-itm.png","width":270,"height":270,"caption":"ITM Filters"},"image":{"@id":"https:\/\/itmfilters.com\/en\/#\/schema\/logo\/image\/"},"sameAs":["https:\/\/www.instagram.com\/itm_filters\/","https:\/\/www.linkedin.com\/company\/itm-filters\/","https:\/\/www.youtube.com\/channel\/UCflfBtWjNFoLkb2RlG3ZaXA"]}]}},"_links":{"self":[{"href":"https:\/\/itmfilters.com\/fr\/wp-json\/wp\/v2\/pages\/3209"}],"collection":[{"href":"https:\/\/itmfilters.com\/fr\/wp-json\/wp\/v2\/pages"}],"about":[{"href":"https:\/\/itmfilters.com\/fr\/wp-json\/wp\/v2\/types\/page"}],"author":[{"embeddable":true,"href":"https:\/\/itmfilters.com\/fr\/wp-json\/wp\/v2\/users\/2"}],"replies":[{"embeddable":true,"href":"https:\/\/itmfilters.com\/fr\/wp-json\/wp\/v2\/comments?post=3209"}],"version-history":[{"count":4,"href":"https:\/\/itmfilters.com\/fr\/wp-json\/wp\/v2\/pages\/3209\/revisions"}],"predecessor-version":[{"id":5917,"href":"https:\/\/itmfilters.com\/fr\/wp-json\/wp\/v2\/pages\/3209\/revisions\/5917"}],"wp:attachment":[{"href":"https:\/\/itmfilters.com\/fr\/wp-json\/wp\/v2\/media?parent=3209"}],"curies":[{"name":"wp","href":"https:\/\/api.w.org\/{rel}","templated":true}]}}